{"id":3579,"date":"2025-09-09T13:35:30","date_gmt":"2025-09-09T13:35:30","guid":{"rendered":"https:\/\/www.thompsoninjurylaw.com\/es\/?page_id=3579"},"modified":"2025-09-09T13:35:31","modified_gmt":"2025-09-09T13:35:31","slug":"san-diego","status":"publish","type":"page","link":"https:\/\/www.thompsoninjurylaw.com\/es\/areas-de-servicio\/san-diego\/","title":{"rendered":"Abogado de Moho T\u00f3xico y Riesgos Ambientales en San Diego"},"content":{"rendered":"\n<p>San Diego es una ciudad vibrante ubicada en la costa sur de California. Aunque el \u00e1rea es id\u00edlica en muchas formas, los riesgos ambientales y peligros a\u00fan existen. Hable con un abogado experimentado en ley ambiental en Thompson Injury Law si se ha enfermado debido a un riesgo ambiental en San Diego, CA.<\/p>\n\n\n\n<p>La mayor\u00eda de los residentes de San Diego valoran la salud y el bienestar, con muchos llevando estilos de vida activos y saludables. La ciudad tambi\u00e9n es hogar de una pr\u00f3spera industria tecnol\u00f3gica y un fuerte enfoque en la sostenibilidad e iniciativas ecol\u00f3gicas. Sin embargo, algunos due\u00f1os de propiedades no cumplen con su deber de cuidado a residentes y visitantes.<\/p>\n\n\n\n<p>Si usted o un ser querido ha sufrido una lesi\u00f3n o enfermedad debido a un riesgo ambiental en la propiedad de otra persona, usted puede tener bases para un reclamo ambiental v\u00e1lido.<\/p>\n\n\n\n<p>Afortunadamente, el equipo conocedor de Thompson Injury Law tiene las habilidades y experiencia para luchar por nuestros clientes efectivamente.<\/p>\n\n\n\n<h2 class=\"wp-block-heading\">Ejemplos de Riesgos Ambientales en San Diego<\/h2>\n\n\n\n<p>Muchos tipos diferentes de riesgos ambientales pueden resultar en lesiones o enfermedades. Sin importar el tipo de riesgo que le caus\u00f3 da\u00f1o, usted merece justicia.<\/p>\n\n\n\n<p>Nuestros abogados de juicio ambiental tienen un conocimiento completo de casos relacionados a:<\/p>\n\n\n\n<ul class=\"wp-block-list\">\n<li><strong>Exposici\u00f3n al moho t\u00f3xico <\/strong><\/li>\n\n\n\n<li><strong>Envenenamiento por plomo <\/strong><\/li>\n\n\n\n<li>Enfermedad de los Legionarios <\/li>\n\n\n\n<li>Exposici\u00f3n al asbesto \u2013 mesotelioma<\/li>\n\n\n\n<li>Infestaciones de cucarachas, chinches u otras plagas<\/li>\n\n\n\n<li><strong>Envenenamiento por mon\u00f3xido de carbono<\/strong><\/li>\n<\/ul>\n\n\n\n<p>Los reclamos de riesgos ambientales involucran muchas circunstancias y hechos complejos. Los problemas cient\u00edficos, legales y m\u00e9dicos involucrados en estos casos son altamente complicados.<\/p>\n\n\n\n<p>Por esta raz\u00f3n, usted deber\u00eda asegurar los servicios de un profesional experimentado. Los abogados de ley ambiental h\u00e1biles en Thompson Injury Law saben c\u00f3mo luchar por personas batallan contra grandes corporaciones.<\/p>\n\n\n\n<p>Las v\u00edctimas de riesgos ambientales no deber\u00edan quedarse con los costos y p\u00e9rdidas que otra parte caus\u00f3. Por eso el equipo legal compasivo de Thompson Injury Law ha luchado por la gente de San Diego desde nuestra fundaci\u00f3n en 1976.<\/p>\n\n\n\n<h2 class=\"wp-block-heading\">Casos de Exposici\u00f3n al Moho<\/h2>\n\n\n\n<p>Varios tipos de mohos t\u00f3xicos crecen en casas, edificios de apartamentos y otras residencias. Aunque la mayor\u00eda de los mohos no presentan un riesgo para los humanos, algunos s\u00ed. Por ejemplo, la exposici\u00f3n al &#8220;moho negro&#8221; puede resultar en complicaciones de salud serias y duraderas. Algunos de los <strong>s\u00edntomas m\u00e1s comunes <\/strong>de exposici\u00f3n al moho negro incluyen:<\/p>\n\n\n\n<ul class=\"wp-block-list\">\n<li>Sangrado nasal<\/li>\n\n\n\n<li>Dolores de cabeza persistentes <\/li>\n\n\n\n<li>Alergias<\/li>\n\n\n\n<li>Irritaci\u00f3n de la piel y sarpullidos <\/li>\n\n\n\n<li>Neumon\u00eda<\/li>\n\n\n\n<li>Da\u00f1o a los pulmones de las v\u00edctimas <\/li>\n\n\n\n<li>Da\u00f1o hep\u00e1tico<\/li>\n\n\n\n<li>Asma<\/li>\n<\/ul>\n\n\n\n<p>Si experimenta cualquiera de estas se\u00f1ales o s\u00edntomas, busque atenci\u00f3n m\u00e9dica inmediatamente. Luego, <strong>contacte nuestra oficina <\/strong>para explorar sus opciones legales.<\/p>\n\n\n\n<h2 class=\"wp-block-heading\">Reclamos contra Caseros Negligentes<\/h2>\n\n\n\n<p>Aunque la mayor\u00eda de los caseros de San Diego son responsables y toman la salud de sus inquilinos en serio, algunos son descuidados negligentemente. Estos due\u00f1os de propiedades irresponsables son a menudo llamados &#8220;caseros negligentes.&#8221;<\/p>\n\n\n\n<p>Si su casero le ha forzado a aceptar un est\u00e1ndar de vivienda irracionalmente pobre, podemos ayudar. Los abogados de ley ambiental en nuestro bufete saben c\u00f3mo hacer responsables a caseros negligentes por el da\u00f1o que causan a sus inquilinos.<\/p>\n\n\n\n<p>Todos los contratos de renta de California implican que la propiedad ser\u00e1 habitable. Los caseros que no abordan los siguientes problemas de vivienda pueden ser legalmente responsables por da\u00f1os:<\/p>\n\n\n\n<ul class=\"wp-block-list\">\n<li>Falta de agua corriente o caliente<\/li>\n\n\n\n<li>Infestaci\u00f3n de chinches, cucarachas o roedores <\/li>\n\n\n\n<li>Falta de detectores de humo<\/li>\n\n\n\n<li>Da\u00f1o estructural a paredes y techos <\/li>\n\n\n\n<li>Escaleras o barandales agrietados<\/li>\n\n\n\n<li>Falta de calefacci\u00f3n<\/li>\n\n\n\n<li>Goteras y otros problemas de plomer\u00eda <\/li>\n\n\n\n<li>Pinturas a base de plomo<\/li>\n\n\n\n<li>Presencia de humedad o mohos t\u00f3xicos <\/li>\n\n\n\n<li>Goteras de drenaje<\/li>\n<\/ul>\n\n\n\n<p>Muchos inquilinos sienten que no tienen poder para luchar contra caseros negligentes. Afortunadamente, los profesionales legales experimentados en Thompson Injury Law pueden ayudar. Cuando nos contrata, un abogado h\u00e1bil en riesgos ambientales trabajar\u00e1 incansablemente para proteger sus derechos de vivienda.<\/p>\n\n\n\n<h2 class=\"wp-block-heading\">Reclamos de Envenenamiento por Mon\u00f3xido de Carbono<\/h2>\n\n\n\n<p>Cuando las personas est\u00e1n expuestas al mon\u00f3xido de carbono, pueden sufrir enfermedades y lesiones catastr\u00f3ficas. Las fugas de mon\u00f3xido de carbono son particularmente peligrosas porque este gas mortal es inodoro e invisible.<\/p>\n\n\n\n<p>Los due\u00f1os de propiedades tienen una responsabilidad de proteger a inquilinos, arrendatarios y visitantes de fugas peligrosas de mon\u00f3xido de carbono. Los s\u00edntomas comunes de envenenamiento por mon\u00f3xido de carbono incluyen:<\/p>\n\n\n\n<ul class=\"wp-block-list\">\n<li>Debilidad <\/li>\n\n\n\n<li>N\u00e1usea y v\u00f3mito<\/li>\n\n\n\n<li>Dolor en el pecho <\/li>\n\n\n\n<li>Confusi\u00f3n<\/li>\n\n\n\n<li>Dolores de cabeza duraderos<\/li>\n<\/ul>\n\n\n\n<p>Dependiendo de las circunstancias de su caso, usted puede ser capaz de perseguir un reclamo exitoso de envenenamiento por mon\u00f3xido de carbono. Contacte nuestro bufete hoy si ha sufrido este tipo de enfermedad o lesi\u00f3n en San Diego.<\/p>\n\n\n\n<h2 class=\"wp-block-heading\">Casos de Envenenamiento por Plomo<\/h2>\n\n\n\n<p>El envenenamiento por plomo puede ocurrir en una variedad de situaciones. Aunque el uso de pintura a base de plomo ha sido ilegal desde finales de los a\u00f1os 1970s, muchas residencias a\u00fan contienen este material peligroso.<\/p>\n\n\n\n<p>Adem\u00e1s, las tuber\u00edas de agua m\u00e1s viejas pueden contener plomo. Con el tiempo, liberan part\u00edculas que causan envenenamiento por plomo. Tristemente, los ni\u00f1os son particularmente susceptibles a los efectos del envenenamiento por plomo.<\/p>\n\n\n\n<p>Usted tiene el derecho de saber si ha comprado o rentado una casa que contiene pintura a base de plomo. Cuando el descuido o negligencia de otra parte le caus\u00f3 sufrir envenenamiento por plomo, usted merece compensaci\u00f3n.<\/p>\n\n\n\n<h2 class=\"wp-block-heading\">Abogados de Riesgos Ambientales de San Diego en Thompson Injury Law<\/h2>\n\n\n\n<p>Cuando necesite representaci\u00f3n legal despu\u00e9s de una enfermedad o lesi\u00f3n ambiental, contacte nuestro bufete. El personal amigable de Thompson Injury Law programar\u00e1 una consulta para discutir los hechos de su caso. <strong>\u00a1Comun\u00edquese <\/strong>con nuestro equipo h\u00e1bil tan pronto como sea posible!<\/p>\n\n\n\n<hr class=\"wp-block-separator has-alpha-channel-opacity\"\/>\n\n\n\n<h3 class=\"wp-block-heading\">Servicios Legales Completos en Espa\u00f1ol<\/h3>\n\n\n\n<p>Thompson Injury Law proporciona servicios legales completos en espa\u00f1ol para la comunidad hispana de San Diego, incluyendo:<\/p>\n\n\n\n<ul class=\"wp-block-list\">\n<li><strong>Consultas iniciales en espa\u00f1ol <\/strong><\/li>\n\n\n\n<li><strong>Documentaci\u00f3n legal traducida <\/strong><\/li>\n\n\n\n<li><strong>Representaci\u00f3n en corte biling\u00fce<\/strong><\/li>\n\n\n\n<li><strong>Coordinaci\u00f3n con expertos m\u00e9dicos de habla hispana <\/strong><\/li>\n\n\n\n<li><strong>Explicaci\u00f3n clara de sus derechos legales<\/strong><\/li>\n<\/ul>\n\n\n\n<p><strong>\u00bfPor Qu\u00e9 Elegir Thompson Injury Law?<\/strong><\/p>\n\n\n\n<ul class=\"wp-block-list\">\n<li><strong>Experiencia desde 1976 <\/strong>&#8211; Casi 50 a\u00f1os sirviendo a familias de California <\/li>\n\n\n\n<li><strong>Especializaci\u00f3n exclusiva <\/strong>en casos de riesgos ambientales y moho t\u00f3xico <\/li>\n\n\n\n<li><strong>Equipo biling\u00fce <\/strong>para servir a la diversa comunidad de San Diego<\/li>\n\n\n\n<li><strong>Sin honorarios a menos que ganemos <\/strong>&#8211; Representaci\u00f3n en contingencia<\/li>\n\n\n\n<li><strong>Consulta gratuita <\/strong>para evaluar su caso<\/li>\n<\/ul>\n\n\n\n<h3 class=\"wp-block-heading\">Contacte a Thompson Injury Law Hoy<\/h3>\n\n\n\n<p>Si usted o su familia han sido afectados por riesgos ambientales como moho t\u00f3xico, envenenamiento por plomo, mon\u00f3xido de carbono, o condiciones de vivienda peligrosas en San Diego, no espere para buscar ayuda legal.<\/p>\n\n\n\n<h4 class=\"wp-block-heading\">Llame hoy para su consulta gratuita &#8211; servicios disponibles en ingl\u00e9s y espa\u00f1ol.<\/h4>\n\n\n\n<p><strong>No permita que due\u00f1os de propiedades negligentes pongan en riesgo la salud de su familia. Thompson Injury Law est\u00e1 aqu\u00ed para proteger sus derechos y luchar por la compensaci\u00f3n que<\/strong> <strong>merece.<\/strong><\/p>\n\n\n\n<p><strong>\u00c1reas de Servicio en San Diego:<\/strong><\/p>\n\n\n\n<ul class=\"wp-block-list\">\n<li>Centro de San Diego <\/li>\n\n\n\n<li>Balboa Park<\/li>\n\n\n\n<li>La Jolla <\/li>\n\n\n\n<li>Pacific Beach<\/li>\n\n\n\n<li>Mission Beach <\/li>\n\n\n\n<li>Hillcrest <\/li>\n\n\n\n<li>North Park <\/li>\n\n\n\n<li>South Park <\/li>\n\n\n\n<li>Chula Vista <\/li>\n\n\n\n<li>National City<\/li>\n\n\n\n<li>Imperial Beach<\/li>\n\n\n\n<li>Y todas las \u00e1reas del Condado de San Diego<\/li>\n<\/ul>\n\n\n\n<h3 class=\"wp-block-heading\">Thompson Injury Law &#8211; Su defensa contra riesgos ambientales y propietarios negligentes en San Diego.<\/h3>\n","protected":false},"excerpt":{"rendered":"<p>San Diego es una ciudad vibrante ubicada en la costa sur de California. Aunque el \u00e1rea es id\u00edlica en muchas formas, los riesgos ambientales y peligros a\u00fan existen. Hable con un abogado experimentado en ley ambiental en Thompson Injury Law si se ha enfermado debido a un riesgo ambiental en San Diego, CA. La mayor\u00eda&#8230;<\/p>\n","protected":false},"author":2,"featured_media":0,"parent":3529,"menu_order":0,"comment_status":"closed","ping_status":"closed","template":"","meta":{"_acf_changed":false,"footnotes":""},"class_list":["post-3579","page","type-page","status-publish","hentry"],"acf":[],"yoast_head":"<!-- This site is optimized with the Yoast SEO plugin v27.4 - https:\/\/yoast.com\/product\/yoast-seo-wordpress\/ -->\n<title>Abogado de Moho T\u00f3xico y Riesgos Ambientales en San Diego - Thompson Injury Law \u2022 Espa\u00f1ol<\/title>\n<meta name=\"robots\" content=\"index, follow, max-snippet:-1, max-image-preview:large, max-video-preview:-1\" \/>\n<link rel=\"canonical\" href=\"https:\/\/www.thompsoninjurylaw.com\/es\/areas-de-servicio\/san-diego\/\" \/>\n<meta property=\"og:locale\" content=\"es_MX\" \/>\n<meta property=\"og:type\" content=\"article\" \/>\n<meta property=\"og:title\" content=\"Abogado de Moho T\u00f3xico y Riesgos Ambientales en San Diego - Thompson Injury Law \u2022 Espa\u00f1ol\" \/>\n<meta property=\"og:description\" content=\"San Diego es una ciudad vibrante ubicada en la costa sur de California. Aunque el \u00e1rea es id\u00edlica en muchas formas, los riesgos ambientales y peligros a\u00fan existen. Hable con un abogado experimentado en ley ambiental en Thompson Injury Law si se ha enfermado debido a un riesgo ambiental en San Diego, CA. La mayor\u00eda...\" \/>\n<meta property=\"og:url\" content=\"https:\/\/www.thompsoninjurylaw.com\/es\/areas-de-servicio\/san-diego\/\" \/>\n<meta property=\"og:site_name\" content=\"Thompson Injury Law \u2022 Espa\u00f1ol\" \/>\n<meta property=\"article:modified_time\" content=\"2025-09-09T13:35:31+00:00\" \/>\n<meta name=\"twitter:card\" content=\"summary_large_image\" \/>\n<meta name=\"twitter:label1\" content=\"Est. reading time\" \/>\n\t<meta name=\"twitter:data1\" content=\"6 minutos\" \/>\n<script type=\"application\/ld+json\" class=\"yoast-schema-graph\">{\"@context\":\"https:\\\/\\\/schema.org\",\"@graph\":[{\"@type\":\"WebPage\",\"@id\":\"https:\\\/\\\/www.thompsoninjurylaw.com\\\/es\\\/areas-de-servicio\\\/san-diego\\\/\",\"url\":\"https:\\\/\\\/www.thompsoninjurylaw.com\\\/es\\\/areas-de-servicio\\\/san-diego\\\/\",\"name\":\"Abogado de Moho T\u00f3xico y Riesgos Ambientales en San Diego - Thompson Injury Law \u2022 Espa\u00f1ol\",\"isPartOf\":{\"@id\":\"https:\\\/\\\/www.thompsoninjurylaw.com\\\/es\\\/#website\"},\"datePublished\":\"2025-09-09T13:35:30+00:00\",\"dateModified\":\"2025-09-09T13:35:31+00:00\",\"breadcrumb\":{\"@id\":\"https:\\\/\\\/www.thompsoninjurylaw.com\\\/es\\\/areas-de-servicio\\\/san-diego\\\/#breadcrumb\"},\"inLanguage\":\"es\",\"potentialAction\":[{\"@type\":\"ReadAction\",\"target\":[\"https:\\\/\\\/www.thompsoninjurylaw.com\\\/es\\\/areas-de-servicio\\\/san-diego\\\/\"]}]},{\"@type\":\"BreadcrumbList\",\"@id\":\"https:\\\/\\\/www.thompsoninjurylaw.com\\\/es\\\/areas-de-servicio\\\/san-diego\\\/#breadcrumb\",\"itemListElement\":[{\"@type\":\"ListItem\",\"position\":1,\"name\":\"Home\",\"item\":\"https:\\\/\\\/www.thompsoninjurylaw.com\\\/es\\\/\"},{\"@type\":\"ListItem\",\"position\":2,\"name\":\"\u00c1reas de Servicio\",\"item\":\"https:\\\/\\\/www.thompsoninjurylaw.com\\\/es\\\/areas-de-servicio\\\/\"},{\"@type\":\"ListItem\",\"position\":3,\"name\":\"Abogado de Moho T\u00f3xico y Riesgos Ambientales en San Diego\"}]},{\"@type\":\"WebSite\",\"@id\":\"https:\\\/\\\/www.thompsoninjurylaw.com\\\/es\\\/#website\",\"url\":\"https:\\\/\\\/www.thompsoninjurylaw.com\\\/es\\\/\",\"name\":\"Thompson Injury Law \u2022 Espa\u00f1ol\",\"description\":\"\",\"potentialAction\":[{\"@type\":\"SearchAction\",\"target\":{\"@type\":\"EntryPoint\",\"urlTemplate\":\"https:\\\/\\\/www.thompsoninjurylaw.com\\\/es\\\/?s={search_term_string}\"},\"query-input\":{\"@type\":\"PropertyValueSpecification\",\"valueRequired\":true,\"valueName\":\"search_term_string\"}}],\"inLanguage\":\"es\"}]}<\/script>\n<!-- \/ Yoast SEO plugin. -->","yoast_head_json":{"title":"Abogado de Moho T\u00f3xico y Riesgos Ambientales en San Diego - Thompson Injury Law \u2022 Espa\u00f1ol","robots":{"index":"index","follow":"follow","max-snippet":"max-snippet:-1","max-image-preview":"max-image-preview:large","max-video-preview":"max-video-preview:-1"},"canonical":"https:\/\/www.thompsoninjurylaw.com\/es\/areas-de-servicio\/san-diego\/","og_locale":"es_MX","og_type":"article","og_title":"Abogado de Moho T\u00f3xico y Riesgos Ambientales en San Diego - Thompson Injury Law \u2022 Espa\u00f1ol","og_description":"San Diego es una ciudad vibrante ubicada en la costa sur de California. Aunque el \u00e1rea es id\u00edlica en muchas formas, los riesgos ambientales y peligros a\u00fan existen. Hable con un abogado experimentado en ley ambiental en Thompson Injury Law si se ha enfermado debido a un riesgo ambiental en San Diego, CA. La mayor\u00eda...","og_url":"https:\/\/www.thompsoninjurylaw.com\/es\/areas-de-servicio\/san-diego\/","og_site_name":"Thompson Injury Law \u2022 Espa\u00f1ol","article_modified_time":"2025-09-09T13:35:31+00:00","twitter_card":"summary_large_image","twitter_misc":{"Est. reading time":"6 minutos"},"schema":{"@context":"https:\/\/schema.org","@graph":[{"@type":"WebPage","@id":"https:\/\/www.thompsoninjurylaw.com\/es\/areas-de-servicio\/san-diego\/","url":"https:\/\/www.thompsoninjurylaw.com\/es\/areas-de-servicio\/san-diego\/","name":"Abogado de Moho T\u00f3xico y Riesgos Ambientales en San Diego - Thompson Injury Law \u2022 Espa\u00f1ol","isPartOf":{"@id":"https:\/\/www.thompsoninjurylaw.com\/es\/#website"},"datePublished":"2025-09-09T13:35:30+00:00","dateModified":"2025-09-09T13:35:31+00:00","breadcrumb":{"@id":"https:\/\/www.thompsoninjurylaw.com\/es\/areas-de-servicio\/san-diego\/#breadcrumb"},"inLanguage":"es","potentialAction":[{"@type":"ReadAction","target":["https:\/\/www.thompsoninjurylaw.com\/es\/areas-de-servicio\/san-diego\/"]}]},{"@type":"BreadcrumbList","@id":"https:\/\/www.thompsoninjurylaw.com\/es\/areas-de-servicio\/san-diego\/#breadcrumb","itemListElement":[{"@type":"ListItem","position":1,"name":"Home","item":"https:\/\/www.thompsoninjurylaw.com\/es\/"},{"@type":"ListItem","position":2,"name":"\u00c1reas de Servicio","item":"https:\/\/www.thompsoninjurylaw.com\/es\/areas-de-servicio\/"},{"@type":"ListItem","position":3,"name":"Abogado de Moho T\u00f3xico y Riesgos Ambientales en San Diego"}]},{"@type":"WebSite","@id":"https:\/\/www.thompsoninjurylaw.com\/es\/#website","url":"https:\/\/www.thompsoninjurylaw.com\/es\/","name":"Thompson Injury Law \u2022 Espa\u00f1ol","description":"","potentialAction":[{"@type":"SearchAction","target":{"@type":"EntryPoint","urlTemplate":"https:\/\/www.thompsoninjurylaw.com\/es\/?s={search_term_string}"},"query-input":{"@type":"PropertyValueSpecification","valueRequired":true,"valueName":"search_term_string"}}],"inLanguage":"es"}]}},"_links":{"self":[{"href":"https:\/\/www.thompsoninjurylaw.com\/es\/wp-json\/wp\/v2\/pages\/3579","targetHints":{"allow":["GET"]}}],"collection":[{"href":"https:\/\/www.thompsoninjurylaw.com\/es\/wp-json\/wp\/v2\/pages"}],"about":[{"href":"https:\/\/www.thompsoninjurylaw.com\/es\/wp-json\/wp\/v2\/types\/page"}],"author":[{"embeddable":true,"href":"https:\/\/www.thompsoninjurylaw.com\/es\/wp-json\/wp\/v2\/users\/2"}],"replies":[{"embeddable":true,"href":"https:\/\/www.thompsoninjurylaw.com\/es\/wp-json\/wp\/v2\/comments?post=3579"}],"version-history":[{"count":0,"href":"https:\/\/www.thompsoninjurylaw.com\/es\/wp-json\/wp\/v2\/pages\/3579\/revisions"}],"up":[{"embeddable":true,"href":"https:\/\/www.thompsoninjurylaw.com\/es\/wp-json\/wp\/v2\/pages\/3529"}],"wp:attachment":[{"href":"https:\/\/www.thompsoninjurylaw.com\/es\/wp-json\/wp\/v2\/media?parent=3579"}],"curies":[{"name":"wp","href":"https:\/\/api.w.org\/{rel}","templated":true}]}}