{"id":3539,"date":"2025-09-08T15:49:22","date_gmt":"2025-09-08T15:49:22","guid":{"rendered":"https:\/\/www.thompsoninjurylaw.com\/es\/?page_id=3539"},"modified":"2025-09-08T15:49:23","modified_gmt":"2025-09-08T15:49:23","slug":"chula-vista","status":"publish","type":"page","link":"https:\/\/www.thompsoninjurylaw.com\/es\/areas-de-servicio\/chula-vista\/","title":{"rendered":"Abogado de Peligros Ambientales y Moho en Chula Vista &#8211; Thompson Law"},"content":{"rendered":"\n<p>Chula Vista es una ciudad antigua, y algunas casas dentro de los l\u00edmites de la ciudad son casi tan antiguas como el pa\u00eds. Aunque estos edificios hist\u00f3ricos embellecen la ciudad, a veces tambi\u00e9n son lo suficientemente peligrosos como para requerir que los residentes busquen asistencia de un abogado de derecho ambiental de Chula Vista de Thompson Injury Law.<\/p>\n\n\n\n<p>Si vive en la ciudad y cree que usted o un ser querido fue seriamente da\u00f1ado por una sustancia t\u00f3xica, puede ser elegible para compensaci\u00f3n. <strong>Contacte nuestro bufete <\/strong><strong>de abogados hoy para conocer m\u00e1s sobre sus opciones con un abogado de derecho ambiental experimentado.<\/strong><\/p>\n\n\n\n<h2 class=\"wp-block-heading\">C\u00f3mo le Afecta el Derecho Ambiental<\/h2>\n\n\n\n<p>La ley de California lo protege de sustancias t\u00f3xicas en los lugares donde trabaja, vive y frecuenta. Esto significa que si alguien es due\u00f1o de un edificio, debe asegurar que sea seguro para todos los que est\u00e1n adentro. Estas regulaciones afectan a:<\/p>\n\n\n\n<ul class=\"wp-block-list\">\n<li>Caseros<\/li>\n\n\n\n<li>Funcionarios de la ciudad <\/li>\n\n\n\n<li>Due\u00f1os de negocios <\/li>\n\n\n\n<li>Empleadores<\/li>\n<\/ul>\n\n\n\n<p>Cualquiera que posea o maneje un edificio necesita inspeccionar regularmente el edificio por cualquier peligro ambiental, como infestaciones de moho o plagas. Si una inspecci\u00f3n determina que hay un problema, est\u00e1n obligados a corregir el problema y mantener a las personas fuera del edificio mientras no sea seguro.<\/p>\n\n\n\n<p>Algunos peligros pueden ser controlados sin ser removidos. Pero incluso si este es el caso, el due\u00f1o de la propiedad est\u00e1 obligado a informar a otros del riesgo y tomar medidas de seguridad apropiadas para mitigar ese riesgo.<\/p>\n\n\n\n<p>Cuando alguien intencionalmente no logra inspeccionar un edificio, corregir un problema, o advertir a otros, son responsables por cualquier da\u00f1o causado por esa falla. En el caso de peligros ambientales, el da\u00f1o causado podr\u00eda poner a alguien en el hospital o la morgue.<\/p>\n\n\n\n<p>Si tiene alguna raz\u00f3n para creer que la irresponsabilidad de un empleador, un casero, o un due\u00f1o de negocio le ha causado da\u00f1o, debe consultar con un abogado de derecho ambiental lo antes posible. Podr\u00eda estar enfrentando una vida de cuentas m\u00e9dicas, y un abogado puede ayudarle a obtener el dinero que necesita para pagarlas.<\/p>\n\n\n\n<h2 class=\"wp-block-heading\">Peligros Residenciales<\/h2>\n\n\n\n<p>Si renta una casa en Chula Vista, necesita estar atento a caseros sin escr\u00fapulos. Es f\u00e1cil para un casero ocultar alg\u00fan peligro de usted hasta que ya est\u00e9 atrapado en un contrato. Una vez que eso sucede, est\u00e1 viviendo en un lugar inseguro y probablemente no puede permitirse irse o encontrar otro lugar para vivir.<\/p>\n\n\n\n<h3 class=\"wp-block-heading\">Moho<\/h3>\n\n\n\n<p>Antes de mudarse a un nuevo lugar, mire cuidadosamente por moho, especialmente en ba\u00f1os, la cocina y el s\u00f3tano. El moho tiende a crecer en \u00e1reas calientes y h\u00famedas. Y una vez que se establece, es dif\u00edcil y caro de remover.<\/p>\n\n\n\n<p>El moho t\u00edpicamente ser\u00e1n manchas negras en las paredes, techo o piso. Algunos caseros pintar\u00e1n sobre el moho para ocultarlo. Desafortunadamente, esto no elimina el moho y solo hace que sea m\u00e1s dif\u00edcil de limpiar.<\/p>\n\n\n\n<p>Si su hogar tiene moho, las esporas se extender\u00e1n por el aire y pueden causar problemas respiratorios. La exposici\u00f3n a largo plazo puede hacer da\u00f1o permanente a sus pulmones u otros \u00f3rganos.<\/p>\n\n\n\n<h3 class=\"wp-block-heading\">Mon\u00f3xido de Carbono<\/h3>\n\n\n\n<p>Este gas no tiene sabor, olor ni color. Eso lo hace casi imposible de detectar sin un detector de mon\u00f3xido de carbono. Desafortunadamente, tambi\u00e9n es bastante mortal con solo exposici\u00f3n moderada.<\/p>\n\n\n\n<p>Cuando est\u00e9 considerando un apartamento, solicite ver todos los detectores de mon\u00f3xido de carbono y aseg\u00farese de que est\u00e9n funcionando. Adicionalmente, inspeccione el horno, la unidad de HVAC y la caldera. Si est\u00e1n goteando, puede ser capaz de escuchar gas escapando, incluso si no puede olerlo.<\/p>\n\n\n\n<p>Si comienza a experimentar n\u00e1useas, dolores de cabeza o mareos una vez que est\u00e9 dentro de la casa, salga inmediatamente y consulte a un doctor. Si es envenenamiento por mon\u00f3xido de carbono, tambi\u00e9n contacte a un abogado de derecho ambiental tan r\u00e1pido como sea posible.<\/p>\n\n\n\n<h3 class=\"wp-block-heading\">Plagas<\/h3>\n\n\n\n<p>Varios tipos de plagas pueden infestar una casa. Las m\u00e1s peligrosas son los roedores e insectos. Estos portan enfermedades y usualmente no tienen miedo de entrar a \u00e1reas donde vive la gente.<\/p>\n\n\n\n<p>Para determinar si una casa potencial tiene una infestaci\u00f3n de plagas, inspeccione \u00e1reas oscuras y apartadas. A menudo no ver\u00e1 las criaturas pero encontrar\u00e1 se\u00f1ales de que est\u00e1n presentes. Si ve cualquier da\u00f1o a madera o tela, algo puede haber estado masticando. Tambi\u00e9n, excrementos de cualquier tipo son una se\u00f1al clara de plagas.<\/p>\n\n\n\n<p>Los caseros sin escr\u00fapulos pueden estar conscientes de las plagas y decidir ocultar las se\u00f1ales. Por ejemplo, podr\u00edan remover trampas de ratones e insectos antes de que usted visite. Probablemente deber\u00eda preguntar directamente y conseguir que su futuro casero ponga algo por escrito de que el edificio no tiene una infestaci\u00f3n de plagas.<\/p>\n\n\n\n<h2 class=\"wp-block-heading\">Contacte a un Abogado de Derecho Ambiental en Chula Vista de Thompson Injury Law<\/h2>\n\n\n\n<p>Su salud es una de las cosas m\u00e1s importantes en su vida. Y el lugar donde vive no deber\u00eda ser un peligro para ella. Si cree que ha sido da\u00f1ado por cualquier peligro ambiental, <strong>cont\u00e1ctenos inmediatamente <\/strong>para hablar con un abogado de derecho ambiental.<\/p>\n\n\n\n<hr class=\"wp-block-separator has-alpha-channel-opacity\"\/>\n\n\n\n<h2 class=\"wp-block-heading\">Protecciones Legales Espec\u00edficas para Residentes de Chula Vista<\/h2>\n\n\n\n<h3 class=\"wp-block-heading\">Derechos de Inquilinos<\/h3>\n\n\n\n<p>Como residente de Chula Vista, usted tiene derechos espec\u00edficos bajo la ley de California:<\/p>\n\n\n\n<ul class=\"wp-block-list\">\n<li>Derecho a vivienda habitable libre de peligros ambientales <\/li>\n\n\n\n<li>Derecho a ser informado de condiciones peligrosas conocidas<\/li>\n\n\n\n<li>Derecho a reparaciones oportunas de problemas de salud y seguridad <\/li>\n\n\n\n<li>Protecci\u00f3n contra represalias por reportar condiciones inseguras<\/li>\n<\/ul>\n\n\n\n<h3 class=\"wp-block-heading\">Responsabilidades de Propietarios<\/h3>\n\n\n\n<p>Los caseros en Chula Vista deben:<\/p>\n\n\n\n<ul class=\"wp-block-list\">\n<li>Realizar inspecciones regulares por peligros ambientales<\/li>\n\n\n\n<li>Mantener sistemas de ventilaci\u00f3n y plomer\u00eda en buenas condiciones <\/li>\n\n\n\n<li>Proporcionar detectores de humo y mon\u00f3xido de carbono funcionando <\/li>\n\n\n\n<li>Remediar problemas de moho prontamente y profesionalmente<\/li>\n<\/ul>\n\n\n\n<h3 class=\"wp-block-heading\">Cuando Buscar Ayuda Legal<\/h3>\n\n\n\n<p>Contacte Thompson Injury Law si experimenta:<\/p>\n\n\n\n<ul class=\"wp-block-list\">\n<li>Problemas respiratorios despu\u00e9s de mudarse a una nueva propiedad <\/li>\n\n\n\n<li>S\u00edntomas de envenenamiento por mon\u00f3xido de carbono <\/li>\n\n\n\n<li>Infestaciones de plagas que su casero se niega a abordar<\/li>\n\n\n\n<li>Crecimiento visible de moho que no se ha remediado apropiadamente<\/li>\n<\/ul>\n\n\n\n<h3 class=\"wp-block-heading\">Consulta gratuita disponible en espa\u00f1ol e ingl\u00e9s<\/h3>\n\n\n\n<p><em>Thompson Injury Law &#8211; Protegiendo a las familias de Chula Vista de peligros ambientales desde 1976<\/em><\/p>\n","protected":false},"excerpt":{"rendered":"<p>Chula Vista es una ciudad antigua, y algunas casas dentro de los l\u00edmites de la ciudad son casi tan antiguas como el pa\u00eds. Aunque estos edificios hist\u00f3ricos embellecen la ciudad, a veces tambi\u00e9n son lo suficientemente peligrosos como para requerir que los residentes busquen asistencia de un abogado de derecho ambiental de Chula Vista de&#8230;<\/p>\n","protected":false},"author":2,"featured_media":0,"parent":3529,"menu_order":0,"comment_status":"closed","ping_status":"closed","template":"","meta":{"_acf_changed":false,"footnotes":""},"class_list":["post-3539","page","type-page","status-publish","hentry"],"acf":[],"yoast_head":"<!-- This site is optimized with the Yoast SEO plugin v27.4 - https:\/\/yoast.com\/product\/yoast-seo-wordpress\/ -->\n<title>Abogado de Peligros Ambientales y Moho en Chula Vista - Thompson Law - Thompson Injury Law \u2022 Espa\u00f1ol<\/title>\n<meta name=\"robots\" content=\"index, follow, max-snippet:-1, max-image-preview:large, max-video-preview:-1\" \/>\n<link rel=\"canonical\" href=\"https:\/\/www.thompsoninjurylaw.com\/es\/areas-de-servicio\/chula-vista\/\" \/>\n<meta property=\"og:locale\" content=\"es_MX\" \/>\n<meta property=\"og:type\" content=\"article\" \/>\n<meta property=\"og:title\" content=\"Abogado de Peligros Ambientales y Moho en Chula Vista - Thompson Law - Thompson Injury Law \u2022 Espa\u00f1ol\" \/>\n<meta property=\"og:description\" content=\"Chula Vista es una ciudad antigua, y algunas casas dentro de los l\u00edmites de la ciudad son casi tan antiguas como el pa\u00eds. Aunque estos edificios hist\u00f3ricos embellecen la ciudad, a veces tambi\u00e9n son lo suficientemente peligrosos como para requerir que los residentes busquen asistencia de un abogado de derecho ambiental de Chula Vista de...\" \/>\n<meta property=\"og:url\" content=\"https:\/\/www.thompsoninjurylaw.com\/es\/areas-de-servicio\/chula-vista\/\" \/>\n<meta property=\"og:site_name\" content=\"Thompson Injury Law \u2022 Espa\u00f1ol\" \/>\n<meta property=\"article:modified_time\" content=\"2025-09-08T15:49:23+00:00\" \/>\n<meta name=\"twitter:card\" content=\"summary_large_image\" \/>\n<meta name=\"twitter:label1\" content=\"Est. reading time\" \/>\n\t<meta name=\"twitter:data1\" content=\"5 minutos\" \/>\n<script type=\"application\/ld+json\" class=\"yoast-schema-graph\">{\"@context\":\"https:\\\/\\\/schema.org\",\"@graph\":[{\"@type\":\"WebPage\",\"@id\":\"https:\\\/\\\/www.thompsoninjurylaw.com\\\/es\\\/areas-de-servicio\\\/chula-vista\\\/\",\"url\":\"https:\\\/\\\/www.thompsoninjurylaw.com\\\/es\\\/areas-de-servicio\\\/chula-vista\\\/\",\"name\":\"Abogado de Peligros Ambientales y Moho en Chula Vista - Thompson Law - Thompson Injury Law \u2022 Espa\u00f1ol\",\"isPartOf\":{\"@id\":\"https:\\\/\\\/www.thompsoninjurylaw.com\\\/es\\\/#website\"},\"datePublished\":\"2025-09-08T15:49:22+00:00\",\"dateModified\":\"2025-09-08T15:49:23+00:00\",\"breadcrumb\":{\"@id\":\"https:\\\/\\\/www.thompsoninjurylaw.com\\\/es\\\/areas-de-servicio\\\/chula-vista\\\/#breadcrumb\"},\"inLanguage\":\"es\",\"potentialAction\":[{\"@type\":\"ReadAction\",\"target\":[\"https:\\\/\\\/www.thompsoninjurylaw.com\\\/es\\\/areas-de-servicio\\\/chula-vista\\\/\"]}]},{\"@type\":\"BreadcrumbList\",\"@id\":\"https:\\\/\\\/www.thompsoninjurylaw.com\\\/es\\\/areas-de-servicio\\\/chula-vista\\\/#breadcrumb\",\"itemListElement\":[{\"@type\":\"ListItem\",\"position\":1,\"name\":\"Home\",\"item\":\"https:\\\/\\\/www.thompsoninjurylaw.com\\\/es\\\/\"},{\"@type\":\"ListItem\",\"position\":2,\"name\":\"\u00c1reas de Servicio\",\"item\":\"https:\\\/\\\/www.thompsoninjurylaw.com\\\/es\\\/areas-de-servicio\\\/\"},{\"@type\":\"ListItem\",\"position\":3,\"name\":\"Abogado de Peligros Ambientales y Moho en Chula Vista &#8211; Thompson Law\"}]},{\"@type\":\"WebSite\",\"@id\":\"https:\\\/\\\/www.thompsoninjurylaw.com\\\/es\\\/#website\",\"url\":\"https:\\\/\\\/www.thompsoninjurylaw.com\\\/es\\\/\",\"name\":\"Thompson Injury Law \u2022 Espa\u00f1ol\",\"description\":\"\",\"potentialAction\":[{\"@type\":\"SearchAction\",\"target\":{\"@type\":\"EntryPoint\",\"urlTemplate\":\"https:\\\/\\\/www.thompsoninjurylaw.com\\\/es\\\/?s={search_term_string}\"},\"query-input\":{\"@type\":\"PropertyValueSpecification\",\"valueRequired\":true,\"valueName\":\"search_term_string\"}}],\"inLanguage\":\"es\"}]}<\/script>\n<!-- \/ Yoast SEO plugin. -->","yoast_head_json":{"title":"Abogado de Peligros Ambientales y Moho en Chula Vista - Thompson Law - Thompson Injury Law \u2022 Espa\u00f1ol","robots":{"index":"index","follow":"follow","max-snippet":"max-snippet:-1","max-image-preview":"max-image-preview:large","max-video-preview":"max-video-preview:-1"},"canonical":"https:\/\/www.thompsoninjurylaw.com\/es\/areas-de-servicio\/chula-vista\/","og_locale":"es_MX","og_type":"article","og_title":"Abogado de Peligros Ambientales y Moho en Chula Vista - Thompson Law - Thompson Injury Law \u2022 Espa\u00f1ol","og_description":"Chula Vista es una ciudad antigua, y algunas casas dentro de los l\u00edmites de la ciudad son casi tan antiguas como el pa\u00eds. Aunque estos edificios hist\u00f3ricos embellecen la ciudad, a veces tambi\u00e9n son lo suficientemente peligrosos como para requerir que los residentes busquen asistencia de un abogado de derecho ambiental de Chula Vista de...","og_url":"https:\/\/www.thompsoninjurylaw.com\/es\/areas-de-servicio\/chula-vista\/","og_site_name":"Thompson Injury Law \u2022 Espa\u00f1ol","article_modified_time":"2025-09-08T15:49:23+00:00","twitter_card":"summary_large_image","twitter_misc":{"Est. reading time":"5 minutos"},"schema":{"@context":"https:\/\/schema.org","@graph":[{"@type":"WebPage","@id":"https:\/\/www.thompsoninjurylaw.com\/es\/areas-de-servicio\/chula-vista\/","url":"https:\/\/www.thompsoninjurylaw.com\/es\/areas-de-servicio\/chula-vista\/","name":"Abogado de Peligros Ambientales y Moho en Chula Vista - Thompson Law - Thompson Injury Law \u2022 Espa\u00f1ol","isPartOf":{"@id":"https:\/\/www.thompsoninjurylaw.com\/es\/#website"},"datePublished":"2025-09-08T15:49:22+00:00","dateModified":"2025-09-08T15:49:23+00:00","breadcrumb":{"@id":"https:\/\/www.thompsoninjurylaw.com\/es\/areas-de-servicio\/chula-vista\/#breadcrumb"},"inLanguage":"es","potentialAction":[{"@type":"ReadAction","target":["https:\/\/www.thompsoninjurylaw.com\/es\/areas-de-servicio\/chula-vista\/"]}]},{"@type":"BreadcrumbList","@id":"https:\/\/www.thompsoninjurylaw.com\/es\/areas-de-servicio\/chula-vista\/#breadcrumb","itemListElement":[{"@type":"ListItem","position":1,"name":"Home","item":"https:\/\/www.thompsoninjurylaw.com\/es\/"},{"@type":"ListItem","position":2,"name":"\u00c1reas de Servicio","item":"https:\/\/www.thompsoninjurylaw.com\/es\/areas-de-servicio\/"},{"@type":"ListItem","position":3,"name":"Abogado de Peligros Ambientales y Moho en Chula Vista &#8211; Thompson Law"}]},{"@type":"WebSite","@id":"https:\/\/www.thompsoninjurylaw.com\/es\/#website","url":"https:\/\/www.thompsoninjurylaw.com\/es\/","name":"Thompson Injury Law \u2022 Espa\u00f1ol","description":"","potentialAction":[{"@type":"SearchAction","target":{"@type":"EntryPoint","urlTemplate":"https:\/\/www.thompsoninjurylaw.com\/es\/?s={search_term_string}"},"query-input":{"@type":"PropertyValueSpecification","valueRequired":true,"valueName":"search_term_string"}}],"inLanguage":"es"}]}},"_links":{"self":[{"href":"https:\/\/www.thompsoninjurylaw.com\/es\/wp-json\/wp\/v2\/pages\/3539","targetHints":{"allow":["GET"]}}],"collection":[{"href":"https:\/\/www.thompsoninjurylaw.com\/es\/wp-json\/wp\/v2\/pages"}],"about":[{"href":"https:\/\/www.thompsoninjurylaw.com\/es\/wp-json\/wp\/v2\/types\/page"}],"author":[{"embeddable":true,"href":"https:\/\/www.thompsoninjurylaw.com\/es\/wp-json\/wp\/v2\/users\/2"}],"replies":[{"embeddable":true,"href":"https:\/\/www.thompsoninjurylaw.com\/es\/wp-json\/wp\/v2\/comments?post=3539"}],"version-history":[{"count":0,"href":"https:\/\/www.thompsoninjurylaw.com\/es\/wp-json\/wp\/v2\/pages\/3539\/revisions"}],"up":[{"embeddable":true,"href":"https:\/\/www.thompsoninjurylaw.com\/es\/wp-json\/wp\/v2\/pages\/3529"}],"wp:attachment":[{"href":"https:\/\/www.thompsoninjurylaw.com\/es\/wp-json\/wp\/v2\/media?parent=3539"}],"curies":[{"name":"wp","href":"https:\/\/api.w.org\/{rel}","templated":true}]}}