{"id":3535,"date":"2025-09-08T15:36:13","date_gmt":"2025-09-08T15:36:13","guid":{"rendered":"https:\/\/www.thompsoninjurylaw.com\/es\/?page_id=3535"},"modified":"2025-09-08T15:36:14","modified_gmt":"2025-09-08T15:36:14","slug":"carlsbad","status":"publish","type":"page","link":"https:\/\/www.thompsoninjurylaw.com\/es\/areas-de-servicio\/carlsbad\/","title":{"rendered":"Abogado de Exposici\u00f3n a Moho T\u00f3xico y Peligros Ambientales en Carlsbad &#8211; A. Thompson"},"content":{"rendered":"\n<p>Como muchas ciudades costeras, muchas casas en Carlsbad tienen problemas de moho debido a la humedad causada por la proximidad del Oc\u00e9ano Pac\u00edfico. Un abogado de derecho ambiental de Carlsbad de Thompson Injury Law puede ayudarle a obtener compensaci\u00f3n por cualquier da\u00f1o causado por un casero que ignor\u00f3 un problema de moho donde usted vive.<\/p>\n\n\n\n<p>Si usted o un ser querido sufri\u00f3 alg\u00fan tipo de da\u00f1o por moho o materiales t\u00f3xicos, no est\u00e1 solo. Un abogado experimentado en derecho ambiental de Thompson Injury Law le ayudar\u00e1 a entender sus derechos y determinar qui\u00e9n es responsable de ese da\u00f1o. <strong>Cont\u00e1ctenos <\/strong><strong>hoy para programar una consulta gratuita.<\/strong><\/p>\n\n\n\n<h2 class=\"wp-block-heading\">Derecho Ambiental en Carlsbad, CA<\/h2>\n\n\n\n<p>En California, los caseros, escuelas y empleadores est\u00e1n obligados a protegerlo a usted y a sus hijos de sustancias t\u00f3xicas. Proporcionar esta protecci\u00f3n puede costar dinero, sin embargo. Y algunas personas preferir\u00edan arriesgar la salud de otros antes que perder ganancias. Cuando su salud se pone en riesgo de esta manera, usted es elegible para recibir compensaci\u00f3n de la parte imprudente.<\/p>\n\n\n\n<p>Algunos de los peligros m\u00e1s comunes en Carlsbad son:<\/p>\n\n\n\n<ul class=\"wp-block-list\">\n<li><strong>Exposici\u00f3n al moho <\/strong><\/li>\n\n\n\n<li><strong>Pintura con plomo<\/strong><\/li>\n\n\n\n<li><strong>Viviendas en condiciones de tugurio <\/strong><\/li>\n\n\n\n<li><strong>Envenenamiento por mon\u00f3xido de carbono<\/strong><\/li>\n<\/ul>\n\n\n\n<p>Si cree que usted o un miembro de la familia ha sido da\u00f1ado por cualquiera de estas fuentes, contacte a un abogado de derecho ambiental de Thompson Injury Law lo antes posible.<\/p>\n\n\n\n<h2 class=\"wp-block-heading\">Exposici\u00f3n al Moho en Carlsbad<\/h2>\n\n\n\n<p>El moho puede infiltrar casi cualquier tipo de estructura, especialmente si est\u00e1 regularmente expuesta a la humedad. Una vez que entra en un edificio, puede extenderse desenfrenadamente. A menudo se extender\u00e1 a trav\u00e9s del sistema HVAC, causando que las personas en el edificio inhalen esporas de moho. Esto puede llevar a varios problemas serios de salud.<\/p>\n\n\n\n<p>Uno de los peores lugares donde el moho puede aparecer es en una escuela o guarder\u00eda. Los ni\u00f1os son m\u00e1s propensos que los adultos a ponerse cosas al azar en la boca y pueden enfermarse f\u00e1cilmente por<\/p>\n\n\n\n<p>una infestaci\u00f3n de moho. Otra amenaza com\u00fan son las \u00e1reas comunes de HOA, especialmente aquellas con albercas. A menudo nadie se responsabiliza de limpiar el moho, y muchas personas se enferman.<\/p>\n\n\n\n<p>Independientemente de d\u00f3nde aparezca el moho, cuando alguien a cargo se niega a limpiarlo, el problema solo empeora. Y el costo para su salud puede ser alto si est\u00e1 expuesto por a\u00f1os o d\u00e9cadas.<\/p>\n\n\n\n<h2 class=\"wp-block-heading\">Pintura con Plomo<\/h2>\n\n\n\n<p>Aunque la pintura con plomo est\u00e1 prohibida para uso dentro de edificios, no fue as\u00ed durante d\u00e9cadas. Y muchos edificios en Carlsbad son lo suficientemente antiguos para todav\u00eda tener pintura con plomo en las paredes interiores. Esto puede ser un peligro para los residentes, especialmente si no se les advierte sobre el peligro.<\/p>\n\n\n\n<p>Antes de comprar una nueva casa o mudarse a un nuevo apartamento, confirme que las paredes no est\u00e9n cubiertas con pintura con plomo. Si lo est\u00e1n, sus mejores opciones son elegir otra vivienda o reemplazar la pintura.<\/p>\n\n\n\n<p>Si ninguna de esas es una opci\u00f3n, tome precauciones para proteger a su familia, amigos y mascotas. Los ni\u00f1os y mascotas, en particular, son m\u00e1s propensos a comer cosas al azar o lamer las paredes. Tome las precauciones que pueda para evitar esto.<\/p>\n\n\n\n<p>Y si despu\u00e9s descubre que su edificio tiene pintura con plomo, el casero o vendedor probablemente es responsable por cualquier da\u00f1o que sufri\u00f3 por ello. Est\u00e1n obligados a informarle. Ocultar el hecho es una desconsideraci\u00f3n imprudente por su seguridad.<\/p>\n\n\n\n<h2 class=\"wp-block-heading\">Viviendas en Condiciones de Tugurio en Carlsbad<\/h2>\n\n\n\n<p>Desafortunadamente, algunos caseros en Carlsbad son caseros abusivos. Rentan casas o apartamentos que no son seguros para vivir, y lo saben. Muchos de estos lugares tienen pintura con plomo, moho, o ambos.<\/p>\n\n\n\n<p>Pero esas no son las \u00fanicas amenazas de vivir en una casa insegura. Cuando las casas no son seguras para vivir, pueden tener:<\/p>\n\n\n\n<ul class=\"wp-block-list\">\n<li>Plomer\u00eda que no funciona <\/li>\n\n\n\n<li>Infestaciones de plagas<\/li>\n\n\n\n<li>Ventanas rotas o ventanas que no abren <\/li>\n\n\n\n<li>Sin cerraduras<\/li>\n\n\n\n<li>Sin iluminaci\u00f3n natural<\/li>\n<\/ul>\n\n\n\n<p>Estas condiciones no solo son ilegales. Tambi\u00e9n crean un ambiente de vida poco saludable. Usted o sus seres queridos podr\u00edan f\u00e1cilmente infectarse o sufrir enfermedades por vivir en una casa de tugurio.<\/p>\n\n\n\n<h2 class=\"wp-block-heading\">Envenenamiento por Mon\u00f3xido de Carbono<\/h2>\n\n\n\n<p>Se supone que las casas en Carlsbad tengan detectores de mon\u00f3xido de carbono funcionando porque este gas silencioso, inodoro e incoloro es mortal. Y puede f\u00e1cilmente invadir su hogar si tiene un horno o estufa descompuestos.<\/p>\n\n\n\n<p>Si regularmente sufre de dolores de cabeza o mareos mientras est\u00e1 en casa, debe salir de la casa y hacerse pruebas de envenenamiento por mon\u00f3xido de carbono. Incluso la exposici\u00f3n leve puede causar problemas respiratorios a largo plazo, y la exposici\u00f3n a largo plazo puede ser mortal. Contacte a un abogado si sospecha que usted o un ser querido ha sido envenenado.<\/p>\n\n\n\n<h2 class=\"wp-block-heading\">Contacte Thompson Injury Law en Carlsbad para Consultar con un Abogado de Derecho Ambiental<\/h2>\n\n\n\n<p>Las sustancias t\u00f3xicas no son cosa de juego. Incluso la exposici\u00f3n leve a muchas sustancias t\u00f3xicas puede resultar en condiciones m\u00e9dicas a largo plazo. Y cuando individuos m\u00e1s vulnerables como ni\u00f1os, adultos mayores o mascotas est\u00e1n m\u00ednimamente expuestos, puede ser fatal.<\/p>\n\n\n\n<p>Si usted o un ser querido fue da\u00f1ado por cualquier sustancia t\u00f3xica en el \u00e1rea de Carlsbad, <strong>cont\u00e1ctenos inmediatamente <\/strong>para hablar con un abogado de derecho ambiental y conocer sus opciones.<\/p>\n\n\n\n<hr class=\"wp-block-separator has-alpha-channel-opacity\"\/>\n\n\n\n<h2 class=\"wp-block-heading\">Thompson Injury Law &#8211; Protegiendo los Derechos de las V\u00edctimas de Exposici\u00f3n Ambiental en Carlsbad<\/h2>\n\n\n\n<p><em>Consulta gratuita disponible en espa\u00f1ol e ingl\u00e9s<\/em><\/p>\n","protected":false},"excerpt":{"rendered":"<p>Como muchas ciudades costeras, muchas casas en Carlsbad tienen problemas de moho debido a la humedad causada por la proximidad del Oc\u00e9ano Pac\u00edfico. Un abogado de derecho ambiental de Carlsbad de Thompson Injury Law puede ayudarle a obtener compensaci\u00f3n por cualquier da\u00f1o causado por un casero que ignor\u00f3 un problema de moho donde usted vive&#8230;.<\/p>\n","protected":false},"author":2,"featured_media":0,"parent":3529,"menu_order":0,"comment_status":"closed","ping_status":"closed","template":"","meta":{"_acf_changed":false,"footnotes":""},"class_list":["post-3535","page","type-page","status-publish","hentry"],"acf":[],"yoast_head":"<!-- This site is optimized with the Yoast SEO plugin v27.4 - https:\/\/yoast.com\/product\/yoast-seo-wordpress\/ -->\n<title>Abogado de Exposici\u00f3n a Moho T\u00f3xico y Peligros Ambientales en Carlsbad - A. Thompson - Thompson Injury Law \u2022 Espa\u00f1ol<\/title>\n<meta name=\"robots\" content=\"index, follow, max-snippet:-1, max-image-preview:large, max-video-preview:-1\" \/>\n<link rel=\"canonical\" href=\"https:\/\/www.thompsoninjurylaw.com\/es\/areas-de-servicio\/carlsbad\/\" \/>\n<meta property=\"og:locale\" content=\"es_MX\" \/>\n<meta property=\"og:type\" content=\"article\" \/>\n<meta property=\"og:title\" content=\"Abogado de Exposici\u00f3n a Moho T\u00f3xico y Peligros Ambientales en Carlsbad - A. Thompson - Thompson Injury Law \u2022 Espa\u00f1ol\" \/>\n<meta property=\"og:description\" content=\"Como muchas ciudades costeras, muchas casas en Carlsbad tienen problemas de moho debido a la humedad causada por la proximidad del Oc\u00e9ano Pac\u00edfico. Un abogado de derecho ambiental de Carlsbad de Thompson Injury Law puede ayudarle a obtener compensaci\u00f3n por cualquier da\u00f1o causado por un casero que ignor\u00f3 un problema de moho donde usted vive....\" \/>\n<meta property=\"og:url\" content=\"https:\/\/www.thompsoninjurylaw.com\/es\/areas-de-servicio\/carlsbad\/\" \/>\n<meta property=\"og:site_name\" content=\"Thompson Injury Law \u2022 Espa\u00f1ol\" \/>\n<meta property=\"article:modified_time\" content=\"2025-09-08T15:36:14+00:00\" \/>\n<meta name=\"twitter:card\" content=\"summary_large_image\" \/>\n<meta name=\"twitter:label1\" content=\"Est. reading time\" \/>\n\t<meta name=\"twitter:data1\" content=\"5 minutos\" \/>\n<script type=\"application\/ld+json\" class=\"yoast-schema-graph\">{\"@context\":\"https:\\\/\\\/schema.org\",\"@graph\":[{\"@type\":\"WebPage\",\"@id\":\"https:\\\/\\\/www.thompsoninjurylaw.com\\\/es\\\/areas-de-servicio\\\/carlsbad\\\/\",\"url\":\"https:\\\/\\\/www.thompsoninjurylaw.com\\\/es\\\/areas-de-servicio\\\/carlsbad\\\/\",\"name\":\"Abogado de Exposici\u00f3n a Moho T\u00f3xico y Peligros Ambientales en Carlsbad - A. Thompson - Thompson Injury Law \u2022 Espa\u00f1ol\",\"isPartOf\":{\"@id\":\"https:\\\/\\\/www.thompsoninjurylaw.com\\\/es\\\/#website\"},\"datePublished\":\"2025-09-08T15:36:13+00:00\",\"dateModified\":\"2025-09-08T15:36:14+00:00\",\"breadcrumb\":{\"@id\":\"https:\\\/\\\/www.thompsoninjurylaw.com\\\/es\\\/areas-de-servicio\\\/carlsbad\\\/#breadcrumb\"},\"inLanguage\":\"es\",\"potentialAction\":[{\"@type\":\"ReadAction\",\"target\":[\"https:\\\/\\\/www.thompsoninjurylaw.com\\\/es\\\/areas-de-servicio\\\/carlsbad\\\/\"]}]},{\"@type\":\"BreadcrumbList\",\"@id\":\"https:\\\/\\\/www.thompsoninjurylaw.com\\\/es\\\/areas-de-servicio\\\/carlsbad\\\/#breadcrumb\",\"itemListElement\":[{\"@type\":\"ListItem\",\"position\":1,\"name\":\"Home\",\"item\":\"https:\\\/\\\/www.thompsoninjurylaw.com\\\/es\\\/\"},{\"@type\":\"ListItem\",\"position\":2,\"name\":\"\u00c1reas de Servicio\",\"item\":\"https:\\\/\\\/www.thompsoninjurylaw.com\\\/es\\\/areas-de-servicio\\\/\"},{\"@type\":\"ListItem\",\"position\":3,\"name\":\"Abogado de Exposici\u00f3n a Moho T\u00f3xico y Peligros Ambientales en Carlsbad &#8211; A. Thompson\"}]},{\"@type\":\"WebSite\",\"@id\":\"https:\\\/\\\/www.thompsoninjurylaw.com\\\/es\\\/#website\",\"url\":\"https:\\\/\\\/www.thompsoninjurylaw.com\\\/es\\\/\",\"name\":\"Thompson Injury Law \u2022 Espa\u00f1ol\",\"description\":\"\",\"potentialAction\":[{\"@type\":\"SearchAction\",\"target\":{\"@type\":\"EntryPoint\",\"urlTemplate\":\"https:\\\/\\\/www.thompsoninjurylaw.com\\\/es\\\/?s={search_term_string}\"},\"query-input\":{\"@type\":\"PropertyValueSpecification\",\"valueRequired\":true,\"valueName\":\"search_term_string\"}}],\"inLanguage\":\"es\"}]}<\/script>\n<!-- \/ Yoast SEO plugin. -->","yoast_head_json":{"title":"Abogado de Exposici\u00f3n a Moho T\u00f3xico y Peligros Ambientales en Carlsbad - A. Thompson - Thompson Injury Law \u2022 Espa\u00f1ol","robots":{"index":"index","follow":"follow","max-snippet":"max-snippet:-1","max-image-preview":"max-image-preview:large","max-video-preview":"max-video-preview:-1"},"canonical":"https:\/\/www.thompsoninjurylaw.com\/es\/areas-de-servicio\/carlsbad\/","og_locale":"es_MX","og_type":"article","og_title":"Abogado de Exposici\u00f3n a Moho T\u00f3xico y Peligros Ambientales en Carlsbad - A. Thompson - Thompson Injury Law \u2022 Espa\u00f1ol","og_description":"Como muchas ciudades costeras, muchas casas en Carlsbad tienen problemas de moho debido a la humedad causada por la proximidad del Oc\u00e9ano Pac\u00edfico. Un abogado de derecho ambiental de Carlsbad de Thompson Injury Law puede ayudarle a obtener compensaci\u00f3n por cualquier da\u00f1o causado por un casero que ignor\u00f3 un problema de moho donde usted vive....","og_url":"https:\/\/www.thompsoninjurylaw.com\/es\/areas-de-servicio\/carlsbad\/","og_site_name":"Thompson Injury Law \u2022 Espa\u00f1ol","article_modified_time":"2025-09-08T15:36:14+00:00","twitter_card":"summary_large_image","twitter_misc":{"Est. reading time":"5 minutos"},"schema":{"@context":"https:\/\/schema.org","@graph":[{"@type":"WebPage","@id":"https:\/\/www.thompsoninjurylaw.com\/es\/areas-de-servicio\/carlsbad\/","url":"https:\/\/www.thompsoninjurylaw.com\/es\/areas-de-servicio\/carlsbad\/","name":"Abogado de Exposici\u00f3n a Moho T\u00f3xico y Peligros Ambientales en Carlsbad - A. Thompson - Thompson Injury Law \u2022 Espa\u00f1ol","isPartOf":{"@id":"https:\/\/www.thompsoninjurylaw.com\/es\/#website"},"datePublished":"2025-09-08T15:36:13+00:00","dateModified":"2025-09-08T15:36:14+00:00","breadcrumb":{"@id":"https:\/\/www.thompsoninjurylaw.com\/es\/areas-de-servicio\/carlsbad\/#breadcrumb"},"inLanguage":"es","potentialAction":[{"@type":"ReadAction","target":["https:\/\/www.thompsoninjurylaw.com\/es\/areas-de-servicio\/carlsbad\/"]}]},{"@type":"BreadcrumbList","@id":"https:\/\/www.thompsoninjurylaw.com\/es\/areas-de-servicio\/carlsbad\/#breadcrumb","itemListElement":[{"@type":"ListItem","position":1,"name":"Home","item":"https:\/\/www.thompsoninjurylaw.com\/es\/"},{"@type":"ListItem","position":2,"name":"\u00c1reas de Servicio","item":"https:\/\/www.thompsoninjurylaw.com\/es\/areas-de-servicio\/"},{"@type":"ListItem","position":3,"name":"Abogado de Exposici\u00f3n a Moho T\u00f3xico y Peligros Ambientales en Carlsbad &#8211; A. Thompson"}]},{"@type":"WebSite","@id":"https:\/\/www.thompsoninjurylaw.com\/es\/#website","url":"https:\/\/www.thompsoninjurylaw.com\/es\/","name":"Thompson Injury Law \u2022 Espa\u00f1ol","description":"","potentialAction":[{"@type":"SearchAction","target":{"@type":"EntryPoint","urlTemplate":"https:\/\/www.thompsoninjurylaw.com\/es\/?s={search_term_string}"},"query-input":{"@type":"PropertyValueSpecification","valueRequired":true,"valueName":"search_term_string"}}],"inLanguage":"es"}]}},"_links":{"self":[{"href":"https:\/\/www.thompsoninjurylaw.com\/es\/wp-json\/wp\/v2\/pages\/3535","targetHints":{"allow":["GET"]}}],"collection":[{"href":"https:\/\/www.thompsoninjurylaw.com\/es\/wp-json\/wp\/v2\/pages"}],"about":[{"href":"https:\/\/www.thompsoninjurylaw.com\/es\/wp-json\/wp\/v2\/types\/page"}],"author":[{"embeddable":true,"href":"https:\/\/www.thompsoninjurylaw.com\/es\/wp-json\/wp\/v2\/users\/2"}],"replies":[{"embeddable":true,"href":"https:\/\/www.thompsoninjurylaw.com\/es\/wp-json\/wp\/v2\/comments?post=3535"}],"version-history":[{"count":0,"href":"https:\/\/www.thompsoninjurylaw.com\/es\/wp-json\/wp\/v2\/pages\/3535\/revisions"}],"up":[{"embeddable":true,"href":"https:\/\/www.thompsoninjurylaw.com\/es\/wp-json\/wp\/v2\/pages\/3529"}],"wp:attachment":[{"href":"https:\/\/www.thompsoninjurylaw.com\/es\/wp-json\/wp\/v2\/media?parent=3535"}],"curies":[{"name":"wp","href":"https:\/\/api.w.org\/{rel}","templated":true}]}}