{"id":3529,"date":"2025-09-04T18:50:35","date_gmt":"2025-09-04T18:50:35","guid":{"rendered":"https:\/\/www.thompsoninjurylaw.com\/es\/?page_id=3529"},"modified":"2025-09-04T18:50:37","modified_gmt":"2025-09-04T18:50:37","slug":"areas-de-servicio","status":"publish","type":"page","link":"https:\/\/www.thompsoninjurylaw.com\/es\/areas-de-servicio\/","title":{"rendered":"\u00c1reas de Servicio"},"content":{"rendered":"\n<ul class=\"sub-page-list\"><li class=\"page_item page-item-3532\"><a href=\"https:\/\/www.thompsoninjurylaw.com\/es\/areas-de-servicio\/anaheim\/\">\u00bfPuedo Demandar a mi Casero por Exposici\u00f3n al Moho en Anaheim, CA? Su Gu\u00eda Legal Completa<\/a><\/li>\n<li class=\"page_item page-item-3535\"><a href=\"https:\/\/www.thompsoninjurylaw.com\/es\/areas-de-servicio\/carlsbad\/\">Abogado de Exposici\u00f3n a Moho T\u00f3xico y Peligros Ambientales en Carlsbad &#8211; A. Thompson<\/a><\/li>\n<li class=\"page_item page-item-3537\"><a href=\"https:\/\/www.thompsoninjurylaw.com\/es\/areas-de-servicio\/cathedral-city\/\">Abogado de Moho en Cathedral City: Ley Ambiental del Clima Des\u00e9rtico &#8211; Thompson Injury Law<\/a><\/li>\n<li class=\"page_item page-item-3539\"><a href=\"https:\/\/www.thompsoninjurylaw.com\/es\/areas-de-servicio\/chula-vista\/\">Abogado de Peligros Ambientales y Moho en Chula Vista &#8211; Thompson Law<\/a><\/li>\n<li class=\"page_item page-item-3541\"><a href=\"https:\/\/www.thompsoninjurylaw.com\/es\/areas-de-servicio\/corona\/\">Abogado de Moho en Corona: Ayuda Legal para Moho T\u00f3xico en el Condado de Riverside &#8211; Thompson Injury Law<\/a><\/li>\n<li class=\"page_item page-item-3543\"><a href=\"https:\/\/www.thompsoninjurylaw.com\/es\/areas-de-servicio\/costa-mesa\/\">Abogado de Moho en Costa Mesa: Ayuda Legal para Vivienda T\u00f3xica en el Centro del Condado de Orange &#8211; Thompson Injury Law<\/a><\/li>\n<li class=\"page_item page-item-3545\"><a href=\"https:\/\/www.thompsoninjurylaw.com\/es\/areas-de-servicio\/el-cajon\/\">Abogados de Exposici\u00f3n a Moho T\u00f3xico en El Caj\u00f3n: Cuando los Caseros Anteponen las Ganancias a la Salud de su Familia &#8211; Thompson Injury Law<\/a><\/li>\n<li class=\"page_item page-item-3547\"><a href=\"https:\/\/www.thompsoninjurylaw.com\/es\/areas-de-servicio\/encinitas\/\">Abogado de Moho en Encinitas: Litigio de Moho en Propiedades Costeras en el Norte del Condado de San Diego &#8211; Thompson Injury Law<\/a><\/li>\n<li class=\"page_item page-item-3549\"><a href=\"https:\/\/www.thompsoninjurylaw.com\/es\/areas-de-servicio\/escondido\/\">Abogado de Moho en Escondido: \u00bfPuedo Demandar a mi Casero por Moho T\u00f3xico en el Condado de San Diego? &#8211; Thompson Injury Law<\/a><\/li>\n<li class=\"page_item page-item-3551\"><a href=\"https:\/\/www.thompsoninjurylaw.com\/es\/areas-de-servicio\/fullerton\/\">Abogado de Moho en Fullerton: Luchando Contra Vivienda T\u00f3xica en el Norte del Condado de Orange &#8211; Thompson Injury Law<\/a><\/li>\n<li class=\"page_item page-item-3553\"><a href=\"https:\/\/www.thompsoninjurylaw.com\/es\/areas-de-servicio\/garden-grove\/\">Abogado de Moho en Garden Grove: Luchando Contra Vivienda T\u00f3xica en el Coraz\u00f3n del Condado de Orange &#8211; Thompson Injury Law<\/a><\/li>\n<li class=\"page_item page-item-3555\"><a href=\"https:\/\/www.thompsoninjurylaw.com\/es\/areas-de-servicio\/huntington-beach\/\">Abogado de Moho en Huntington Beach: Expertos en Litigio de Moho en Propiedades Costeras &#8211; Thompson Injury Law<\/a><\/li>\n<li class=\"page_item page-item-3557\"><a href=\"https:\/\/www.thompsoninjurylaw.com\/es\/areas-de-servicio\/indio\/\">Abogado de Moho T\u00f3xico en Indio: Protegiendo a Asistentes de Festivales y la Comunidad Latina de Exposici\u00f3n Peligrosa al Moho &#8211; Thompson Injury Law<\/a><\/li>\n<li class=\"page_item page-item-3559\"><a href=\"https:\/\/www.thompsoninjurylaw.com\/es\/areas-de-servicio\/irvine\/\">Abogado de Moho en Irvine: Ayuda Legal para Exposici\u00f3n a Moho T\u00f3xico en el Condado de Orange &#8211; Thompson Injury Law<\/a><\/li>\n<li class=\"page_item page-item-3561\"><a href=\"https:\/\/www.thompsoninjurylaw.com\/es\/areas-de-servicio\/la-mesa\/\">Abogado de Moho en La Mesa: Cuando los Caseros Ignoran Problemas Peligrosos de Moho &#8211; Thompson Injury Law<\/a><\/li>\n<li class=\"page_item page-item-3563\"><a href=\"https:\/\/www.thompsoninjurylaw.com\/es\/areas-de-servicio\/la-quinta\/\">Abogado de Moho en Comunidad Resort de Lujo de La Quinta: Protecci\u00f3n Legal para Propiedades de Campo de Golf y Country Club &#8211; Thompson Injury Law<\/a><\/li>\n<li class=\"page_item page-item-3565\"><a href=\"https:\/\/www.thompsoninjurylaw.com\/es\/areas-de-servicio\/long-beach\/\">Abogados de Moho T\u00f3xico en Long Beach: Protegiendo a Residentes de Peligros Ambientales en las Comunidades Costeras de California &#8211; Thompson Injury Law<\/a><\/li>\n<li class=\"page_item page-item-3567\"><a href=\"https:\/\/www.thompsoninjurylaw.com\/es\/areas-de-servicio\/moreno-valley\/\">Abogado de Exposici\u00f3n al Moho en Moreno Valley: Protegiendo a las Familias de Viviendas T\u00f3xicas<\/a><\/li>\n<li class=\"page_item page-item-3569\"><a href=\"https:\/\/www.thompsoninjurylaw.com\/es\/areas-de-servicio\/murrieta\/\">Abogado de Moho en Murrieta: Ley Ambiental del Suroeste del Condado de Riverside<\/a><\/li>\n<li class=\"page_item page-item-3571\"><a href=\"https:\/\/www.thompsoninjurylaw.com\/es\/areas-de-servicio\/oceanside\/\">Abogado de Moho T\u00f3xico y Riesgos Ambientales en Oceanside<\/a><\/li>\n<li class=\"page_item page-item-3573\"><a href=\"https:\/\/www.thompsoninjurylaw.com\/es\/areas-de-servicio\/palm-desert\/\">Abogado de Moho T\u00f3xico en Palm Desert: Protegiendo a Propietarios y Residentes de Vivienda para Personas Mayores de la Exposici\u00f3n Peligrosa al Moho<\/a><\/li>\n<li class=\"page_item page-item-3575\"><a href=\"https:\/\/www.thompsoninjurylaw.com\/es\/areas-de-servicio\/palm-springs\/\">Exposici\u00f3n al Moho en Palm Springs: Sus Derechos Legales y la Protecci\u00f3n Especializada de Thompson Injury Law &#8211; Thompson Injury Law<\/a><\/li>\n<li class=\"page_item page-item-3577\"><a href=\"https:\/\/www.thompsoninjurylaw.com\/es\/areas-de-servicio\/riverside\/\">Abogado de Moho en Riverside: \u00bfPuedo Demandar a Mi Casero por Exposici\u00f3n al Moho T\u00f3xico?<\/a><\/li>\n<li class=\"page_item page-item-3579\"><a href=\"https:\/\/www.thompsoninjurylaw.com\/es\/areas-de-servicio\/san-diego\/\">Abogado de Moho T\u00f3xico y Riesgos Ambientales en San Diego<\/a><\/li>\n<li class=\"page_item page-item-3581\"><a href=\"https:\/\/www.thompsoninjurylaw.com\/es\/areas-de-servicio\/santa-ana\/\">Abogado de Moho en Santa Ana: \u00bfPuedo Demandar a Mi Casero por Moho Negro en Mi Apartamento?<\/a><\/li>\n<\/ul>\n","protected":false},"excerpt":{"rendered":"","protected":false},"author":2,"featured_media":0,"parent":0,"menu_order":0,"comment_status":"closed","ping_status":"closed","template":"","meta":{"_acf_changed":true,"footnotes":""},"class_list":["post-3529","page","type-page","status-publish","hentry"],"acf":[],"yoast_head":"<!-- This site is optimized with the Yoast SEO plugin v27.4 - https:\/\/yoast.com\/product\/yoast-seo-wordpress\/ -->\n<title>\u00c1reas de Servicio - Thompson Injury Law \u2022 Espa\u00f1ol<\/title>\n<meta name=\"robots\" content=\"index, follow, max-snippet:-1, max-image-preview:large, max-video-preview:-1\" \/>\n<link rel=\"canonical\" href=\"https:\/\/www.thompsoninjurylaw.com\/es\/areas-de-servicio\/\" \/>\n<meta property=\"og:locale\" content=\"es_MX\" \/>\n<meta property=\"og:type\" content=\"article\" \/>\n<meta property=\"og:title\" content=\"\u00c1reas de Servicio - Thompson Injury Law \u2022 Espa\u00f1ol\" \/>\n<meta property=\"og:url\" content=\"https:\/\/www.thompsoninjurylaw.com\/es\/areas-de-servicio\/\" \/>\n<meta property=\"og:site_name\" content=\"Thompson Injury Law \u2022 Espa\u00f1ol\" \/>\n<meta property=\"article:modified_time\" content=\"2025-09-04T18:50:37+00:00\" \/>\n<meta name=\"twitter:card\" content=\"summary_large_image\" \/>\n<meta name=\"twitter:label1\" content=\"Est. reading time\" \/>\n\t<meta name=\"twitter:data1\" content=\"1 minuto\" \/>\n<script type=\"application\/ld+json\" class=\"yoast-schema-graph\">{\"@context\":\"https:\\\/\\\/schema.org\",\"@graph\":[{\"@type\":\"WebPage\",\"@id\":\"https:\\\/\\\/www.thompsoninjurylaw.com\\\/es\\\/areas-de-servicio\\\/\",\"url\":\"https:\\\/\\\/www.thompsoninjurylaw.com\\\/es\\\/areas-de-servicio\\\/\",\"name\":\"\u00c1reas de Servicio - Thompson Injury Law \u2022 Espa\u00f1ol\",\"isPartOf\":{\"@id\":\"https:\\\/\\\/www.thompsoninjurylaw.com\\\/es\\\/#website\"},\"datePublished\":\"2025-09-04T18:50:35+00:00\",\"dateModified\":\"2025-09-04T18:50:37+00:00\",\"breadcrumb\":{\"@id\":\"https:\\\/\\\/www.thompsoninjurylaw.com\\\/es\\\/areas-de-servicio\\\/#breadcrumb\"},\"inLanguage\":\"es\",\"potentialAction\":[{\"@type\":\"ReadAction\",\"target\":[\"https:\\\/\\\/www.thompsoninjurylaw.com\\\/es\\\/areas-de-servicio\\\/\"]}]},{\"@type\":\"BreadcrumbList\",\"@id\":\"https:\\\/\\\/www.thompsoninjurylaw.com\\\/es\\\/areas-de-servicio\\\/#breadcrumb\",\"itemListElement\":[{\"@type\":\"ListItem\",\"position\":1,\"name\":\"Home\",\"item\":\"https:\\\/\\\/www.thompsoninjurylaw.com\\\/es\\\/\"},{\"@type\":\"ListItem\",\"position\":2,\"name\":\"\u00c1reas de Servicio\"}]},{\"@type\":\"WebSite\",\"@id\":\"https:\\\/\\\/www.thompsoninjurylaw.com\\\/es\\\/#website\",\"url\":\"https:\\\/\\\/www.thompsoninjurylaw.com\\\/es\\\/\",\"name\":\"Thompson Injury Law \u2022 Espa\u00f1ol\",\"description\":\"\",\"potentialAction\":[{\"@type\":\"SearchAction\",\"target\":{\"@type\":\"EntryPoint\",\"urlTemplate\":\"https:\\\/\\\/www.thompsoninjurylaw.com\\\/es\\\/?s={search_term_string}\"},\"query-input\":{\"@type\":\"PropertyValueSpecification\",\"valueRequired\":true,\"valueName\":\"search_term_string\"}}],\"inLanguage\":\"es\"}]}<\/script>\n<!-- \/ Yoast SEO plugin. -->","yoast_head_json":{"title":"\u00c1reas de Servicio - Thompson Injury Law \u2022 Espa\u00f1ol","robots":{"index":"index","follow":"follow","max-snippet":"max-snippet:-1","max-image-preview":"max-image-preview:large","max-video-preview":"max-video-preview:-1"},"canonical":"https:\/\/www.thompsoninjurylaw.com\/es\/areas-de-servicio\/","og_locale":"es_MX","og_type":"article","og_title":"\u00c1reas de Servicio - Thompson Injury Law \u2022 Espa\u00f1ol","og_url":"https:\/\/www.thompsoninjurylaw.com\/es\/areas-de-servicio\/","og_site_name":"Thompson Injury Law \u2022 Espa\u00f1ol","article_modified_time":"2025-09-04T18:50:37+00:00","twitter_card":"summary_large_image","twitter_misc":{"Est. reading time":"1 minuto"},"schema":{"@context":"https:\/\/schema.org","@graph":[{"@type":"WebPage","@id":"https:\/\/www.thompsoninjurylaw.com\/es\/areas-de-servicio\/","url":"https:\/\/www.thompsoninjurylaw.com\/es\/areas-de-servicio\/","name":"\u00c1reas de Servicio - Thompson Injury Law \u2022 Espa\u00f1ol","isPartOf":{"@id":"https:\/\/www.thompsoninjurylaw.com\/es\/#website"},"datePublished":"2025-09-04T18:50:35+00:00","dateModified":"2025-09-04T18:50:37+00:00","breadcrumb":{"@id":"https:\/\/www.thompsoninjurylaw.com\/es\/areas-de-servicio\/#breadcrumb"},"inLanguage":"es","potentialAction":[{"@type":"ReadAction","target":["https:\/\/www.thompsoninjurylaw.com\/es\/areas-de-servicio\/"]}]},{"@type":"BreadcrumbList","@id":"https:\/\/www.thompsoninjurylaw.com\/es\/areas-de-servicio\/#breadcrumb","itemListElement":[{"@type":"ListItem","position":1,"name":"Home","item":"https:\/\/www.thompsoninjurylaw.com\/es\/"},{"@type":"ListItem","position":2,"name":"\u00c1reas de Servicio"}]},{"@type":"WebSite","@id":"https:\/\/www.thompsoninjurylaw.com\/es\/#website","url":"https:\/\/www.thompsoninjurylaw.com\/es\/","name":"Thompson Injury Law \u2022 Espa\u00f1ol","description":"","potentialAction":[{"@type":"SearchAction","target":{"@type":"EntryPoint","urlTemplate":"https:\/\/www.thompsoninjurylaw.com\/es\/?s={search_term_string}"},"query-input":{"@type":"PropertyValueSpecification","valueRequired":true,"valueName":"search_term_string"}}],"inLanguage":"es"}]}},"_links":{"self":[{"href":"https:\/\/www.thompsoninjurylaw.com\/es\/wp-json\/wp\/v2\/pages\/3529","targetHints":{"allow":["GET"]}}],"collection":[{"href":"https:\/\/www.thompsoninjurylaw.com\/es\/wp-json\/wp\/v2\/pages"}],"about":[{"href":"https:\/\/www.thompsoninjurylaw.com\/es\/wp-json\/wp\/v2\/types\/page"}],"author":[{"embeddable":true,"href":"https:\/\/www.thompsoninjurylaw.com\/es\/wp-json\/wp\/v2\/users\/2"}],"replies":[{"embeddable":true,"href":"https:\/\/www.thompsoninjurylaw.com\/es\/wp-json\/wp\/v2\/comments?post=3529"}],"version-history":[{"count":0,"href":"https:\/\/www.thompsoninjurylaw.com\/es\/wp-json\/wp\/v2\/pages\/3529\/revisions"}],"wp:attachment":[{"href":"https:\/\/www.thompsoninjurylaw.com\/es\/wp-json\/wp\/v2\/media?parent=3529"}],"curies":[{"name":"wp","href":"https:\/\/api.w.org\/{rel}","templated":true}]}}