{"id":3501,"date":"2025-08-27T15:26:06","date_gmt":"2025-08-27T15:26:06","guid":{"rendered":"https:\/\/www.thompsoninjurylaw.com\/es\/?page_id=3501"},"modified":"2025-08-27T15:26:07","modified_gmt":"2025-08-27T15:26:07","slug":"thompson-injury-law-bufete-de-abogados-especializado-en-moho-y-peligros-ambientales-de-san-diego","status":"publish","type":"page","link":"https:\/\/www.thompsoninjurylaw.com\/es\/thompson-injury-law-bufete-de-abogados-especializado-en-moho-y-peligros-ambientales-de-san-diego\/","title":{"rendered":"Thompson Injury Law &#8211; Bufete de Abogados Especializado en Moho y Peligros Ambientales de San Diego"},"content":{"rendered":"\n<p>Los peligros del moho t\u00f3xico y otros riesgos ambientales afectan muchas propiedades en San Diego, causando todo tipo de lesiones, incluyendo afecciones respiratorias, erupciones cut\u00e1neas y otras enfermedades. Si usted o un ser querido ha sufrido por exposici\u00f3n t\u00f3xica, Thompson Injury Law puede ayudarle.<\/p>\n\n\n\n<p>Nuestros abogados litigantes ambientales tienen d\u00e9cadas de experiencia litigando reclamaciones por exposici\u00f3n t\u00f3xica que involucran defectos de construcci\u00f3n, asociaciones de propietarios, exposici\u00f3n en hogares de ancianos, exposici\u00f3n en escuelas\/guarder\u00edas y exposici\u00f3n en el lugar de trabajo derivada de:<\/p>\n\n\n\n<ul class=\"wp-block-list\">\n<li>Moho t\u00f3xico <\/li>\n\n\n\n<li>Envenenamiento por plomo <\/li>\n\n\n\n<li>Exposici\u00f3n al asbesto<\/li>\n\n\n\n<li>Envenenamiento por mon\u00f3xido de carbono <\/li>\n\n\n\n<li>Enfermedad del legionario<\/li>\n\n\n\n<li>Infestaci\u00f3n de plagas (p. ej., cucarachas, chinches) <\/li>\n\n\n\n<li>Vivienda inadecuada (tugurios)<\/li>\n<\/ul>\n\n\n\n<p>Dadas las complejidades legales, m\u00e9dicas y cient\u00edficas involucradas en las reclamaciones por moho t\u00f3xico, se necesita un abogado litigante ambiental experimentado para proteger sus derechos.<\/p>\n\n\n\n<p>Thompson Injury Law ha estado ayudando a v\u00edctimas de lesiones desde 1976 y tiene un impresionante historial de \u00e9xito, habiendo recuperado millones de d\u00f3lares para nuestros clientes. Contacte nuestra oficina hoy para una consulta sin costo.<\/p>\n\n\n\n<p><a href=\"https:\/\/claude.ai\/about\/\">Conozca M\u00e1s Sobre Nuestro Bufete<\/a><\/p>\n\n\n\n<h2 class=\"wp-block-heading\">Abogados Especialistas en Moho T\u00f3xico de San Diego<\/h2>\n\n\n\n<p>El moho t\u00f3xico interior, tambi\u00e9n conocido como Stachybotrys o moho negro, es un problema generalizado en hogares y edificios en todo el sur de California. La contaminaci\u00f3n por moho t\u00f3xico est\u00e1 relacionada con la humedad y el da\u00f1o por agua debido a inundaciones y otras incursiones de agua, como filtraciones en techos, fugas de plomer\u00eda, losas agrietadas, paisajismo\/drenaje inadecuado y sistemas de ventilaci\u00f3n mal mantenidos.<\/p>\n\n\n\n<p>La exposici\u00f3n al moho negro puede causar una amplia gama de lesiones. Los s\u00edntomas comunes de exposici\u00f3n al moho t\u00f3xico incluyen:<\/p>\n\n\n\n<ul class=\"wp-block-list\">\n<li>Afecciones respiratorias <\/li>\n\n\n\n<li>Infecciones sinusales<\/li>\n\n\n\n<li>Inicio o empeoramiento del asma <\/li>\n\n\n\n<li>Fatiga, niebla cerebral<\/li>\n\n\n\n<li>Reacciones al\u00e9rgicas <\/li>\n\n\n\n<li>Sensibilidad qu\u00edmica <\/li>\n\n\n\n<li>Problemas neurol\u00f3gicos <\/li>\n\n\n\n<li>Irritaci\u00f3n de la piel<\/li>\n<\/ul>\n\n\n\n<p>Si la exposici\u00f3n al moho t\u00f3xico en su casa, apartamento, condominio, escuela, lugar de trabajo o hogar de ancianos le ha causado da\u00f1o, acuda a Thompson Injury Law. Colaboramos regularmente con expertos respetados en derecho ambiental y exposici\u00f3n t\u00f3xica y trabajaremos estrat\u00e9gicamente para construir una reclamaci\u00f3n exitosa.<\/p>\n\n\n\n<h2 class=\"wp-block-heading\">Cuando los Defectos de Construcci\u00f3n Llevan a la Exposici\u00f3n al Moho T\u00f3xico<\/h2>\n\n\n\n<p>Los defectos de construcci\u00f3n son una fuente com\u00fan de exposici\u00f3n al moho t\u00f3xico en edificios residenciales y comerciales en San Diego, tales como:<\/p>\n\n\n\n<ul class=\"wp-block-list\">\n<li>Intrusi\u00f3n severa de agua <\/li>\n\n\n\n<li>Defectos estructurales <\/li>\n\n\n\n<li>Drenaje inadecuado del sitio <\/li>\n\n\n\n<li>Defectos de plomer\u00eda <\/li>\n\n\n\n<li>Defectos del sistema HVAC<\/li>\n\n\n\n<li>Instalaciones inadecuadas de ventanas\/puertas <\/li>\n\n\n\n<li>Instalaciones inadecuadas de electrodom\u00e9sticos <\/li>\n\n\n\n<li>Paisajismo inadecuado<\/li>\n\n\n\n<li>Falta de barreras de humedad <\/li>\n\n\n\n<li>Impermeabilizaci\u00f3n inadecuada<\/li>\n<\/ul>\n\n\n\n<p>Nuestros abogados litigantes ambientales aprovechan nuestras habilidades y experiencia para responsabilizar a desarrolladores, constructores, contratistas, subcontratistas y fabricantes por:<\/p>\n\n\n\n<ul class=\"wp-block-list\">\n<li>Investigaciones inadecuadas del sitio <\/li>\n\n\n\n<li>Dise\u00f1os defectuosos<\/li>\n\n\n\n<li>Violaciones del c\u00f3digo de construcci\u00f3n<\/li>\n\n\n\n<li>Mejoras sin permisos <\/li>\n\n\n\n<li>Negligencia del contratista <\/li>\n\n\n\n<li>Drenaje e intrusi\u00f3n de agua <\/li>\n\n\n\n<li>Techado defectuoso<\/li>\n<\/ul>\n\n\n\n<p>Si los defectos de construcci\u00f3n han llevado al crecimiento de moho t\u00f3xico en su casa, complejo de apartamentos, condominio o casa adosada, podemos ayudarle a recuperar da\u00f1os.<\/p>\n\n\n\n<p><a href=\"https:\/\/www.thompsoninjurylaw.com\/environmental-claims\/toxic-mold\/\">Conozca M\u00e1s<\/a><\/p>\n\n\n\n<h2 class=\"wp-block-heading\">Responsabilizando a las Asociaciones de Propietarios de San Diego por la Exposici\u00f3n al Moho T\u00f3xico<\/h2>\n\n\n\n<p>Una asociaci\u00f3n de propietarios (HOA) y la junta directiva son responsables de mantener las unidades individuales y las \u00e1reas comunes. Cuando una HOA no logra reparar un techo o la impermeabilizaci\u00f3n, el da\u00f1o severo por agua dentro de la unidad de un propietario puede resultar en moho t\u00f3xico generalizado. Se\u00f1ales a buscar incluyen:<\/p>\n\n\n\n<ul class=\"wp-block-list\">\n<li>Olores a humedad <\/li>\n\n\n\n<li>Crecimiento visible de moho<\/li>\n\n\n\n<li>Paneles de yeso despeg\u00e1ndose\/burbujeando <\/li>\n\n\n\n<li>Pisos deformados<\/li>\n\n\n\n<li>Agua estancada alrededor de los cimientos <\/li>\n\n\n\n<li>Da\u00f1o visible por agua en estuco exterior <\/li>\n\n\n\n<li>Condensaci\u00f3n de agua en el sistema HVAC<\/li>\n<\/ul>\n\n\n\n<p>Si su asociaci\u00f3n de propietarios ha fallado en remediar el da\u00f1o por agua, nuestros abogados especializados en moho de HOA pueden ayudarle a navegar las complejas reclamaciones de seguros y cobertura y proteger sus derechos.<\/p>\n\n\n\n<h2 class=\"wp-block-heading\">No Divulgaci\u00f3n de Bienes Ra\u00edces<\/h2>\n\n\n\n<p>Bajo la ley de California, los vendedores de bienes ra\u00edces deben divulgar cualquier defecto que pueda afectar materialmente el valor y la deseabilidad de la propiedad, incluyendo:<\/p>\n\n\n\n<ul class=\"wp-block-list\">\n<li>Da\u00f1o previo<\/li>\n\n\n\n<li>Defectos f\u00edsicos conocidos <\/li>\n\n\n\n<li>Historial de da\u00f1o por agua <\/li>\n\n\n\n<li>Condiciones peligrosas<\/li>\n<\/ul>\n\n\n\n<p>Un vendedor que no divulga estas condiciones puede ser responsable por cualquier da\u00f1o resultante de la no divulgaci\u00f3n, incluyendo el crecimiento de moho t\u00f3xico. Si usted compr\u00f3 una propiedad y no recibi\u00f3 las divulgaciones apropiadas, nuestros abogados especializados en moho de bienes ra\u00edces de San Diego pueden ayudarle.<\/p>\n\n\n\n<h2 class=\"wp-block-heading\">Caseros Negligentes\/Vivienda en Tugurios<\/h2>\n\n\n\n<p>La ley de California requiere que todos los apartamentos y casas de alquiler sean seguros y habitables. Desafortunadamente, los caseros y caseros negligentes en todo el estado descuidan sus unidades de alquiler y abusan de sus inquilinos. Los caseros negligentes se aprovechan de los inquilinos en comunidades desfavorecidas ignorando sus quejas y amenaz\u00e1ndolos con el desalojo.<\/p>\n\n\n\n<p>Thompson Injury Law puede ayudarle a presentar una reclamaci\u00f3n v\u00e1lida contra su casero si su unidad de alquiler tiene cualquiera de los siguientes defectos:<\/p>\n\n\n\n<ul class=\"wp-block-list\">\n<li>Infestaci\u00f3n de cucarachas, chinches o roedores <\/li>\n\n\n\n<li>Sin agua corriente<\/li>\n\n\n\n<li>Falta de agua caliente<\/li>\n\n\n\n<li>Sin calefacci\u00f3n debido a hornos o sistemas de calefacci\u00f3n defectuosos <\/li>\n\n\n\n<li>Fugas de plomer\u00eda o agua<\/li>\n\n\n\n<li>Agua hirviendo de duchas, ba\u00f1eras y grifos de cocina <\/li>\n\n\n\n<li>Techos y paredes deteriorados<\/li>\n\n\n\n<li>Pintura a base de plomo despeg\u00e1ndose o deteriorada <\/li>\n\n\n\n<li>Fugas de aguas residuales<\/li>\n\n\n\n<li>Moho<\/li>\n\n\n\n<li>Fregaderos obstruidos o rotos <\/li>\n\n\n\n<li>Agujeros en las paredes <\/li>\n\n\n\n<li>Ventanas rotas o da\u00f1adas <\/li>\n\n\n\n<li>Escaleras o barandillas rotas<\/li>\n\n\n\n<li>Enchufes o cableado el\u00e9ctrico defectuoso <\/li>\n\n\n\n<li>\u00c1reas comunes sucias o insalubres<\/li>\n<\/ul>\n\n\n\n<p>Los caseros deben cumplir con est\u00e1ndares m\u00ednimos b\u00e1sicos de salud y seguridad desde el momento en que se muda a su unidad de alquiler hasta que se muda. Debe saber que su casero no puede tomar represalias contra usted por quejarse al departamento de vivienda o salud o presentar una demanda contra ellos. Puede depender de nuestro equipo legal para responsabilizar a su casero y proteger sus derechos de vivienda.<\/p>\n\n\n\n<p><a href=\"https:\/\/www.thompsoninjurylaw.com\/environmental-claims\/slum-housing\/\">Proteja Sus Derechos de Vivienda Hoy<\/a><\/p>\n\n\n\n<h2 class=\"wp-block-heading\">Exposici\u00f3n en Hogares de Ancianos<\/h2>\n\n\n\n<p>El mantenimiento inadecuado de edificios, terrenos y sistemas HVAC en hogares de ancianos e instalaciones de vida asistida en todo el sur de California puede exponer a los residentes al moho t\u00f3xico. Tal exposici\u00f3n puede resultar en lesiones graves, incluyendo:<\/p>\n\n\n\n<ul class=\"wp-block-list\">\n<li>Infecciones pulmonares <\/li>\n\n\n\n<li>Dificultad para respirar <\/li>\n\n\n\n<li>Infecciones sinusales <\/li>\n\n\n\n<li>Infecciones del o\u00eddo <\/li>\n\n\n\n<li>Bronquitis cr\u00f3nica <\/li>\n\n\n\n<li>Dolores de cabeza <\/li>\n\n\n\n<li>Erupciones inexplicables <\/li>\n\n\n\n<li>Aumento del asma<\/li>\n<\/ul>\n\n\n\n<p>Si su familiar ha sufrido por exposici\u00f3n al moho t\u00f3xico, lucharemos para responsabilizar al hogar de ancianos y proteger a su ser querido.<\/p>\n\n\n\n<p><a href=\"https:\/\/claude.ai\/practice-areas\/environmental-claims\/\">Comience a Proteger a Sus Seres Queridos Ahora<\/a><\/p>\n\n\n\n<h2 class=\"wp-block-heading\">Exposici\u00f3n en Escuelas\/Guarder\u00edas<\/h2>\n\n\n\n<p>Los problemas de humedad y moho son comunes en <a href=\"https:\/\/www.thompsoninjurylaw.com\/environmental-claims\/toxic-mold\/daycare-school-mold-exposure\/\">escuelas y edificios de guarder\u00edas <\/a>en San Diego, lo que puede causar problemas graves de salud para su hijo, tales como:<\/p>\n\n\n\n<ul class=\"wp-block-list\">\n<li>Desarrollo o aumento del asma <\/li>\n\n\n\n<li>Erupciones persistentes<\/li>\n\n\n\n<li>Dolores de cabeza\/infecciones sinusales frecuentes <\/li>\n\n\n\n<li>Fatiga extrema y letargo<\/li>\n\n\n\n<li>P\u00e9rdida de cabello<\/li>\n<\/ul>\n\n\n\n<p>Si la exposici\u00f3n al moho t\u00f3xico en una escuela o guarder\u00eda ha da\u00f1ado a su hijo, nuestro equipo legal est\u00e1 bien preparado para luchar por usted.<\/p>\n\n\n\n<h2 class=\"wp-block-heading\">Exposici\u00f3n en el Lugar de Trabajo<\/h2>\n\n\n\n<p>La exposici\u00f3n al moho t\u00f3xico en el lugar de trabajo puede llevar a problemas graves de salud. Si su lugar de trabajo no est\u00e1 en una condici\u00f3n segura y habitable, su empleador o su casero puede ser responsable. Puede depender de nuestro abogado especialista en moho t\u00f3xico para trabajar en recuperar da\u00f1os por sus lesiones.<\/p>\n\n\n\n<p>Contacte a Nuestro Equipo Hoy<\/p>\n\n\n\n<h2 class=\"wp-block-heading\">Representando a V\u00edctimas de Exposici\u00f3n al Asbesto en el Sur de California<\/h2>\n\n\n\n<p>Hoy en d\u00eda, el asbesto permanece en edificios comerciales, escuelas, hogares y varios entornos industriales, incluyendo construcci\u00f3n naval y aeronaves militares. Cuando las fibras de asbesto se vuelven a\u00e9reas, pueden ser f\u00e1cilmente inhaladas y causar problemas de salud, como c\u00e1ncer de pulm\u00f3n y mesotelioma. Si usted o un ser querido tiene una enfermedad relacionada con el asbesto, nuestros abogados litigantes ambientales luchar\u00e1n para conseguirle la compensaci\u00f3n que necesita y merece.<\/p>\n\n\n\n<h2 class=\"wp-block-heading\">\u00bfPor Qu\u00e9 Elegirnos?<\/h2>\n\n\n\n<p>Si la exposici\u00f3n al moho t\u00f3xico u otro peligro ambiental le ha causado da\u00f1o, usted merece una compensaci\u00f3n justa. Ah\u00ed es donde entra Thompson Injury Law. Sabemos que la exposici\u00f3n t\u00f3xica puede ser devastadora y estaremos a su lado durante este momento dif\u00edcil. Conf\u00ede en nuestros abogados litigantes ambientales para ayudarle a recuperar da\u00f1os econ\u00f3micos y no econ\u00f3micos tales como:<\/p>\n\n\n\n<ul class=\"wp-block-list\">\n<li>Costos m\u00e9dicos y de rehabilitaci\u00f3n <\/li>\n\n\n\n<li>Ingresos perdidos \u2013 presentes y futuros<\/li>\n\n\n\n<li>Alteraciones a su hogar para hacerlo accesible <\/li>\n\n\n\n<li>Dolor y sufrimiento<\/li>\n\n\n\n<li>Angustia emocional <\/li>\n\n\n\n<li>Discapacidad permanente <\/li>\n\n\n\n<li>P\u00e9rdida del disfrute de la vida <\/li>\n\n\n\n<li>P\u00e9rdida del consorcio<\/li>\n<\/ul>\n\n\n\n<p>Sobre todo, estamos comprometidos a ayudarle a obtener una compensaci\u00f3n justa que considere todas sus necesidades m\u00e9dicas y financieras futuras.<\/p>\n\n\n\n<h2 class=\"wp-block-heading\">Contacte a Nuestro Abogado Litigante Ambiental Especialista en Moho T\u00f3xico de San Diego con Experiencia<\/h2>\n\n\n\n<p>En Thompson Injury Law, tenemos el conocimiento para luchar contra propietarios negligentes y corporaciones y la determinaci\u00f3n para enfrentarnos a compa\u00f1\u00edas de seguros que se niegan a honrar<\/p>\n\n\n\n<p>reclamaciones. Una vez que se convierta en nuestro cliente, lucharemos incansablemente para proteger su salud y seguridad. Contacte nuestra oficina hoy para saber c\u00f3mo podemos ayudarle.<\/p>\n\n\n\n<p>Thompson Injury Law ayuda a personas que han sufrido lesiones debido al moho t\u00f3xico y peligros ambientales en San Diego, incluyendo los condados de Orange y Riverside.<\/p>\n","protected":false},"excerpt":{"rendered":"<p>Los peligros del moho t\u00f3xico y otros riesgos ambientales afectan muchas propiedades en San Diego, causando todo tipo de lesiones, incluyendo afecciones respiratorias, erupciones cut\u00e1neas y otras enfermedades. Si usted o un ser querido ha sufrido por exposici\u00f3n t\u00f3xica, Thompson Injury Law puede ayudarle. Nuestros abogados litigantes ambientales tienen d\u00e9cadas de experiencia litigando reclamaciones por&#8230;<\/p>\n","protected":false},"author":2,"featured_media":0,"parent":0,"menu_order":0,"comment_status":"closed","ping_status":"closed","template":"","meta":{"_acf_changed":false,"footnotes":""},"class_list":["post-3501","page","type-page","status-publish","hentry"],"acf":[],"yoast_head":"<!-- This site is optimized with the Yoast SEO plugin v27.4 - https:\/\/yoast.com\/product\/yoast-seo-wordpress\/ -->\n<title>Thompson Injury Law - Bufete de Abogados Especializado en Moho y Peligros Ambientales de San Diego - Thompson Injury Law \u2022 Espa\u00f1ol<\/title>\n<meta name=\"robots\" content=\"index, follow, max-snippet:-1, max-image-preview:large, max-video-preview:-1\" \/>\n<link rel=\"canonical\" href=\"https:\/\/www.thompsoninjurylaw.com\/es\/thompson-injury-law-bufete-de-abogados-especializado-en-moho-y-peligros-ambientales-de-san-diego\/\" \/>\n<meta property=\"og:locale\" content=\"es_MX\" \/>\n<meta property=\"og:type\" content=\"article\" \/>\n<meta property=\"og:title\" content=\"Thompson Injury Law - Bufete de Abogados Especializado en Moho y Peligros Ambientales de San Diego - Thompson Injury Law \u2022 Espa\u00f1ol\" \/>\n<meta property=\"og:description\" content=\"Los peligros del moho t\u00f3xico y otros riesgos ambientales afectan muchas propiedades en San Diego, causando todo tipo de lesiones, incluyendo afecciones respiratorias, erupciones cut\u00e1neas y otras enfermedades. Si usted o un ser querido ha sufrido por exposici\u00f3n t\u00f3xica, Thompson Injury Law puede ayudarle. Nuestros abogados litigantes ambientales tienen d\u00e9cadas de experiencia litigando reclamaciones por...\" \/>\n<meta property=\"og:url\" content=\"https:\/\/www.thompsoninjurylaw.com\/es\/thompson-injury-law-bufete-de-abogados-especializado-en-moho-y-peligros-ambientales-de-san-diego\/\" \/>\n<meta property=\"og:site_name\" content=\"Thompson Injury Law \u2022 Espa\u00f1ol\" \/>\n<meta property=\"article:modified_time\" content=\"2025-08-27T15:26:07+00:00\" \/>\n<meta name=\"twitter:card\" content=\"summary_large_image\" \/>\n<meta name=\"twitter:label1\" content=\"Est. reading time\" \/>\n\t<meta name=\"twitter:data1\" content=\"7 minutos\" \/>\n<script type=\"application\/ld+json\" class=\"yoast-schema-graph\">{\"@context\":\"https:\\\/\\\/schema.org\",\"@graph\":[{\"@type\":\"WebPage\",\"@id\":\"https:\\\/\\\/www.thompsoninjurylaw.com\\\/es\\\/thompson-injury-law-bufete-de-abogados-especializado-en-moho-y-peligros-ambientales-de-san-diego\\\/\",\"url\":\"https:\\\/\\\/www.thompsoninjurylaw.com\\\/es\\\/thompson-injury-law-bufete-de-abogados-especializado-en-moho-y-peligros-ambientales-de-san-diego\\\/\",\"name\":\"Thompson Injury Law - Bufete de Abogados Especializado en Moho y Peligros Ambientales de San Diego - Thompson Injury Law \u2022 Espa\u00f1ol\",\"isPartOf\":{\"@id\":\"https:\\\/\\\/www.thompsoninjurylaw.com\\\/es\\\/#website\"},\"datePublished\":\"2025-08-27T15:26:06+00:00\",\"dateModified\":\"2025-08-27T15:26:07+00:00\",\"breadcrumb\":{\"@id\":\"https:\\\/\\\/www.thompsoninjurylaw.com\\\/es\\\/thompson-injury-law-bufete-de-abogados-especializado-en-moho-y-peligros-ambientales-de-san-diego\\\/#breadcrumb\"},\"inLanguage\":\"es\",\"potentialAction\":[{\"@type\":\"ReadAction\",\"target\":[\"https:\\\/\\\/www.thompsoninjurylaw.com\\\/es\\\/thompson-injury-law-bufete-de-abogados-especializado-en-moho-y-peligros-ambientales-de-san-diego\\\/\"]}]},{\"@type\":\"BreadcrumbList\",\"@id\":\"https:\\\/\\\/www.thompsoninjurylaw.com\\\/es\\\/thompson-injury-law-bufete-de-abogados-especializado-en-moho-y-peligros-ambientales-de-san-diego\\\/#breadcrumb\",\"itemListElement\":[{\"@type\":\"ListItem\",\"position\":1,\"name\":\"Home\",\"item\":\"https:\\\/\\\/www.thompsoninjurylaw.com\\\/es\\\/\"},{\"@type\":\"ListItem\",\"position\":2,\"name\":\"Thompson Injury Law &#8211; Bufete de Abogados Especializado en Moho y Peligros Ambientales de San Diego\"}]},{\"@type\":\"WebSite\",\"@id\":\"https:\\\/\\\/www.thompsoninjurylaw.com\\\/es\\\/#website\",\"url\":\"https:\\\/\\\/www.thompsoninjurylaw.com\\\/es\\\/\",\"name\":\"Thompson Injury Law \u2022 Espa\u00f1ol\",\"description\":\"\",\"potentialAction\":[{\"@type\":\"SearchAction\",\"target\":{\"@type\":\"EntryPoint\",\"urlTemplate\":\"https:\\\/\\\/www.thompsoninjurylaw.com\\\/es\\\/?s={search_term_string}\"},\"query-input\":{\"@type\":\"PropertyValueSpecification\",\"valueRequired\":true,\"valueName\":\"search_term_string\"}}],\"inLanguage\":\"es\"}]}<\/script>\n<!-- \/ Yoast SEO plugin. -->","yoast_head_json":{"title":"Thompson Injury Law - Bufete de Abogados Especializado en Moho y Peligros Ambientales de San Diego - Thompson Injury Law \u2022 Espa\u00f1ol","robots":{"index":"index","follow":"follow","max-snippet":"max-snippet:-1","max-image-preview":"max-image-preview:large","max-video-preview":"max-video-preview:-1"},"canonical":"https:\/\/www.thompsoninjurylaw.com\/es\/thompson-injury-law-bufete-de-abogados-especializado-en-moho-y-peligros-ambientales-de-san-diego\/","og_locale":"es_MX","og_type":"article","og_title":"Thompson Injury Law - Bufete de Abogados Especializado en Moho y Peligros Ambientales de San Diego - Thompson Injury Law \u2022 Espa\u00f1ol","og_description":"Los peligros del moho t\u00f3xico y otros riesgos ambientales afectan muchas propiedades en San Diego, causando todo tipo de lesiones, incluyendo afecciones respiratorias, erupciones cut\u00e1neas y otras enfermedades. Si usted o un ser querido ha sufrido por exposici\u00f3n t\u00f3xica, Thompson Injury Law puede ayudarle. Nuestros abogados litigantes ambientales tienen d\u00e9cadas de experiencia litigando reclamaciones por...","og_url":"https:\/\/www.thompsoninjurylaw.com\/es\/thompson-injury-law-bufete-de-abogados-especializado-en-moho-y-peligros-ambientales-de-san-diego\/","og_site_name":"Thompson Injury Law \u2022 Espa\u00f1ol","article_modified_time":"2025-08-27T15:26:07+00:00","twitter_card":"summary_large_image","twitter_misc":{"Est. reading time":"7 minutos"},"schema":{"@context":"https:\/\/schema.org","@graph":[{"@type":"WebPage","@id":"https:\/\/www.thompsoninjurylaw.com\/es\/thompson-injury-law-bufete-de-abogados-especializado-en-moho-y-peligros-ambientales-de-san-diego\/","url":"https:\/\/www.thompsoninjurylaw.com\/es\/thompson-injury-law-bufete-de-abogados-especializado-en-moho-y-peligros-ambientales-de-san-diego\/","name":"Thompson Injury Law - Bufete de Abogados Especializado en Moho y Peligros Ambientales de San Diego - Thompson Injury Law \u2022 Espa\u00f1ol","isPartOf":{"@id":"https:\/\/www.thompsoninjurylaw.com\/es\/#website"},"datePublished":"2025-08-27T15:26:06+00:00","dateModified":"2025-08-27T15:26:07+00:00","breadcrumb":{"@id":"https:\/\/www.thompsoninjurylaw.com\/es\/thompson-injury-law-bufete-de-abogados-especializado-en-moho-y-peligros-ambientales-de-san-diego\/#breadcrumb"},"inLanguage":"es","potentialAction":[{"@type":"ReadAction","target":["https:\/\/www.thompsoninjurylaw.com\/es\/thompson-injury-law-bufete-de-abogados-especializado-en-moho-y-peligros-ambientales-de-san-diego\/"]}]},{"@type":"BreadcrumbList","@id":"https:\/\/www.thompsoninjurylaw.com\/es\/thompson-injury-law-bufete-de-abogados-especializado-en-moho-y-peligros-ambientales-de-san-diego\/#breadcrumb","itemListElement":[{"@type":"ListItem","position":1,"name":"Home","item":"https:\/\/www.thompsoninjurylaw.com\/es\/"},{"@type":"ListItem","position":2,"name":"Thompson Injury Law &#8211; Bufete de Abogados Especializado en Moho y Peligros Ambientales de San Diego"}]},{"@type":"WebSite","@id":"https:\/\/www.thompsoninjurylaw.com\/es\/#website","url":"https:\/\/www.thompsoninjurylaw.com\/es\/","name":"Thompson Injury Law \u2022 Espa\u00f1ol","description":"","potentialAction":[{"@type":"SearchAction","target":{"@type":"EntryPoint","urlTemplate":"https:\/\/www.thompsoninjurylaw.com\/es\/?s={search_term_string}"},"query-input":{"@type":"PropertyValueSpecification","valueRequired":true,"valueName":"search_term_string"}}],"inLanguage":"es"}]}},"_links":{"self":[{"href":"https:\/\/www.thompsoninjurylaw.com\/es\/wp-json\/wp\/v2\/pages\/3501","targetHints":{"allow":["GET"]}}],"collection":[{"href":"https:\/\/www.thompsoninjurylaw.com\/es\/wp-json\/wp\/v2\/pages"}],"about":[{"href":"https:\/\/www.thompsoninjurylaw.com\/es\/wp-json\/wp\/v2\/types\/page"}],"author":[{"embeddable":true,"href":"https:\/\/www.thompsoninjurylaw.com\/es\/wp-json\/wp\/v2\/users\/2"}],"replies":[{"embeddable":true,"href":"https:\/\/www.thompsoninjurylaw.com\/es\/wp-json\/wp\/v2\/comments?post=3501"}],"version-history":[{"count":0,"href":"https:\/\/www.thompsoninjurylaw.com\/es\/wp-json\/wp\/v2\/pages\/3501\/revisions"}],"wp:attachment":[{"href":"https:\/\/www.thompsoninjurylaw.com\/es\/wp-json\/wp\/v2\/media?parent=3501"}],"curies":[{"name":"wp","href":"https:\/\/api.w.org\/{rel}","templated":true}]}}