{"id":3497,"date":"2025-08-27T15:15:05","date_gmt":"2025-08-27T15:15:05","guid":{"rendered":"https:\/\/www.thompsoninjurylaw.com\/es\/?page_id=3497"},"modified":"2025-08-27T15:15:06","modified_gmt":"2025-08-27T15:15:06","slug":"abogado-de-vivienda-en-tugurios-de-san-diego","status":"publish","type":"page","link":"https:\/\/www.thompsoninjurylaw.com\/es\/abogado-de-vivienda-en-tugurios-de-san-diego\/","title":{"rendered":"Abogado de Vivienda en Tugurios de San Diego &#8211; Thompson Injury Law"},"content":{"rendered":"\n<p>La mayor\u00eda de los caseros en California mantienen sus propiedades y proporcionan unidades de alquiler seguras y habitables. Sin embargo, los caseros negligentes en San Diego y alrededor del estado obligan a sus inquilinos a vivir en condiciones de vida por debajo del est\u00e1ndar. Si un casero negligente se ha aprovechado de usted, el abogado de vivienda en tugurios de Thompson Injury Law puede ayudar.<\/p>\n\n\n\n<p>Nuestro <a href=\"https:\/\/www.thompsoninjurylaw.com\/environmental-claims\/\">equipo legal de reclamaciones ambientales <\/a>sabe c\u00f3mo luchar contra caseros que descuidan sus unidades de alquiler y abusan de sus inquilinos. Somos conocidos por proteger los derechos de individuos y familias en comunidades desfavorecidas y responsabilizar a caseros negligentes.<\/p>\n\n\n\n<p>Cuando se re\u00fana con nosotros, le explicaremos sus derechos de vivienda y elegiremos el mejor curso de acci\u00f3n. Porque entendemos sus desaf\u00edos financieros, no cobraremos honorarios de abogados hasta que obtengamos compensaci\u00f3n para usted. Cont\u00e1ctenos hoy para una consulta gratuita.<\/p>\n\n\n\n<h2 class=\"wp-block-heading\">\u00bfTengo una Reclamaci\u00f3n V\u00e1lida de Vivienda en Tugurios en San Diego?<\/h2>\n\n\n\n<p>La ley de California requiere que todos los apartamentos y casas de alquiler sean seguros y habitables. Todos los apartamentos y casas de alquiler en California deben cumplir con los siguientes requisitos m\u00ednimos de salud y seguridad:<\/p>\n\n\n\n<ul class=\"wp-block-list\">\n<li>Un inodoro, lavabo, ba\u00f1o o ducha que funcione en un cuarto bien ventilado <\/li>\n\n\n\n<li>Una cocina con un lavabo<\/li>\n\n\n\n<li>Cada cuarto debe tener iluminaci\u00f3n natural a trav\u00e9s de una ventana o tragaluz <\/li>\n\n\n\n<li>Las ventanas deben abrirse al menos a la mitad<\/li>\n\n\n\n<li>Salidas de emergencia seguras<\/li>\n\n\n\n<li>La puerta principal debe tener una cerradura <\/li>\n\n\n\n<li>Detectores de humo que funcionen<\/li>\n\n\n\n<li>Un buz\u00f3n con cerradura<\/li>\n<\/ul>\n\n\n\n<p>Adem\u00e1s, todos los contratos de arrendamiento en el estado incluyen una garant\u00eda impl\u00edcita de habitabilidad. Desafortunadamente, los caseros negligentes fallan en hacer sus propiedades seguras y habitables, se aprovechan de inquilinos en vecindarios en dificultades, e incluso amenazan con desalojar a inquilinos cuando se quejan sobre condiciones de vida por debajo del est\u00e1ndar. Puede tener una reclamaci\u00f3n v\u00e1lida de vivienda en tugurios si su unidad de alquiler tiene cualquiera de los siguientes defectos:<\/p>\n\n\n\n<ul class=\"wp-block-list\">\n<li>Infestaci\u00f3n de cucarachas, chinches o roedores <\/li>\n\n\n\n<li>Sin agua corriente\/falta de agua caliente<\/li>\n\n\n\n<li>Sin calefacci\u00f3n debido a hornos o calentadores rotos <\/li>\n\n\n\n<li>Enchufes o cableado el\u00e9ctrico defectuoso<\/li>\n\n\n\n<li>Fugas de plomer\u00eda o agua<\/li>\n\n\n\n<li>Agua hirviendo de duchas, ba\u00f1eras y grifos de cocina <\/li>\n\n\n\n<li>Techos y paredes da\u00f1ados<\/li>\n\n\n\n<li>Fregaderos obstruidos <\/li>\n\n\n\n<li>Escaleras\/pasamanos rotos <\/li>\n\n\n\n<li>Fugas de aguas residuales<\/li>\n\n\n\n<li>Pintura a base de plomo despeg\u00e1ndose<\/li>\n\n\n\n<li><a href=\"https:\/\/www.thompsoninjurylaw.com\/environmental-claims\/toxic-mold\/\">Moho t\u00f3xico <\/a>o condiciones de vida h\u00famedas<\/li>\n\n\n\n<li>\u00c1reas comunes insalubres<\/li>\n<\/ul>\n\n\n\n<p>Aunque puede sentirse impotente contra su casero o temer el desalojo, el abogado de vivienda en tugurios de Thompson Injury Law los responsabilizar\u00e1 y le ayudar\u00e1 a defender sus derechos de vivienda.<\/p>\n\n\n\n<h2 class=\"wp-block-heading\">C\u00f3mo Identificar a un Casero Negligente en San Diego<\/h2>\n\n\n\n<p>Los caseros negligentes codiciosos ponen el dinero por delante de la salud y seguridad de las familias que viven en sus edificios. Se\u00f1ales comunes de un casero negligente incluyen:<\/p>\n\n\n\n<h3 class=\"wp-block-heading\">Exterior en Malas Condiciones<\/h3>\n\n\n\n<p>Si est\u00e1 a punto de alquilar un apartamento, examine bien el exterior de la propiedad. Pintura despeg\u00e1ndose, ventanas rotas, mallas rasgadas, ladrillos sueltos, escaleras rotas, pasamanos faltantes, moho exterior y otros peligros son se\u00f1ales reveladoras de vivienda en tugurios. Un casero que est\u00e1 ignorando las reparaciones probablemente es un casero negligente.<\/p>\n\n\n\n<h3 class=\"wp-block-heading\">\u00c1reas Comunes Descuidadas<\/h3>\n\n\n\n<p>Pasillos, corredores y cuartos de lavander\u00eda deben estar adecuadamente mantenidos. Alfombras manchadas, cableado expuesto y fugas de agua son todas se\u00f1ales de un casero negligente.<\/p>\n\n\n\n<h3 class=\"wp-block-heading\">El Casero Promete Hacer Reparaciones Despu\u00e9s de que Firme el Contrato<\/h3>\n\n\n\n<p>Los caseros negligentes a menudo prometen hacer reparaciones despu\u00e9s de que los inquilinos firmen un contrato pero rara vez lo hacen. Si nota pintura despeg\u00e1ndose, fugas de agua u otros defectos, se\u00f1\u00e1lelos y haga que el casero acepte hacer las reparaciones necesarias por escrito.<\/p>\n\n\n\n<p>Si el casero se niega a hacer las reparaciones una vez que se mude, hable con un abogado experimentado en vivienda en tugurios. Puede confiar en Thompson Injury Law para proteger su derecho a un hogar seguro y habitable.<\/p>\n\n\n\n<h2 class=\"wp-block-heading\">\u00bfPuedo Ser Desalojado por Quejarme sobre Vivienda en Tugurios?<\/h2>\n\n\n\n<p>Debe saber que un casero no puede tomar represalias contra usted por pedir reparaciones, alentar a otros inquilinos a pedir reparaciones, quejarse al departamento de vivienda o salud, o tomar acci\u00f3n legal contra el casero. Ah\u00ed es donde entra Thompson Injury Law.<\/p>\n\n\n\n<p>Nuestros abogados de vivienda en tugurios son conocedores de las leyes estatales de vivienda aplicables y trabajar\u00e1n para proteger sus derechos. Bajo la ley de California, los inquilinos tienen derecho a retener el alquiler, contactar inspectores de salud estatales o locales, mudarse sin aviso, o demandar al casero si fallan en reparar defectos peligrosos. Si su casero amenaza con desalojarlo por ejercer sus derechos de vivienda, deje que nuestro equipo le ayude a luchar.<\/p>\n\n\n\n<h2 class=\"wp-block-heading\">Pr\u00e1cticas de Vivienda Ilegales: El Barajeo de 28 D\u00edas<\/h2>\n\n\n\n<p>Bajo la Ley de California, los hu\u00e9spedes de hotel con estad\u00edas que exceden 30 d\u00edas se convierten en inquilinos, d\u00e1ndoles protecciones legales, incluyendo el derecho al debido proceso antes del desalojo. Adem\u00e1s, estos inquilinos no est\u00e1n sujetos a impuestos de ocupaci\u00f3n transitoria. Dada la escasez de vivienda residencial en California, muchos individuos y familias viven en hoteles por m\u00e1s de 30 d\u00edas consecutivos y, en algunos casos, por m\u00e1s de un a\u00f1o, convirti\u00e9ndolos en inquilinos bajo la ley estatal aplicable. Sin embargo, los propietarios de hoteles tratan a estos inquilinos como hu\u00e9spedes forz\u00e1ndolos a salir y re-registrarse cada 30 d\u00edas y cobrando el impuesto de ocupaci\u00f3n transitoria.<\/p>\n\n\n\n<p>Esta pr\u00e1ctica de vivienda ilegal se refiere como el &#8220;Barajeo de 28 D\u00edas&#8221;, haciendo que parezca como si el arrendamiento fuera interrumpido cuando no lo fue, en violaci\u00f3n del C\u00f3digo Civil de California, el C\u00f3digo de Ingresos e Impuestos de California, y el C\u00f3digo de Salud y Seguridad de California.<\/p>\n\n\n\n<p>Si usted es un hu\u00e9sped de hotel a largo plazo y cree que es v\u00edctima de esta pr\u00e1ctica de vivienda ilegal, Thompson Injury Law puede ayudar a proteger sus derechos a trav\u00e9s de una demanda colectiva.<\/p>\n\n\n\n<h2 class=\"wp-block-heading\">Buscando Compensaci\u00f3n por Vivienda en Tugurios<\/h2>\n\n\n\n<p>En algunos casos, inquilinos y caseros pueden resolver asuntos legales amigablemente. Si un casero pisotea sus derechos, presentaremos una demanda para recuperar da\u00f1os tales como:<\/p>\n\n\n\n<ul class=\"wp-block-list\">\n<li>Gastos m\u00e9dicos<\/li>\n\n\n\n<li>Salarios perdidos por tiempo libre del trabajo <\/li>\n\n\n\n<li>Gastos de mudanza<\/li>\n\n\n\n<li>El costo de quedarse en un hotel <\/li>\n\n\n\n<li>Desalojo ilegal<\/li>\n\n\n\n<li>Da\u00f1o a su cr\u00e9dito <\/li>\n\n\n\n<li>Angustia emocional<\/li>\n<\/ul>\n\n\n\n<p>No deje que un casero negligente lo intimide. Deje que Thompson Injury Law luche por sus derechos en su lugar.<\/p>\n\n\n\n<h2 class=\"wp-block-heading\">Contacte a Nuestro Abogado Dedicado de Vivienda en Tugurios de San Diego<\/h2>\n\n\n\n<p>No debe tener que soportar vivienda en tugurios. Mientras m\u00e1s pronto <a href=\"https:\/\/www.thompsoninjurylaw.com\/contact\/\">contacte nuestra oficina<\/a>, m\u00e1s pronto podemos proteger sus derechos de vivienda.<\/p>\n\n\n\n<p>Thompson Injury Law maneja casos de reclamaciones ambientales para aquellos en vivienda en tugurios en toda el \u00e1rea metropolitana de San Diego; esto incluye \u00e1reas como Carlsbad, Chula Vista, El Cajon, Encinitas, Escondido, La Mesa, National City, Oceanside, San Marcos, Santee y Vista.<\/p>\n","protected":false},"excerpt":{"rendered":"<p>La mayor\u00eda de los caseros en California mantienen sus propiedades y proporcionan unidades de alquiler seguras y habitables. Sin embargo, los caseros negligentes en San Diego y alrededor del estado obligan a sus inquilinos a vivir en condiciones de vida por debajo del est\u00e1ndar. Si un casero negligente se ha aprovechado de usted, el abogado&#8230;<\/p>\n","protected":false},"author":2,"featured_media":0,"parent":0,"menu_order":0,"comment_status":"closed","ping_status":"closed","template":"","meta":{"_acf_changed":false,"footnotes":""},"class_list":["post-3497","page","type-page","status-publish","hentry"],"acf":[],"yoast_head":"<!-- This site is optimized with the Yoast SEO plugin v27.4 - https:\/\/yoast.com\/product\/yoast-seo-wordpress\/ -->\n<title>Abogado de Vivienda en Tugurios de San Diego - Thompson Injury Law - Thompson Injury Law \u2022 Espa\u00f1ol<\/title>\n<meta name=\"robots\" content=\"index, follow, max-snippet:-1, max-image-preview:large, max-video-preview:-1\" \/>\n<link rel=\"canonical\" href=\"https:\/\/www.thompsoninjurylaw.com\/es\/abogado-de-vivienda-en-tugurios-de-san-diego\/\" \/>\n<meta property=\"og:locale\" content=\"es_MX\" \/>\n<meta property=\"og:type\" content=\"article\" \/>\n<meta property=\"og:title\" content=\"Abogado de Vivienda en Tugurios de San Diego - Thompson Injury Law - Thompson Injury Law \u2022 Espa\u00f1ol\" \/>\n<meta property=\"og:description\" content=\"La mayor\u00eda de los caseros en California mantienen sus propiedades y proporcionan unidades de alquiler seguras y habitables. Sin embargo, los caseros negligentes en San Diego y alrededor del estado obligan a sus inquilinos a vivir en condiciones de vida por debajo del est\u00e1ndar. Si un casero negligente se ha aprovechado de usted, el abogado...\" \/>\n<meta property=\"og:url\" content=\"https:\/\/www.thompsoninjurylaw.com\/es\/abogado-de-vivienda-en-tugurios-de-san-diego\/\" \/>\n<meta property=\"og:site_name\" content=\"Thompson Injury Law \u2022 Espa\u00f1ol\" \/>\n<meta property=\"article:modified_time\" content=\"2025-08-27T15:15:06+00:00\" \/>\n<meta name=\"twitter:card\" content=\"summary_large_image\" \/>\n<meta name=\"twitter:label1\" content=\"Est. reading time\" \/>\n\t<meta name=\"twitter:data1\" content=\"6 minutos\" \/>\n<script type=\"application\/ld+json\" class=\"yoast-schema-graph\">{\"@context\":\"https:\\\/\\\/schema.org\",\"@graph\":[{\"@type\":\"WebPage\",\"@id\":\"https:\\\/\\\/www.thompsoninjurylaw.com\\\/es\\\/abogado-de-vivienda-en-tugurios-de-san-diego\\\/\",\"url\":\"https:\\\/\\\/www.thompsoninjurylaw.com\\\/es\\\/abogado-de-vivienda-en-tugurios-de-san-diego\\\/\",\"name\":\"Abogado de Vivienda en Tugurios de San Diego - Thompson Injury Law - Thompson Injury Law \u2022 Espa\u00f1ol\",\"isPartOf\":{\"@id\":\"https:\\\/\\\/www.thompsoninjurylaw.com\\\/es\\\/#website\"},\"datePublished\":\"2025-08-27T15:15:05+00:00\",\"dateModified\":\"2025-08-27T15:15:06+00:00\",\"breadcrumb\":{\"@id\":\"https:\\\/\\\/www.thompsoninjurylaw.com\\\/es\\\/abogado-de-vivienda-en-tugurios-de-san-diego\\\/#breadcrumb\"},\"inLanguage\":\"es\",\"potentialAction\":[{\"@type\":\"ReadAction\",\"target\":[\"https:\\\/\\\/www.thompsoninjurylaw.com\\\/es\\\/abogado-de-vivienda-en-tugurios-de-san-diego\\\/\"]}]},{\"@type\":\"BreadcrumbList\",\"@id\":\"https:\\\/\\\/www.thompsoninjurylaw.com\\\/es\\\/abogado-de-vivienda-en-tugurios-de-san-diego\\\/#breadcrumb\",\"itemListElement\":[{\"@type\":\"ListItem\",\"position\":1,\"name\":\"Home\",\"item\":\"https:\\\/\\\/www.thompsoninjurylaw.com\\\/es\\\/\"},{\"@type\":\"ListItem\",\"position\":2,\"name\":\"Abogado de Vivienda en Tugurios de San Diego &#8211; Thompson Injury Law\"}]},{\"@type\":\"WebSite\",\"@id\":\"https:\\\/\\\/www.thompsoninjurylaw.com\\\/es\\\/#website\",\"url\":\"https:\\\/\\\/www.thompsoninjurylaw.com\\\/es\\\/\",\"name\":\"Thompson Injury Law \u2022 Espa\u00f1ol\",\"description\":\"\",\"potentialAction\":[{\"@type\":\"SearchAction\",\"target\":{\"@type\":\"EntryPoint\",\"urlTemplate\":\"https:\\\/\\\/www.thompsoninjurylaw.com\\\/es\\\/?s={search_term_string}\"},\"query-input\":{\"@type\":\"PropertyValueSpecification\",\"valueRequired\":true,\"valueName\":\"search_term_string\"}}],\"inLanguage\":\"es\"}]}<\/script>\n<!-- \/ Yoast SEO plugin. -->","yoast_head_json":{"title":"Abogado de Vivienda en Tugurios de San Diego - Thompson Injury Law - Thompson Injury Law \u2022 Espa\u00f1ol","robots":{"index":"index","follow":"follow","max-snippet":"max-snippet:-1","max-image-preview":"max-image-preview:large","max-video-preview":"max-video-preview:-1"},"canonical":"https:\/\/www.thompsoninjurylaw.com\/es\/abogado-de-vivienda-en-tugurios-de-san-diego\/","og_locale":"es_MX","og_type":"article","og_title":"Abogado de Vivienda en Tugurios de San Diego - Thompson Injury Law - Thompson Injury Law \u2022 Espa\u00f1ol","og_description":"La mayor\u00eda de los caseros en California mantienen sus propiedades y proporcionan unidades de alquiler seguras y habitables. Sin embargo, los caseros negligentes en San Diego y alrededor del estado obligan a sus inquilinos a vivir en condiciones de vida por debajo del est\u00e1ndar. Si un casero negligente se ha aprovechado de usted, el abogado...","og_url":"https:\/\/www.thompsoninjurylaw.com\/es\/abogado-de-vivienda-en-tugurios-de-san-diego\/","og_site_name":"Thompson Injury Law \u2022 Espa\u00f1ol","article_modified_time":"2025-08-27T15:15:06+00:00","twitter_card":"summary_large_image","twitter_misc":{"Est. reading time":"6 minutos"},"schema":{"@context":"https:\/\/schema.org","@graph":[{"@type":"WebPage","@id":"https:\/\/www.thompsoninjurylaw.com\/es\/abogado-de-vivienda-en-tugurios-de-san-diego\/","url":"https:\/\/www.thompsoninjurylaw.com\/es\/abogado-de-vivienda-en-tugurios-de-san-diego\/","name":"Abogado de Vivienda en Tugurios de San Diego - Thompson Injury Law - Thompson Injury Law \u2022 Espa\u00f1ol","isPartOf":{"@id":"https:\/\/www.thompsoninjurylaw.com\/es\/#website"},"datePublished":"2025-08-27T15:15:05+00:00","dateModified":"2025-08-27T15:15:06+00:00","breadcrumb":{"@id":"https:\/\/www.thompsoninjurylaw.com\/es\/abogado-de-vivienda-en-tugurios-de-san-diego\/#breadcrumb"},"inLanguage":"es","potentialAction":[{"@type":"ReadAction","target":["https:\/\/www.thompsoninjurylaw.com\/es\/abogado-de-vivienda-en-tugurios-de-san-diego\/"]}]},{"@type":"BreadcrumbList","@id":"https:\/\/www.thompsoninjurylaw.com\/es\/abogado-de-vivienda-en-tugurios-de-san-diego\/#breadcrumb","itemListElement":[{"@type":"ListItem","position":1,"name":"Home","item":"https:\/\/www.thompsoninjurylaw.com\/es\/"},{"@type":"ListItem","position":2,"name":"Abogado de Vivienda en Tugurios de San Diego &#8211; Thompson Injury Law"}]},{"@type":"WebSite","@id":"https:\/\/www.thompsoninjurylaw.com\/es\/#website","url":"https:\/\/www.thompsoninjurylaw.com\/es\/","name":"Thompson Injury Law \u2022 Espa\u00f1ol","description":"","potentialAction":[{"@type":"SearchAction","target":{"@type":"EntryPoint","urlTemplate":"https:\/\/www.thompsoninjurylaw.com\/es\/?s={search_term_string}"},"query-input":{"@type":"PropertyValueSpecification","valueRequired":true,"valueName":"search_term_string"}}],"inLanguage":"es"}]}},"_links":{"self":[{"href":"https:\/\/www.thompsoninjurylaw.com\/es\/wp-json\/wp\/v2\/pages\/3497","targetHints":{"allow":["GET"]}}],"collection":[{"href":"https:\/\/www.thompsoninjurylaw.com\/es\/wp-json\/wp\/v2\/pages"}],"about":[{"href":"https:\/\/www.thompsoninjurylaw.com\/es\/wp-json\/wp\/v2\/types\/page"}],"author":[{"embeddable":true,"href":"https:\/\/www.thompsoninjurylaw.com\/es\/wp-json\/wp\/v2\/users\/2"}],"replies":[{"embeddable":true,"href":"https:\/\/www.thompsoninjurylaw.com\/es\/wp-json\/wp\/v2\/comments?post=3497"}],"version-history":[{"count":0,"href":"https:\/\/www.thompsoninjurylaw.com\/es\/wp-json\/wp\/v2\/pages\/3497\/revisions"}],"wp:attachment":[{"href":"https:\/\/www.thompsoninjurylaw.com\/es\/wp-json\/wp\/v2\/media?parent=3497"}],"curies":[{"name":"wp","href":"https:\/\/api.w.org\/{rel}","templated":true}]}}