{"id":3496,"date":"2025-08-27T15:11:19","date_gmt":"2025-08-27T15:11:19","guid":{"rendered":"https:\/\/www.thompsoninjurylaw.com\/es\/?page_id=3496"},"modified":"2025-08-27T15:11:20","modified_gmt":"2025-08-27T15:11:20","slug":"abogado-de-moho-negro-de-san-diego","status":"publish","type":"page","link":"https:\/\/www.thompsoninjurylaw.com\/es\/abogado-de-moho-negro-de-san-diego\/","title":{"rendered":"Abogado de Moho Negro de San Diego &#8211; Thompson Injury Law"},"content":{"rendered":"\n<p>El moho negro existe naturalmente en el ambiente y puede causar da\u00f1o a la propiedad y la salud. En Thompson Injury Law, somos abogados litigantes ambientales que representamos a clientes en el \u00e1rea de San Diego que han experimentado p\u00e9rdidas debido al moho negro. Luchamos para ayudarles a recuperar pagos de compensaci\u00f3n que aborden los da\u00f1os que han sufrido.<\/p>\n\n\n\n<p>Descubrir que tiene moho negro puede ser un golpe serio y puede impactar profundamente su bienestar financiero, emocional y f\u00edsico. La remediaci\u00f3n de moho en San Diego t\u00edpicamente cuesta miles de d\u00f3lares, y los costos de salud pueden estirar los l\u00edmites de su seguro y cuentas bancarias. Pero puede que no tenga que cargar con estas cargas por su cuenta.<\/p>\n\n\n\n<p>Si est\u00e1 lidiando con uno de estos peligros ambientales causados por otra persona, Thompson Injury Law puede ayudarle a buscar recompensa por los da\u00f1os y lesiones que ha sufrido. Contacte nuestra oficina hoy para hablar con un abogado ambiental experimentado que se preocupa y est\u00e1 listo para escuchar y luchar por usted.<\/p>\n\n\n\n<h2 class=\"wp-block-heading\">Moho Negro en San Diego<\/h2>\n\n\n\n<p>Hay miles de tipos diferentes de moho negro, siendo Stachybotrys Chartaum uno de los m\u00e1s comunes que afecta a los humanos. Estas especies son t\u00edpicamente negras o verde oscuro en apariencia, pero el moho negro y otros tipos de mohos pueden tomar una variedad de colores.<\/p>\n\n\n\n<h3 class=\"wp-block-heading\">Condiciones que Favorecen el Desarrollo del Moho Negro<\/h3>\n\n\n\n<p>El compromiso de vivir en el hermoso San Diego es lidiar con la amenaza constante del moho negro, especialmente para aquellos que viven, trabajan o van a la escuela cerca del oc\u00e9ano. La humedad costera ayuda a que esta amenaza prospere.<\/p>\n\n\n\n<p>La humedad tambi\u00e9n puede provenir de otras fuentes, m\u00e1s notablemente fallas y defectos presentes en un hogar u otro edificio, tales como:<\/p>\n\n\n\n<ul class=\"wp-block-list\">\n<li>Tuber\u00edas de agua y desecho comprometidas <\/li>\n\n\n\n<li>Acondicionadores de aire con filtraciones <\/li>\n\n\n\n<li>Ventilaci\u00f3n inadecuada<\/li>\n\n\n\n<li>Techos con filtraciones <\/li>\n\n\n\n<li>Inundaciones<\/li>\n<\/ul>\n\n\n\n<p>Los espacios cerrados tambi\u00e9n aumentan la probabilidad del desarrollo de esta toxina.<\/p>\n\n\n\n<p>Aunque el moho negro prospera en San Diego, si est\u00e1 expuesto a esta sustancia t\u00f3xica, puede tener una reclamaci\u00f3n por compensaci\u00f3n por las lesiones y da\u00f1o a la propiedad que experimente. Un abogado de moho t\u00f3xico de San Diego puede ayudar.<\/p>\n\n\n\n<h2 class=\"wp-block-heading\">Consecuencias Negativas del Moho Negro<\/h2>\n\n\n\n<p>El moho negro puede llevar al da\u00f1o de propiedades extensas y la salud humana. Si experimenta <a href=\"https:\/\/www.thompsoninjurylaw.com\/environmental-claims\/toxic-mold\/\">exposici\u00f3n al moho t\u00f3xico <\/a>de manera regular, es importante remediar la situaci\u00f3n removiendo el moho o alej\u00e1ndose del cuarto o edificio donde est\u00e1 presente.<\/p>\n\n\n\n<p>Si la exposici\u00f3n ha estado ocurriendo por un tiempo, puede estar exhibiendo s\u00edntomas de exposici\u00f3n, tales como:<\/p>\n\n\n\n<ul class=\"wp-block-list\">\n<li>Episodios de estornudos<\/li>\n\n\n\n<li>Tos persistente e inexplicable <\/li>\n\n\n\n<li>Irritaci\u00f3n de la garganta <\/li>\n\n\n\n<li>Respiraci\u00f3n sibilante<\/li>\n\n\n\n<li>Opresi\u00f3n en el pecho o abdomen <\/li>\n\n\n\n<li>Sangrado nasal<\/li>\n\n\n\n<li>M\u00fasculos adoloridos<\/li>\n<\/ul>\n\n\n\n<p>De hecho, la exposici\u00f3n a largo plazo al moho negro puede llevar al desarrollo de condiciones serias de salud del tracto respiratorio superior y exacerbar condiciones preexistentes.<\/p>\n\n\n\n<h2 class=\"wp-block-heading\">Compensaci\u00f3n por Da\u00f1os Causados por Moho Negro<\/h2>\n\n\n\n<p>En muchos casos, las personas est\u00e1n expuestas al moho negro sin culpa propia, lo que significa que muchas v\u00edctimas de exposici\u00f3n tienen el derecho de buscar compensaci\u00f3n por las p\u00e9rdidas causadas por la exposici\u00f3n.<\/p>\n\n\n\n<h3 class=\"wp-block-heading\">\u00bfQui\u00e9n puede ser responsabilizado?<\/h3>\n\n\n\n<p>Depende de la situaci\u00f3n. Si usted es inquilino y su hogar contiene moho, su casero puede ser responsable por violar la garant\u00eda impl\u00edcita de habitabilidad. Si usted es propietario y tiene moho, puede tener una reclamaci\u00f3n contra varias partes, dependiendo de c\u00f3mo se origin\u00f3 el moho, incluyendo:<\/p>\n\n\n\n<ul class=\"wp-block-list\">\n<li>Vendedores o agentes de bienes ra\u00edces por no divulgar un defecto de bienes ra\u00edces <\/li>\n\n\n\n<li>Contratistas de construcci\u00f3n por usar materiales mohosos o de mala calidad <\/li>\n\n\n\n<li>Plomeros que hacen trabajo de tuber\u00edas por debajo del est\u00e1ndar<\/li>\n<\/ul>\n\n\n\n<p>En el lugar de trabajo, empleados que desarrollan enfermedades debido a exposici\u00f3n al moho negro pueden aprovecharse del seguro de compensaci\u00f3n laboral. Adicionalmente, tambi\u00e9n pueden potencialmente presentar una demanda de terceros contra la parte que es responsable del moho negro, como un propietario de edificio o un contratista.<\/p>\n\n\n\n<h3 class=\"wp-block-heading\">\u00bfCu\u00e1nto puede obtener por mis p\u00e9rdidas?<\/h3>\n\n\n\n<p>La ley de California proporciona una lista de da\u00f1os que puede buscar recuperar. Cada uno debe ser directamente causado por el moho negro y verificable. Por ejemplo, los costos m\u00e9dicos para tratarle por exposici\u00f3n pueden ser buscados as\u00ed como compensaci\u00f3n por los ingresos que ha perdido debido a quedarse en casa del trabajo. Tambi\u00e9n puede buscar recuperar sus gastos para hacer su hogar o edificio habitable.<\/p>\n\n\n\n<p>Varias p\u00e9rdidas no financieras tambi\u00e9n pueden ser recuperadas, incluyendo: <\/p>\n\n\n\n<ul class=\"wp-block-list\">\n<li>Dolor y sufrimiento, y angustia emocional<\/li>\n\n\n\n<li>P\u00e9rdida del disfrute de la vida y consorcio <\/li>\n\n\n\n<li>Discapacidad permanente<\/li>\n<\/ul>\n\n\n\n<p>Aunque la seriedad de sus p\u00e9rdidas es instrumental en cu\u00e1nto recibir\u00e1 por su sufrimiento, tener un abogado experimentado es igualmente importante. Dos casos id\u00e9nticos pueden recibir premios de compensaci\u00f3n vastamente diferentes basados en la presencia o ausencia de un abogado litigante ambiental experimentado.<\/p>\n\n\n\n<h2 class=\"wp-block-heading\">Contacte a Thompson Injury Law Hoy para Ayuda con Su Reclamaci\u00f3n de Moho Negro de San Diego<\/h2>\n\n\n\n<p>Si usted o su propiedad ha estado expuesta al moho negro y est\u00e1 lidiando con p\u00e9rdidas, Thompson Injury Law puede ser capaz de ayudar. Contacte nuestra oficina y tome el primer paso hacia remediar su situaci\u00f3n y obtener compensaci\u00f3n por los da\u00f1os causados por otros. L<a href=\"https:\/\/www.thompsoninjurylaw.com\/contact\/\"> lame a nuestro bufete <\/a>para hablar con un abogado de reclamaciones ambientales de San Diego hoy.<\/p>\n\n\n\n<p>Thompson Injury Law maneja casos de moho negro en toda el \u00e1rea metropolitana de San Diego; esto incluye \u00e1reas como Carlsbad, Chula Vista, El Cajon, Encinitas, Escondido, La Mesa, National City, Oceanside, San Marcos, Santee y Vista.<\/p>\n","protected":false},"excerpt":{"rendered":"<p>El moho negro existe naturalmente en el ambiente y puede causar da\u00f1o a la propiedad y la salud. En Thompson Injury Law, somos abogados litigantes ambientales que representamos a clientes en el \u00e1rea de San Diego que han experimentado p\u00e9rdidas debido al moho negro. Luchamos para ayudarles a recuperar pagos de compensaci\u00f3n que aborden los&#8230;<\/p>\n","protected":false},"author":2,"featured_media":0,"parent":0,"menu_order":0,"comment_status":"closed","ping_status":"closed","template":"","meta":{"_acf_changed":false,"footnotes":""},"class_list":["post-3496","page","type-page","status-publish","hentry"],"acf":[],"yoast_head":"<!-- This site is optimized with the Yoast SEO plugin v27.4 - https:\/\/yoast.com\/product\/yoast-seo-wordpress\/ -->\n<title>Abogado de Moho Negro de San Diego - Thompson Injury Law - Thompson Injury Law \u2022 Espa\u00f1ol<\/title>\n<meta name=\"robots\" content=\"index, follow, max-snippet:-1, max-image-preview:large, max-video-preview:-1\" \/>\n<link rel=\"canonical\" href=\"https:\/\/www.thompsoninjurylaw.com\/es\/abogado-de-moho-negro-de-san-diego\/\" \/>\n<meta property=\"og:locale\" content=\"es_MX\" \/>\n<meta property=\"og:type\" content=\"article\" \/>\n<meta property=\"og:title\" content=\"Abogado de Moho Negro de San Diego - Thompson Injury Law - Thompson Injury Law \u2022 Espa\u00f1ol\" \/>\n<meta property=\"og:description\" content=\"El moho negro existe naturalmente en el ambiente y puede causar da\u00f1o a la propiedad y la salud. En Thompson Injury Law, somos abogados litigantes ambientales que representamos a clientes en el \u00e1rea de San Diego que han experimentado p\u00e9rdidas debido al moho negro. Luchamos para ayudarles a recuperar pagos de compensaci\u00f3n que aborden los...\" \/>\n<meta property=\"og:url\" content=\"https:\/\/www.thompsoninjurylaw.com\/es\/abogado-de-moho-negro-de-san-diego\/\" \/>\n<meta property=\"og:site_name\" content=\"Thompson Injury Law \u2022 Espa\u00f1ol\" \/>\n<meta property=\"article:modified_time\" content=\"2025-08-27T15:11:20+00:00\" \/>\n<meta name=\"twitter:card\" content=\"summary_large_image\" \/>\n<meta name=\"twitter:label1\" content=\"Est. reading time\" \/>\n\t<meta name=\"twitter:data1\" content=\"5 minutos\" \/>\n<script type=\"application\/ld+json\" class=\"yoast-schema-graph\">{\"@context\":\"https:\\\/\\\/schema.org\",\"@graph\":[{\"@type\":\"WebPage\",\"@id\":\"https:\\\/\\\/www.thompsoninjurylaw.com\\\/es\\\/abogado-de-moho-negro-de-san-diego\\\/\",\"url\":\"https:\\\/\\\/www.thompsoninjurylaw.com\\\/es\\\/abogado-de-moho-negro-de-san-diego\\\/\",\"name\":\"Abogado de Moho Negro de San Diego - Thompson Injury Law - Thompson Injury Law \u2022 Espa\u00f1ol\",\"isPartOf\":{\"@id\":\"https:\\\/\\\/www.thompsoninjurylaw.com\\\/es\\\/#website\"},\"datePublished\":\"2025-08-27T15:11:19+00:00\",\"dateModified\":\"2025-08-27T15:11:20+00:00\",\"breadcrumb\":{\"@id\":\"https:\\\/\\\/www.thompsoninjurylaw.com\\\/es\\\/abogado-de-moho-negro-de-san-diego\\\/#breadcrumb\"},\"inLanguage\":\"es\",\"potentialAction\":[{\"@type\":\"ReadAction\",\"target\":[\"https:\\\/\\\/www.thompsoninjurylaw.com\\\/es\\\/abogado-de-moho-negro-de-san-diego\\\/\"]}]},{\"@type\":\"BreadcrumbList\",\"@id\":\"https:\\\/\\\/www.thompsoninjurylaw.com\\\/es\\\/abogado-de-moho-negro-de-san-diego\\\/#breadcrumb\",\"itemListElement\":[{\"@type\":\"ListItem\",\"position\":1,\"name\":\"Home\",\"item\":\"https:\\\/\\\/www.thompsoninjurylaw.com\\\/es\\\/\"},{\"@type\":\"ListItem\",\"position\":2,\"name\":\"Abogado de Moho Negro de San Diego &#8211; Thompson Injury Law\"}]},{\"@type\":\"WebSite\",\"@id\":\"https:\\\/\\\/www.thompsoninjurylaw.com\\\/es\\\/#website\",\"url\":\"https:\\\/\\\/www.thompsoninjurylaw.com\\\/es\\\/\",\"name\":\"Thompson Injury Law \u2022 Espa\u00f1ol\",\"description\":\"\",\"potentialAction\":[{\"@type\":\"SearchAction\",\"target\":{\"@type\":\"EntryPoint\",\"urlTemplate\":\"https:\\\/\\\/www.thompsoninjurylaw.com\\\/es\\\/?s={search_term_string}\"},\"query-input\":{\"@type\":\"PropertyValueSpecification\",\"valueRequired\":true,\"valueName\":\"search_term_string\"}}],\"inLanguage\":\"es\"}]}<\/script>\n<!-- \/ Yoast SEO plugin. -->","yoast_head_json":{"title":"Abogado de Moho Negro de San Diego - Thompson Injury Law - Thompson Injury Law \u2022 Espa\u00f1ol","robots":{"index":"index","follow":"follow","max-snippet":"max-snippet:-1","max-image-preview":"max-image-preview:large","max-video-preview":"max-video-preview:-1"},"canonical":"https:\/\/www.thompsoninjurylaw.com\/es\/abogado-de-moho-negro-de-san-diego\/","og_locale":"es_MX","og_type":"article","og_title":"Abogado de Moho Negro de San Diego - Thompson Injury Law - Thompson Injury Law \u2022 Espa\u00f1ol","og_description":"El moho negro existe naturalmente en el ambiente y puede causar da\u00f1o a la propiedad y la salud. En Thompson Injury Law, somos abogados litigantes ambientales que representamos a clientes en el \u00e1rea de San Diego que han experimentado p\u00e9rdidas debido al moho negro. Luchamos para ayudarles a recuperar pagos de compensaci\u00f3n que aborden los...","og_url":"https:\/\/www.thompsoninjurylaw.com\/es\/abogado-de-moho-negro-de-san-diego\/","og_site_name":"Thompson Injury Law \u2022 Espa\u00f1ol","article_modified_time":"2025-08-27T15:11:20+00:00","twitter_card":"summary_large_image","twitter_misc":{"Est. reading time":"5 minutos"},"schema":{"@context":"https:\/\/schema.org","@graph":[{"@type":"WebPage","@id":"https:\/\/www.thompsoninjurylaw.com\/es\/abogado-de-moho-negro-de-san-diego\/","url":"https:\/\/www.thompsoninjurylaw.com\/es\/abogado-de-moho-negro-de-san-diego\/","name":"Abogado de Moho Negro de San Diego - Thompson Injury Law - Thompson Injury Law \u2022 Espa\u00f1ol","isPartOf":{"@id":"https:\/\/www.thompsoninjurylaw.com\/es\/#website"},"datePublished":"2025-08-27T15:11:19+00:00","dateModified":"2025-08-27T15:11:20+00:00","breadcrumb":{"@id":"https:\/\/www.thompsoninjurylaw.com\/es\/abogado-de-moho-negro-de-san-diego\/#breadcrumb"},"inLanguage":"es","potentialAction":[{"@type":"ReadAction","target":["https:\/\/www.thompsoninjurylaw.com\/es\/abogado-de-moho-negro-de-san-diego\/"]}]},{"@type":"BreadcrumbList","@id":"https:\/\/www.thompsoninjurylaw.com\/es\/abogado-de-moho-negro-de-san-diego\/#breadcrumb","itemListElement":[{"@type":"ListItem","position":1,"name":"Home","item":"https:\/\/www.thompsoninjurylaw.com\/es\/"},{"@type":"ListItem","position":2,"name":"Abogado de Moho Negro de San Diego &#8211; Thompson Injury Law"}]},{"@type":"WebSite","@id":"https:\/\/www.thompsoninjurylaw.com\/es\/#website","url":"https:\/\/www.thompsoninjurylaw.com\/es\/","name":"Thompson Injury Law \u2022 Espa\u00f1ol","description":"","potentialAction":[{"@type":"SearchAction","target":{"@type":"EntryPoint","urlTemplate":"https:\/\/www.thompsoninjurylaw.com\/es\/?s={search_term_string}"},"query-input":{"@type":"PropertyValueSpecification","valueRequired":true,"valueName":"search_term_string"}}],"inLanguage":"es"}]}},"_links":{"self":[{"href":"https:\/\/www.thompsoninjurylaw.com\/es\/wp-json\/wp\/v2\/pages\/3496","targetHints":{"allow":["GET"]}}],"collection":[{"href":"https:\/\/www.thompsoninjurylaw.com\/es\/wp-json\/wp\/v2\/pages"}],"about":[{"href":"https:\/\/www.thompsoninjurylaw.com\/es\/wp-json\/wp\/v2\/types\/page"}],"author":[{"embeddable":true,"href":"https:\/\/www.thompsoninjurylaw.com\/es\/wp-json\/wp\/v2\/users\/2"}],"replies":[{"embeddable":true,"href":"https:\/\/www.thompsoninjurylaw.com\/es\/wp-json\/wp\/v2\/comments?post=3496"}],"version-history":[{"count":0,"href":"https:\/\/www.thompsoninjurylaw.com\/es\/wp-json\/wp\/v2\/pages\/3496\/revisions"}],"wp:attachment":[{"href":"https:\/\/www.thompsoninjurylaw.com\/es\/wp-json\/wp\/v2\/media?parent=3496"}],"curies":[{"name":"wp","href":"https:\/\/api.w.org\/{rel}","templated":true}]}}