{"id":3495,"date":"2025-08-27T15:10:50","date_gmt":"2025-08-27T15:10:50","guid":{"rendered":"https:\/\/www.thompsoninjurylaw.com\/es\/?page_id=3495"},"modified":"2025-08-27T15:10:51","modified_gmt":"2025-08-27T15:10:51","slug":"abogado-de-moho-en-escuelas-de-san-diego","status":"publish","type":"page","link":"https:\/\/www.thompsoninjurylaw.com\/es\/abogado-de-moho-en-escuelas-de-san-diego\/","title":{"rendered":"Abogado de Moho en Escuelas de San Diego &#8211; Thompson Injury Law"},"content":{"rendered":"\n<p>El moho se encuentra com\u00fanmente en escuelas y guarder\u00edas de San Diego, aunque no necesita estarlo. El moho es prevenible. En Thompson Injury Law, representamos a padres de ni\u00f1os que han estado expuestos al moho mientras estaban bajo el cuidado de una guarder\u00eda o en la escuela.<\/p>\n\n\n\n<p>La exposici\u00f3n infantil al moho puede llevar a una variedad de condiciones de salud a corto y largo plazo. Consecuentemente, el crecimiento natural de un ni\u00f1o puede verse afectado as\u00ed como su capacidad de salir adelante en el mundo como adulto. La exposici\u00f3n al moho no deber\u00eda ocurrir, por lo que luchamos para ayudar a nuestros clientes a obtener justicia cuando s\u00ed ocurre.<\/p>\n\n\n\n<p>Si su hijo ha estado expuesto al moho y su familia ha sufrido da\u00f1os, puede tener derecho a compensaci\u00f3n. Thompson Injury Law tiene una larga historia representando a v\u00edctimas de San Diego de toda clase de injusticias ambientales, recuperando compensaci\u00f3n valiosa por sus p\u00e9rdidas. Contacte nuestra oficina para hablar con un abogado experimentado hoy.<\/p>\n\n\n\n<h2 class=\"wp-block-heading\">Moho en Edificios de Guarder\u00edas y Escuelas<\/h2>\n\n\n\n<p>El moho puede prosperar f\u00e1cilmente en San Diego debido al aire del oc\u00e9ano. Sin embargo, el mantenimiento apropiado y las medidas preventivas son suficientes para evitar que el moho causado por el oc\u00e9ano sea un problema en escuelas y guarder\u00edas.<\/p>\n\n\n\n<p>En un gran porcentaje de casos, el moho ocurre en escuelas y guarder\u00edas debido a error humano, que es en gran medida prevenible. Algunos de estos errores evitables incluyen:<\/p>\n\n\n\n<ul class=\"wp-block-list\">\n<li>Trabajo de tuber\u00edas defectuoso<\/li>\n\n\n\n<li>Material y trabajo de construcci\u00f3n por debajo del est\u00e1ndar <\/li>\n\n\n\n<li>Estructuras sin mantenimiento<\/li>\n<\/ul>\n\n\n\n<p>En algunos casos, los problemas de moho ocurren debido a individuos sin escr\u00fapulos que est\u00e1n conscientes del problema pero fallan en notificar o remediar la situaci\u00f3n.<\/p>\n\n\n\n<p>Por ejemplo, un vendedor que sabe que su edificio tiene moho o un defecto que causa moho tiene la obligaci\u00f3n de informar al comprador de ese edificio. Y los propietarios de edificios o inquilinos que saben que su edificio tiene moho tambi\u00e9n deben tomar acci\u00f3n inmediata para remediar el problema.<\/p>\n\n\n\n<p>Tristemente, el dinero y otros incentivos similares pueden llevar a algunos individuos y organizaciones a ocultar su conocimiento del moho, lo que pone a los ni\u00f1os en riesgo.<\/p>\n\n\n\n<h2 class=\"wp-block-heading\">Justicia para Su Hijo a Trav\u00e9s de Compensaci\u00f3n<\/h2>\n\n\n\n<p>La exposici\u00f3n al moho nunca es aceptable para los ni\u00f1os. La ley de California reconoce su derecho a estar presente en edificios de escuelas y guarder\u00edas sin estar expuestos a mohos y otras sustancias t\u00f3xicas.<\/p>\n\n\n\n<h3 class=\"wp-block-heading\">Compensaci\u00f3n por Sus P\u00e9rdidas<\/h3>\n\n\n\n<p>Su hijo puede experimentar da\u00f1o serio por exposici\u00f3n al moho. A su vez, su familia puede potencialmente sufrir contratiempos financieros significativos y dolor emocional. Afortunadamente, recurso est\u00e1 disponible para algunas de las condiciones serias de salud que su hijo podr\u00eda enfrentar, las cuales incluyen:<\/p>\n\n\n\n<ul class=\"wp-block-list\">\n<li>Un nuevo caso de asma<\/li>\n\n\n\n<li>Exacerbaci\u00f3n de asma bien controlada <\/li>\n\n\n\n<li>Dolores de cabeza no caracter\u00edsticos <\/li>\n\n\n\n<li>Fatiga y p\u00e9rdida de energ\u00eda<\/li>\n\n\n\n<li>Erupciones y otros problemas de piel inexplicables <\/li>\n\n\n\n<li>P\u00e9rdida auditiva<\/li>\n\n\n\n<li>V\u00f3mito cr\u00f3nico<\/li>\n<\/ul>\n\n\n\n<p>Estas son solo algunas de las muchas complicaciones que la exposici\u00f3n al moho tiene en los ni\u00f1os. Debido a que a\u00fan est\u00e1n creciendo, los ni\u00f1os est\u00e1n particularmente en riesgo de contraer problemas serios del moho. En algunos casos, ni\u00f1os han sufrido lesiones que alteran la vida debido a exposici\u00f3n al moho, y sus familias han sufrido grandemente.<\/p>\n\n\n\n<p>Tr\u00e1gicamente, m\u00e1s casos de exposici\u00f3n infantil al moho en escuelas y guarder\u00edas est\u00e1n surgiendo, debido en gran parte al aumento en la conciencia p\u00fablica de los peligros del moho. M\u00e1s padres y familias est\u00e1n enfrentando las p\u00e9rdidas asociadas con la exposici\u00f3n, incluyendo:<\/p>\n\n\n\n<ul class=\"wp-block-list\">\n<li>Tratamiento m\u00e9dico costoso y que consume tiempo y costos<\/li>\n\n\n\n<li>P\u00e9rdida de ingresos para ni\u00f1os mayores que trabajan y personal escolar <\/li>\n\n\n\n<li>Dolor y sufrimiento<\/li>\n\n\n\n<li>P\u00e9rdida del disfrute de la vida y angustia emocional<\/li>\n<\/ul>\n\n\n\n<p>Adem\u00e1s de los ni\u00f1os, empleados de escuelas y guarder\u00edas tambi\u00e9n pueden sufrir grandemente por exposici\u00f3n al moho.<\/p>\n\n\n\n<p>Personal de mantenimiento, cuidadores, asistentes, maestros, administradores, trabajadores de cafeter\u00eda y otros empleados de escuelas y guarder\u00edas pueden enfermarse despu\u00e9s de exposici\u00f3n prolongada al moho. Consecuentemente, sufrir\u00e1n muchas de las mismas p\u00e9rdidas que los ni\u00f1os.<\/p>\n\n\n\n<p>Ya sea que usted sea un empleado de escuela o guarder\u00eda o un padre, no tiene que lidiar con las consecuencias de la exposici\u00f3n al moho solo. Los abogados ambientales en Thompson Injury Law pueden ser capaces de ayudarle a obtener alivio de algunas de las cargas que usted y su familia han sufrido.<\/p>\n\n\n\n<p>Enfocamos nuestros servicios en lesiones ambientales y hemos sido instrumentales en ayudar a numerosos clientes a obtener la justicia que merecen.<\/p>\n\n\n\n<h2 class=\"wp-block-heading\">\u00bfCu\u00e1nto tiempo tengo para presentar una reclamaci\u00f3n de moho escolar?<\/h2>\n\n\n\n<p>T\u00edpicamente, tiene dos a\u00f1os para presentar una reclamaci\u00f3n de compensaci\u00f3n basada en exposici\u00f3n al moho t\u00f3xico. Sin embargo, otras consideraciones pueden afectar este l\u00edmite de tiempo, haciendo crucial hablar con un abogado tan pronto como sospeche un problema.<\/p>\n\n\n\n<p>Adicionalmente, actuar r\u00e1pidamente ayuda a su abogado a construir un caso fuerte y recopilar y preservar la evidencia que necesitar\u00e1 para ganar compensaci\u00f3n y proteger a su hijo.<\/p>\n\n\n\n<h2 class=\"wp-block-heading\">Contacte a Thompson Injury Law para Hablar con un Abogado Ambiental de San Diego, CA, Hoy<\/h2>\n\n\n\n<p>Es mejor actuar r\u00e1pidamente para proteger a su hijo y preservar la compensaci\u00f3n valiosa a la que puede tener derecho. Un abogado de lesiones ambientales de San Diego de nuestro equipo puede ser capaz de ayudarle a tomar acci\u00f3n r\u00e1pida para su hijo. <a href=\"https:\/\/www.thompsoninjurylaw.com\/contact\/\">Contacte a Thompson Injury Law <\/a>para programar una consulta gratuita y revisi\u00f3n de caso hoy.<\/p>\n\n\n\n<p>Thompson Injury Law maneja casos de exposici\u00f3n al moho en escuelas y guarder\u00edas en toda el \u00e1rea metropolitana de San Diego; esto incluye \u00e1reas como Carlsbad, Chula Vista, El Cajon, Encinitas, Escondido, La Mesa, National City, Oceanside, San Marcos, Santee y Vista.<\/p>\n","protected":false},"excerpt":{"rendered":"<p>El moho se encuentra com\u00fanmente en escuelas y guarder\u00edas de San Diego, aunque no necesita estarlo. El moho es prevenible. En Thompson Injury Law, representamos a padres de ni\u00f1os que han estado expuestos al moho mientras estaban bajo el cuidado de una guarder\u00eda o en la escuela. La exposici\u00f3n infantil al moho puede llevar a&#8230;<\/p>\n","protected":false},"author":2,"featured_media":0,"parent":0,"menu_order":0,"comment_status":"closed","ping_status":"closed","template":"","meta":{"_acf_changed":false,"footnotes":""},"class_list":["post-3495","page","type-page","status-publish","hentry"],"acf":[],"yoast_head":"<!-- This site is optimized with the Yoast SEO plugin v27.4 - https:\/\/yoast.com\/product\/yoast-seo-wordpress\/ -->\n<title>Abogado de Moho en Escuelas de San Diego - Thompson Injury Law - Thompson Injury Law \u2022 Espa\u00f1ol<\/title>\n<meta name=\"robots\" content=\"index, follow, max-snippet:-1, max-image-preview:large, max-video-preview:-1\" \/>\n<link rel=\"canonical\" href=\"https:\/\/www.thompsoninjurylaw.com\/es\/abogado-de-moho-en-escuelas-de-san-diego\/\" \/>\n<meta property=\"og:locale\" content=\"es_MX\" \/>\n<meta property=\"og:type\" content=\"article\" \/>\n<meta property=\"og:title\" content=\"Abogado de Moho en Escuelas de San Diego - Thompson Injury Law - Thompson Injury Law \u2022 Espa\u00f1ol\" \/>\n<meta property=\"og:description\" content=\"El moho se encuentra com\u00fanmente en escuelas y guarder\u00edas de San Diego, aunque no necesita estarlo. El moho es prevenible. En Thompson Injury Law, representamos a padres de ni\u00f1os que han estado expuestos al moho mientras estaban bajo el cuidado de una guarder\u00eda o en la escuela. La exposici\u00f3n infantil al moho puede llevar a...\" \/>\n<meta property=\"og:url\" content=\"https:\/\/www.thompsoninjurylaw.com\/es\/abogado-de-moho-en-escuelas-de-san-diego\/\" \/>\n<meta property=\"og:site_name\" content=\"Thompson Injury Law \u2022 Espa\u00f1ol\" \/>\n<meta property=\"article:modified_time\" content=\"2025-08-27T15:10:51+00:00\" \/>\n<meta name=\"twitter:card\" content=\"summary_large_image\" \/>\n<meta name=\"twitter:label1\" content=\"Est. reading time\" \/>\n\t<meta name=\"twitter:data1\" content=\"5 minutos\" \/>\n<script type=\"application\/ld+json\" class=\"yoast-schema-graph\">{\"@context\":\"https:\\\/\\\/schema.org\",\"@graph\":[{\"@type\":\"WebPage\",\"@id\":\"https:\\\/\\\/www.thompsoninjurylaw.com\\\/es\\\/abogado-de-moho-en-escuelas-de-san-diego\\\/\",\"url\":\"https:\\\/\\\/www.thompsoninjurylaw.com\\\/es\\\/abogado-de-moho-en-escuelas-de-san-diego\\\/\",\"name\":\"Abogado de Moho en Escuelas de San Diego - Thompson Injury Law - Thompson Injury Law \u2022 Espa\u00f1ol\",\"isPartOf\":{\"@id\":\"https:\\\/\\\/www.thompsoninjurylaw.com\\\/es\\\/#website\"},\"datePublished\":\"2025-08-27T15:10:50+00:00\",\"dateModified\":\"2025-08-27T15:10:51+00:00\",\"breadcrumb\":{\"@id\":\"https:\\\/\\\/www.thompsoninjurylaw.com\\\/es\\\/abogado-de-moho-en-escuelas-de-san-diego\\\/#breadcrumb\"},\"inLanguage\":\"es\",\"potentialAction\":[{\"@type\":\"ReadAction\",\"target\":[\"https:\\\/\\\/www.thompsoninjurylaw.com\\\/es\\\/abogado-de-moho-en-escuelas-de-san-diego\\\/\"]}]},{\"@type\":\"BreadcrumbList\",\"@id\":\"https:\\\/\\\/www.thompsoninjurylaw.com\\\/es\\\/abogado-de-moho-en-escuelas-de-san-diego\\\/#breadcrumb\",\"itemListElement\":[{\"@type\":\"ListItem\",\"position\":1,\"name\":\"Home\",\"item\":\"https:\\\/\\\/www.thompsoninjurylaw.com\\\/es\\\/\"},{\"@type\":\"ListItem\",\"position\":2,\"name\":\"Abogado de Moho en Escuelas de San Diego &#8211; Thompson Injury Law\"}]},{\"@type\":\"WebSite\",\"@id\":\"https:\\\/\\\/www.thompsoninjurylaw.com\\\/es\\\/#website\",\"url\":\"https:\\\/\\\/www.thompsoninjurylaw.com\\\/es\\\/\",\"name\":\"Thompson Injury Law \u2022 Espa\u00f1ol\",\"description\":\"\",\"potentialAction\":[{\"@type\":\"SearchAction\",\"target\":{\"@type\":\"EntryPoint\",\"urlTemplate\":\"https:\\\/\\\/www.thompsoninjurylaw.com\\\/es\\\/?s={search_term_string}\"},\"query-input\":{\"@type\":\"PropertyValueSpecification\",\"valueRequired\":true,\"valueName\":\"search_term_string\"}}],\"inLanguage\":\"es\"}]}<\/script>\n<!-- \/ Yoast SEO plugin. -->","yoast_head_json":{"title":"Abogado de Moho en Escuelas de San Diego - Thompson Injury Law - Thompson Injury Law \u2022 Espa\u00f1ol","robots":{"index":"index","follow":"follow","max-snippet":"max-snippet:-1","max-image-preview":"max-image-preview:large","max-video-preview":"max-video-preview:-1"},"canonical":"https:\/\/www.thompsoninjurylaw.com\/es\/abogado-de-moho-en-escuelas-de-san-diego\/","og_locale":"es_MX","og_type":"article","og_title":"Abogado de Moho en Escuelas de San Diego - Thompson Injury Law - Thompson Injury Law \u2022 Espa\u00f1ol","og_description":"El moho se encuentra com\u00fanmente en escuelas y guarder\u00edas de San Diego, aunque no necesita estarlo. El moho es prevenible. En Thompson Injury Law, representamos a padres de ni\u00f1os que han estado expuestos al moho mientras estaban bajo el cuidado de una guarder\u00eda o en la escuela. La exposici\u00f3n infantil al moho puede llevar a...","og_url":"https:\/\/www.thompsoninjurylaw.com\/es\/abogado-de-moho-en-escuelas-de-san-diego\/","og_site_name":"Thompson Injury Law \u2022 Espa\u00f1ol","article_modified_time":"2025-08-27T15:10:51+00:00","twitter_card":"summary_large_image","twitter_misc":{"Est. reading time":"5 minutos"},"schema":{"@context":"https:\/\/schema.org","@graph":[{"@type":"WebPage","@id":"https:\/\/www.thompsoninjurylaw.com\/es\/abogado-de-moho-en-escuelas-de-san-diego\/","url":"https:\/\/www.thompsoninjurylaw.com\/es\/abogado-de-moho-en-escuelas-de-san-diego\/","name":"Abogado de Moho en Escuelas de San Diego - Thompson Injury Law - Thompson Injury Law \u2022 Espa\u00f1ol","isPartOf":{"@id":"https:\/\/www.thompsoninjurylaw.com\/es\/#website"},"datePublished":"2025-08-27T15:10:50+00:00","dateModified":"2025-08-27T15:10:51+00:00","breadcrumb":{"@id":"https:\/\/www.thompsoninjurylaw.com\/es\/abogado-de-moho-en-escuelas-de-san-diego\/#breadcrumb"},"inLanguage":"es","potentialAction":[{"@type":"ReadAction","target":["https:\/\/www.thompsoninjurylaw.com\/es\/abogado-de-moho-en-escuelas-de-san-diego\/"]}]},{"@type":"BreadcrumbList","@id":"https:\/\/www.thompsoninjurylaw.com\/es\/abogado-de-moho-en-escuelas-de-san-diego\/#breadcrumb","itemListElement":[{"@type":"ListItem","position":1,"name":"Home","item":"https:\/\/www.thompsoninjurylaw.com\/es\/"},{"@type":"ListItem","position":2,"name":"Abogado de Moho en Escuelas de San Diego &#8211; Thompson Injury Law"}]},{"@type":"WebSite","@id":"https:\/\/www.thompsoninjurylaw.com\/es\/#website","url":"https:\/\/www.thompsoninjurylaw.com\/es\/","name":"Thompson Injury Law \u2022 Espa\u00f1ol","description":"","potentialAction":[{"@type":"SearchAction","target":{"@type":"EntryPoint","urlTemplate":"https:\/\/www.thompsoninjurylaw.com\/es\/?s={search_term_string}"},"query-input":{"@type":"PropertyValueSpecification","valueRequired":true,"valueName":"search_term_string"}}],"inLanguage":"es"}]}},"_links":{"self":[{"href":"https:\/\/www.thompsoninjurylaw.com\/es\/wp-json\/wp\/v2\/pages\/3495","targetHints":{"allow":["GET"]}}],"collection":[{"href":"https:\/\/www.thompsoninjurylaw.com\/es\/wp-json\/wp\/v2\/pages"}],"about":[{"href":"https:\/\/www.thompsoninjurylaw.com\/es\/wp-json\/wp\/v2\/types\/page"}],"author":[{"embeddable":true,"href":"https:\/\/www.thompsoninjurylaw.com\/es\/wp-json\/wp\/v2\/users\/2"}],"replies":[{"embeddable":true,"href":"https:\/\/www.thompsoninjurylaw.com\/es\/wp-json\/wp\/v2\/comments?post=3495"}],"version-history":[{"count":0,"href":"https:\/\/www.thompsoninjurylaw.com\/es\/wp-json\/wp\/v2\/pages\/3495\/revisions"}],"wp:attachment":[{"href":"https:\/\/www.thompsoninjurylaw.com\/es\/wp-json\/wp\/v2\/media?parent=3495"}],"curies":[{"name":"wp","href":"https:\/\/api.w.org\/{rel}","templated":true}]}}