{"id":3494,"date":"2025-08-27T15:10:21","date_gmt":"2025-08-27T15:10:21","guid":{"rendered":"https:\/\/www.thompsoninjurylaw.com\/es\/?page_id=3494"},"modified":"2025-08-27T15:10:22","modified_gmt":"2025-08-27T15:10:22","slug":"abogado-de-litigio-de-moho-de-asociacion-de-propietarios-de-san-diego","status":"publish","type":"page","link":"https:\/\/www.thompsoninjurylaw.com\/es\/abogado-de-litigio-de-moho-de-asociacion-de-propietarios-de-san-diego\/","title":{"rendered":"Abogado de Litigio de Moho de Asociaci\u00f3n de Propietarios de San Diego &#8211; Thompson Injury Law"},"content":{"rendered":"\n<p id=\"block-19e3d6f0-d69b-4ec8-9833-a419d056d4fd\">Cuando una asociaci\u00f3n de propietarios (HOA) no logra reparar un techo o defectos en \u00e1reas comunes, el da\u00f1o severo por agua a la unidad de un propietario puede resultar en moho t\u00f3xico generalizado. Si la asociaci\u00f3n se niega a remediar el da\u00f1o por moho, los propietarios tienen derecho a tomar acci\u00f3n legal. Ah\u00ed es donde entra el bufete de San Diego Thompson Injury Law.<\/p>\n\n\n\n<p id=\"block-50890b06-7b54-4aef-a2d5-4bfde5fd9b3c\">Tenemos amplia experiencia procesando reclamaciones de litigio de moho de HOA en San Diego. Un problema de moho puede ser desafiante porque usualmente hay un debate sobre qu\u00e9 parte es responsable.<\/p>\n\n\n\n<p id=\"block-e13142c2-6a63-49cd-be05-6d2305b36633\">Nuestros abogados de moho de HOA entienden estas complejas reclamaciones de seguros y cobertura, saben c\u00f3mo responsabilizar a las asociaciones de propietarios y trabajan para ayudar a los propietarios a recuperar da\u00f1os. Contacte nuestra oficina hoy para establecer una consulta.<\/p>\n\n\n\n<h2 class=\"wp-block-heading\" id=\"block-a8a3bcd3-8cfa-4171-9c1b-06350868e2b5\">\u00bfQui\u00e9n Es Responsable de un Problema de Moho de Asociaci\u00f3n de Propietarios en San Diego?<\/h2>\n\n\n\n<p id=\"block-069f29ef-61cb-4fa0-b572-b7b8683ca80d\">El moho es un problema com\u00fan en edificios y hogares en todo el sur de California, incluyendo en asociaciones de propietarios. La infestaci\u00f3n de moho puede ocurrir en cualquier ubicaci\u00f3n, pero es un problema m\u00e1s complejo en aquellos con elementos compartidos o comunes, como casas adosadas, ya que el moho puede propagarse r\u00e1pidamente a trav\u00e9s de las unidades.<\/p>\n\n\n\n<p id=\"block-1dc6d2b2-3b68-499f-a500-f4c1428ad253\">Por el contrario, en HOAs compuestas de casas unifamiliares, hay una l\u00ednea clara entre las responsabilidades del propietario y la asociaci\u00f3n. Por lo tanto, generalmente es m\u00e1s f\u00e1cil determinar qu\u00e9 parte es responsable del problema de moho en estas comunidades.<\/p>\n\n\n\n<p id=\"block-6a254dff-41ec-404c-8fc4-51cefaddda1a\">En cualquier caso, las disputas entre propietarios y HOAs pueden ocurrir cuando las asociaciones no logran cubrir el costo de da\u00f1os y reparaciones. El litigio de moho de HOA puede ser necesario cuando las negociaciones no pueden resolver la disputa.<\/p>\n\n\n\n<p id=\"block-b1b559ef-3e8d-4430-80ab-06ef62614324\">Porque las HOAs tienen la autoridad para hacer cumplir los convenios, condiciones y restricciones colocados en la comunidad en sus documentos de gobierno y manejar los elementos comunes del desarrollo, es crucial tener un abogado capaz de moho de HOA en su esquina.<\/p>\n\n\n\n<h2 class=\"wp-block-heading\" id=\"block-e62b1737-2f4b-431f-8dea-d966418b210b\">Moho de Asociaci\u00f3n de Propietarios (HOA): Identificando a la Parte Responsable<\/h2>\n\n\n\n<p id=\"block-068ce7db-5ce5-44fa-a37f-3aa706706f5f\">Generalmente, la HOA se vuelve responsable del da\u00f1o por moho si se origin\u00f3 de un \u00e1rea com\u00fan, as\u00ed como en otros problemas de mantenimiento en una asociaci\u00f3n de propietarios. Las \u00e1reas comunes est\u00e1n<\/p>\n\n\n\n<p id=\"block-e5fce720-f3cb-4004-a576-1f86956e7026\">bajo la jurisdicci\u00f3n de la HOA, mientras que los propietarios individuales son responsables de sus hogares.<\/p>\n\n\n\n<p id=\"block-dec7431c-cfff-4b3e-bdbb-595152ebbc82\">Sin embargo, no todas las asociaciones de propietarios tienen los mismos estatutos y reglas que gobiernan la comunidad. Una revisi\u00f3n de los documentos de gobierno de la asociaci\u00f3n deber\u00eda determinar las responsabilidades de mantenimiento. Algunas HOAs siguen la regla de origen. La asociaci\u00f3n de propietarios podr\u00eda ser responsable si el da\u00f1o por agua en las \u00e1reas comunes result\u00f3 en infestaci\u00f3n de moho en la unidad del propietario.<\/p>\n\n\n\n<h3 class=\"wp-block-heading\" id=\"block-e22dfbc2-b89b-4ea4-8098-9bee6df5c401\">Cuando la HOA Es Negligente<\/h3>\n\n\n\n<p id=\"block-4a4bc7ff-609b-4768-a135-48be261a8eea\">La asociaci\u00f3n de propietarios es responsable de mantener las \u00e1reas comunes. Si el mantenimiento insuficiente o la falta de mantenimiento lleva al crecimiento de moho, la HOA puede ser responsabilizada por negligencia. Notablemente, hay una diferencia entre un deber de asegurar y un deber de reparar. Las HOAs t\u00edpicamente aseguran tanto los hogares o unidades como los elementos comunes. Eso puede cubrir el costo de remediaci\u00f3n de moho pero no el costo de reparar da\u00f1os dentro de las unidades de los propietarios. Se necesita un abogado h\u00e1bil de moho de HOA para analizar los documentos de gobierno y las leyes estatales aplicables con respecto a problemas de moho de HOA.<\/p>\n\n\n\n<h2 class=\"wp-block-heading\" id=\"block-88fffb1f-44dc-4911-85c9-51ac77d7b627\">Litigio de Asociaci\u00f3n de Propietarios y Remediaci\u00f3n de Moho<\/h2>\n\n\n\n<p id=\"block-36436314-a473-4ba0-8360-fbf33fb32f64\">Una vez que la asociaci\u00f3n de propietarios descubre moho en su comunidad, la HOA debe tomar pasos para remediarlo. El <a href=\"https:\/\/www.thompsoninjurylaw.com\/environmental-claims\/toxic-mold\/\">m oho t\u00f3xico <\/a>puede tener efectos serios en la salud, por lo que es necesario tener un profesional que trate el moho y prevenga el crecimiento adicional.<\/p>\n\n\n\n<p id=\"block-e4720184-32bd-4e51-a3ff-ecdfeaaf1fa5\">Adem\u00e1s, las asociaciones de propietarios deber\u00edan incluir inspecci\u00f3n de moho en su horario de mantenimiento regular. Las HOAs deben verificar las \u00e1reas comunes y edificios por se\u00f1ales de da\u00f1o por agua y moho para prevenir que se propague y crezca fuera de control. Una asociaci\u00f3n de propietarios que falla en incluir esto como parte del plan de mantenimiento puede ser encontrada negligente.<\/p>\n\n\n\n<h2 class=\"wp-block-heading\" id=\"block-3e21a72b-ec5d-4f68-9d14-997ef87c7b39\">Responsabilizando a las Asociaciones de Propietarios de San Diego por Exposici\u00f3n al Moho T\u00f3xico<\/h2>\n\n\n\n<p id=\"block-734314c9-03aa-4a4b-a17b-2e684557fcb8\">Una asociaci\u00f3n de propietarios (HOA) y la junta directiva son responsables de mantener las \u00e1reas comunes y prevenir da\u00f1o por moho a unidades individuales. Cuando una HOA falla en hacerlo, nuestro equipo trabaja para responsabilizarlos.<\/p>\n\n\n\n<p id=\"block-1dfd6382-1371-4bb9-b983-8f12a2fca385\">Si su asociaci\u00f3n de propietarios ha fallado en remediar el da\u00f1o por moho, conf\u00ede en Thompson Injury Law para manejar todos los detalles de sus reclamaciones y proteger sus derechos. Nuestros abogados de moho t\u00f3xico:<\/p>\n\n\n\n<ul id=\"block-9b4d3690-fce2-4489-b541-c76b6240f08a\" class=\"wp-block-list\">\n<li>Har\u00e1n que un profesional inspeccione sus instalaciones<\/li>\n\n\n\n<li>Revisar\u00e1n los documentos de gobierno de la HOA<\/li>\n\n\n\n<li>Determinar\u00e1n si otros propietarios han experimentado da\u00f1o por agua y moho<\/li>\n\n\n\n<li>Se har\u00e1n cargo de todas las comunicaciones con la asociaci\u00f3n y sus abogados<\/li>\n\n\n\n<li>Negociar\u00e1n un acuerdo favorable<\/li>\n<\/ul>\n\n\n\n<p id=\"block-930e62b0-afbe-4823-9860-0f668fc09536\">Si la asociaci\u00f3n de propietarios falla en remediar el moho y reparar da\u00f1os a su hogar, buscaremos litigio de moho de HOA para lograr el resultado deseado. Tenga la seguridad de que protegeremos sus derechos dentro y fuera de la sala de tribunal.<\/p>\n\n\n\n<h2 class=\"wp-block-heading\" id=\"block-93ecf69f-90dd-4621-8a4f-fd3380e3cb59\">Contacte a Nuestro Abogado Experimentado de Litigio de Moho de Asociaci\u00f3n de Propietarios de San Diego<\/h2>\n\n\n\n<p id=\"block-e985c663-ef32-4b53-9faa-e5b90d2adfcf\">Los propietarios en una HOA esperan calidad de la comunidad, sus hogares y \u00e1reas comunes. Cuando una asociaci\u00f3n de propietarios falla en cumplir sus responsabilidades y prevenir da\u00f1o por moho a la unidad de un propietario, se necesita un abogado h\u00e1bil de moho de HOA para responsabilizarlos.<\/p>\n\n\n\n<p id=\"block-6c095fa0-7a27-4873-b421-d1caa14fa565\"><a href=\"https:\/\/www.thompsoninjurylaw.com\/contact\/\">Contacte nuestra oficina hoy <\/a>para que podamos comenzar a trabajar en su reclamaci\u00f3n de moho t\u00f3xico.<\/p>\n\n\n\n<p id=\"block-9198a9f4-e722-46d7-b25a-efca3f431aa4\">Thompson Injury Law maneja casos de litigio de moho con la HOA en toda el \u00e1rea metropolitana de San Diego; esto incluye \u00e1reas como Carlsbad, Chula Vista, El Cajon, Encinitas, Escondido, La Mesa, National City, Oceanside, San Marcos, Santee y Vista.<\/p>\n","protected":false},"excerpt":{"rendered":"<p>Cuando una asociaci\u00f3n de propietarios (HOA) no logra reparar un techo o defectos en \u00e1reas comunes, el da\u00f1o severo por agua a la unidad de un propietario puede resultar en moho t\u00f3xico generalizado. Si la asociaci\u00f3n se niega a remediar el da\u00f1o por moho, los propietarios tienen derecho a tomar acci\u00f3n legal. Ah\u00ed es donde&#8230;<\/p>\n","protected":false},"author":2,"featured_media":0,"parent":0,"menu_order":0,"comment_status":"closed","ping_status":"closed","template":"","meta":{"_acf_changed":false,"footnotes":""},"class_list":["post-3494","page","type-page","status-publish","hentry"],"acf":[],"yoast_head":"<!-- This site is optimized with the Yoast SEO plugin v27.4 - https:\/\/yoast.com\/product\/yoast-seo-wordpress\/ -->\n<title>Abogado de Litigio de Moho de Asociaci\u00f3n de Propietarios de San Diego - Thompson Injury Law - Thompson Injury Law \u2022 Espa\u00f1ol<\/title>\n<meta name=\"robots\" content=\"index, follow, max-snippet:-1, max-image-preview:large, max-video-preview:-1\" \/>\n<link rel=\"canonical\" href=\"https:\/\/www.thompsoninjurylaw.com\/es\/abogado-de-litigio-de-moho-de-asociacion-de-propietarios-de-san-diego\/\" \/>\n<meta property=\"og:locale\" content=\"es_MX\" \/>\n<meta property=\"og:type\" content=\"article\" \/>\n<meta property=\"og:title\" content=\"Abogado de Litigio de Moho de Asociaci\u00f3n de Propietarios de San Diego - Thompson Injury Law - Thompson Injury Law \u2022 Espa\u00f1ol\" \/>\n<meta property=\"og:description\" content=\"Cuando una asociaci\u00f3n de propietarios (HOA) no logra reparar un techo o defectos en \u00e1reas comunes, el da\u00f1o severo por agua a la unidad de un propietario puede resultar en moho t\u00f3xico generalizado. Si la asociaci\u00f3n se niega a remediar el da\u00f1o por moho, los propietarios tienen derecho a tomar acci\u00f3n legal. Ah\u00ed es donde...\" \/>\n<meta property=\"og:url\" content=\"https:\/\/www.thompsoninjurylaw.com\/es\/abogado-de-litigio-de-moho-de-asociacion-de-propietarios-de-san-diego\/\" \/>\n<meta property=\"og:site_name\" content=\"Thompson Injury Law \u2022 Espa\u00f1ol\" \/>\n<meta property=\"article:modified_time\" content=\"2025-08-27T15:10:22+00:00\" \/>\n<meta name=\"twitter:card\" content=\"summary_large_image\" \/>\n<meta name=\"twitter:label1\" content=\"Est. reading time\" \/>\n\t<meta name=\"twitter:data1\" content=\"5 minutos\" \/>\n<script type=\"application\/ld+json\" class=\"yoast-schema-graph\">{\"@context\":\"https:\\\/\\\/schema.org\",\"@graph\":[{\"@type\":\"WebPage\",\"@id\":\"https:\\\/\\\/www.thompsoninjurylaw.com\\\/es\\\/abogado-de-litigio-de-moho-de-asociacion-de-propietarios-de-san-diego\\\/\",\"url\":\"https:\\\/\\\/www.thompsoninjurylaw.com\\\/es\\\/abogado-de-litigio-de-moho-de-asociacion-de-propietarios-de-san-diego\\\/\",\"name\":\"Abogado de Litigio de Moho de Asociaci\u00f3n de Propietarios de San Diego - Thompson Injury Law - Thompson Injury Law \u2022 Espa\u00f1ol\",\"isPartOf\":{\"@id\":\"https:\\\/\\\/www.thompsoninjurylaw.com\\\/es\\\/#website\"},\"datePublished\":\"2025-08-27T15:10:21+00:00\",\"dateModified\":\"2025-08-27T15:10:22+00:00\",\"breadcrumb\":{\"@id\":\"https:\\\/\\\/www.thompsoninjurylaw.com\\\/es\\\/abogado-de-litigio-de-moho-de-asociacion-de-propietarios-de-san-diego\\\/#breadcrumb\"},\"inLanguage\":\"es\",\"potentialAction\":[{\"@type\":\"ReadAction\",\"target\":[\"https:\\\/\\\/www.thompsoninjurylaw.com\\\/es\\\/abogado-de-litigio-de-moho-de-asociacion-de-propietarios-de-san-diego\\\/\"]}]},{\"@type\":\"BreadcrumbList\",\"@id\":\"https:\\\/\\\/www.thompsoninjurylaw.com\\\/es\\\/abogado-de-litigio-de-moho-de-asociacion-de-propietarios-de-san-diego\\\/#breadcrumb\",\"itemListElement\":[{\"@type\":\"ListItem\",\"position\":1,\"name\":\"Home\",\"item\":\"https:\\\/\\\/www.thompsoninjurylaw.com\\\/es\\\/\"},{\"@type\":\"ListItem\",\"position\":2,\"name\":\"Abogado de Litigio de Moho de Asociaci\u00f3n de Propietarios de San Diego &#8211; Thompson Injury Law\"}]},{\"@type\":\"WebSite\",\"@id\":\"https:\\\/\\\/www.thompsoninjurylaw.com\\\/es\\\/#website\",\"url\":\"https:\\\/\\\/www.thompsoninjurylaw.com\\\/es\\\/\",\"name\":\"Thompson Injury Law \u2022 Espa\u00f1ol\",\"description\":\"\",\"potentialAction\":[{\"@type\":\"SearchAction\",\"target\":{\"@type\":\"EntryPoint\",\"urlTemplate\":\"https:\\\/\\\/www.thompsoninjurylaw.com\\\/es\\\/?s={search_term_string}\"},\"query-input\":{\"@type\":\"PropertyValueSpecification\",\"valueRequired\":true,\"valueName\":\"search_term_string\"}}],\"inLanguage\":\"es\"}]}<\/script>\n<!-- \/ Yoast SEO plugin. -->","yoast_head_json":{"title":"Abogado de Litigio de Moho de Asociaci\u00f3n de Propietarios de San Diego - Thompson Injury Law - Thompson Injury Law \u2022 Espa\u00f1ol","robots":{"index":"index","follow":"follow","max-snippet":"max-snippet:-1","max-image-preview":"max-image-preview:large","max-video-preview":"max-video-preview:-1"},"canonical":"https:\/\/www.thompsoninjurylaw.com\/es\/abogado-de-litigio-de-moho-de-asociacion-de-propietarios-de-san-diego\/","og_locale":"es_MX","og_type":"article","og_title":"Abogado de Litigio de Moho de Asociaci\u00f3n de Propietarios de San Diego - Thompson Injury Law - Thompson Injury Law \u2022 Espa\u00f1ol","og_description":"Cuando una asociaci\u00f3n de propietarios (HOA) no logra reparar un techo o defectos en \u00e1reas comunes, el da\u00f1o severo por agua a la unidad de un propietario puede resultar en moho t\u00f3xico generalizado. Si la asociaci\u00f3n se niega a remediar el da\u00f1o por moho, los propietarios tienen derecho a tomar acci\u00f3n legal. Ah\u00ed es donde...","og_url":"https:\/\/www.thompsoninjurylaw.com\/es\/abogado-de-litigio-de-moho-de-asociacion-de-propietarios-de-san-diego\/","og_site_name":"Thompson Injury Law \u2022 Espa\u00f1ol","article_modified_time":"2025-08-27T15:10:22+00:00","twitter_card":"summary_large_image","twitter_misc":{"Est. reading time":"5 minutos"},"schema":{"@context":"https:\/\/schema.org","@graph":[{"@type":"WebPage","@id":"https:\/\/www.thompsoninjurylaw.com\/es\/abogado-de-litigio-de-moho-de-asociacion-de-propietarios-de-san-diego\/","url":"https:\/\/www.thompsoninjurylaw.com\/es\/abogado-de-litigio-de-moho-de-asociacion-de-propietarios-de-san-diego\/","name":"Abogado de Litigio de Moho de Asociaci\u00f3n de Propietarios de San Diego - Thompson Injury Law - Thompson Injury Law \u2022 Espa\u00f1ol","isPartOf":{"@id":"https:\/\/www.thompsoninjurylaw.com\/es\/#website"},"datePublished":"2025-08-27T15:10:21+00:00","dateModified":"2025-08-27T15:10:22+00:00","breadcrumb":{"@id":"https:\/\/www.thompsoninjurylaw.com\/es\/abogado-de-litigio-de-moho-de-asociacion-de-propietarios-de-san-diego\/#breadcrumb"},"inLanguage":"es","potentialAction":[{"@type":"ReadAction","target":["https:\/\/www.thompsoninjurylaw.com\/es\/abogado-de-litigio-de-moho-de-asociacion-de-propietarios-de-san-diego\/"]}]},{"@type":"BreadcrumbList","@id":"https:\/\/www.thompsoninjurylaw.com\/es\/abogado-de-litigio-de-moho-de-asociacion-de-propietarios-de-san-diego\/#breadcrumb","itemListElement":[{"@type":"ListItem","position":1,"name":"Home","item":"https:\/\/www.thompsoninjurylaw.com\/es\/"},{"@type":"ListItem","position":2,"name":"Abogado de Litigio de Moho de Asociaci\u00f3n de Propietarios de San Diego &#8211; Thompson Injury Law"}]},{"@type":"WebSite","@id":"https:\/\/www.thompsoninjurylaw.com\/es\/#website","url":"https:\/\/www.thompsoninjurylaw.com\/es\/","name":"Thompson Injury Law \u2022 Espa\u00f1ol","description":"","potentialAction":[{"@type":"SearchAction","target":{"@type":"EntryPoint","urlTemplate":"https:\/\/www.thompsoninjurylaw.com\/es\/?s={search_term_string}"},"query-input":{"@type":"PropertyValueSpecification","valueRequired":true,"valueName":"search_term_string"}}],"inLanguage":"es"}]}},"_links":{"self":[{"href":"https:\/\/www.thompsoninjurylaw.com\/es\/wp-json\/wp\/v2\/pages\/3494","targetHints":{"allow":["GET"]}}],"collection":[{"href":"https:\/\/www.thompsoninjurylaw.com\/es\/wp-json\/wp\/v2\/pages"}],"about":[{"href":"https:\/\/www.thompsoninjurylaw.com\/es\/wp-json\/wp\/v2\/types\/page"}],"author":[{"embeddable":true,"href":"https:\/\/www.thompsoninjurylaw.com\/es\/wp-json\/wp\/v2\/users\/2"}],"replies":[{"embeddable":true,"href":"https:\/\/www.thompsoninjurylaw.com\/es\/wp-json\/wp\/v2\/comments?post=3494"}],"version-history":[{"count":0,"href":"https:\/\/www.thompsoninjurylaw.com\/es\/wp-json\/wp\/v2\/pages\/3494\/revisions"}],"wp:attachment":[{"href":"https:\/\/www.thompsoninjurylaw.com\/es\/wp-json\/wp\/v2\/media?parent=3494"}],"curies":[{"name":"wp","href":"https:\/\/api.w.org\/{rel}","templated":true}]}}