{"id":3493,"date":"2025-08-27T15:09:43","date_gmt":"2025-08-27T15:09:43","guid":{"rendered":"https:\/\/www.thompsoninjurylaw.com\/es\/?page_id=3493"},"modified":"2025-08-27T15:09:45","modified_gmt":"2025-08-27T15:09:45","slug":"abogado-de-moho-toxico-de-san-diego","status":"publish","type":"page","link":"https:\/\/www.thompsoninjurylaw.com\/es\/abogado-de-moho-toxico-de-san-diego\/","title":{"rendered":"Abogado de Moho T\u00f3xico de San Diego &#8211; Thompson Injury Law"},"content":{"rendered":"\n<p id=\"block-cd774f4e-3689-4599-bbd8-a47006e259aa\">Si ha sufrido una enfermedad, da\u00f1o a la propiedad u otras p\u00e9rdidas debido a una infestaci\u00f3n de moho t\u00f3xico, tiene derecho a tomar acci\u00f3n legal para obtener da\u00f1os monetarios. Ah\u00ed es donde entra Thompson Injury Law. Regularmente representamos a v\u00edctimas de exposici\u00f3n al moho t\u00f3xico y otros <a href=\"https:\/\/www.thompsoninjurylaw.com\/environmental-claims\/\"><\/a><a href=\"https:\/\/www.thompsoninjurylaw.com\/environmental-claims\/\">peligros<\/a> <a href=\"https:\/\/www.thompsoninjurylaw.com\/environmental-claims\/\">ambientales<\/a> en San Diego y en toda California.<\/p>\n\n\n\n<p id=\"block-beef67a0-41bc-4031-8873-0adc837be015\">Cuando se re\u00fana con nosotros, conoceremos sus circunstancias, identificaremos a las partes que pueden ser responsables de la infestaci\u00f3n de moho y determinaremos el mejor curso de acci\u00f3n. Puede depender de nuestro abogado experimentado en lesiones por moho t\u00f3xico para conseguirle la compensaci\u00f3n m\u00e1xima que merece. Contacte nuestra oficina hoy para una consulta gratuita.<\/p>\n\n\n\n<h2 class=\"wp-block-heading\" id=\"block-5c2078f1-082a-4ac4-b739-5055fc09c6a4\">\u00bfQu\u00e9 Se Considera Moho T\u00f3xico en San Diego?<\/h2>\n\n\n\n<p id=\"block-c7f48276-6060-4975-93aa-60583583f7cc\">El moho y las esporas de moho com\u00fanmente crecen dentro de hogares y edificios. Hay varias especies de moho en todo San Diego, la mayor\u00eda de las cuales no representan amenaza para las personas. Sin embargo, los mohos t\u00f3xicos, como Stachybotrys o &#8220;moho negro&#8221;, son peligrosos y pueden causar problemas graves de salud. Los s\u00edntomas de exposici\u00f3n al moho t\u00f3xico incluyen:<\/p>\n\n\n\n<ul id=\"block-ac02545c-9ad8-463c-baab-05f1816a4a22\" class=\"wp-block-list\">\n<li>S\u00edntomas similares al resfriado y la gripe<\/li>\n\n\n\n<li>Sangrado nasal<\/li>\n\n\n\n<li>Dolores de cabeza<\/li>\n\n\n\n<li>Alergias<\/li>\n\n\n\n<li>Erupciones e irritaci\u00f3n de la piel<\/li>\n\n\n\n<li>Asma<\/li>\n\n\n\n<li>Neumon\u00eda<\/li>\n\n\n\n<li>Da\u00f1o pulmonar<\/li>\n\n\n\n<li>Dolor en el pecho y articulaciones<\/li>\n\n\n\n<li>Trastornos hep\u00e1ticos<\/li>\n<\/ul>\n\n\n\n<p id=\"block-7ced9446-15b9-4665-a271-3a0c4ec015e7\">Si usted o un ser querido est\u00e1 experimentando estos s\u00edntomas por razones desconocidas, busque atenci\u00f3n m\u00e9dica tan pronto como sea posible. Luego haga que su hogar o edificio sea examinado para moho t\u00f3xico.<\/p>\n\n\n\n<h2 class=\"wp-block-heading\" id=\"block-0ac623b1-2623-4c02-97a5-32ca340085d3\">C\u00f3mo Verificar la Presencia de Moho en Su Hogar o Edificio en San Diego<\/h2>\n\n\n\n<p id=\"block-e9f27ef1-b384-4bea-8e1c-5b3e0ce09b51\">El moho necesita humedad para crecer y propagarse y puede provenir de construcci\u00f3n, mantenimiento y reparaciones defectuosos, tales como:<\/p>\n\n\n\n<ul id=\"block-f244f08f-1db8-44ed-bebf-60c6a4763ae5\" class=\"wp-block-list\">\n<li>Fugas de plomer\u00eda<\/li>\n\n\n\n<li>Filtraciones en el techo<\/li>\n\n\n\n<li>Filtraciones de puertas o ventanas<\/li>\n\n\n\n<li>Problemas de nivelaci\u00f3n o drenaje<\/li>\n\n\n\n<li>Da\u00f1o por inundaci\u00f3n<\/li>\n<\/ul>\n\n\n\n<p id=\"block-4c6588c5-365e-41a6-bd2d-1c9d98a85bf7\">El moho com\u00fanmente crece en \u00e1reas h\u00famedas y c\u00e1lidas, como s\u00f3tanos h\u00famedos, armarios, ba\u00f1os, madera, baldosas del techo, paredes y pisos, y puede desarrollarse r\u00e1pidamente en material da\u00f1ado por agua. Hay dos formas principales de examinar la presencia de moho en un edificio o hogar &#8211; examen de aire y examen de muestras:<\/p>\n\n\n\n<ul id=\"block-576c563f-f812-4b58-b39a-3a48a6c59157\" class=\"wp-block-list\">\n<li><strong>Examen de aire <\/strong>involucra tomar muestras de aire a trav\u00e9s de una bomba de aire y una placa de Petri y enviarlas a un laboratorio para ser analizadas. Si el moho crece en la placa de Petri, es probable que haya moho presente en su hogar o edificio.<\/li>\n\n\n\n<li><strong>Examen de muestras <\/strong>involucra pruebas como enviar paneles de yeso cargados de moho en un contenedor sellado a un laboratorio y muestreo con cinta adhesiva.<\/li>\n<\/ul>\n\n\n\n<p id=\"block-6413052d-d4e0-4408-9b3a-c0e692c75faa\">Examinar la presencia de moho es solo la mitad de la batalla; determinar qui\u00e9n es responsable del peligro requiere las habilidades de un abogado experimentado en moho t\u00f3xico.<\/p>\n\n\n\n<h2 class=\"wp-block-heading\" id=\"block-cdf004db-b8e5-47e1-9143-cac14e369c91\">Representando a V\u00edctimas de Exposici\u00f3n al Moho T\u00f3xico en San Diego<\/h2>\n\n\n\n<p id=\"block-4b6b1924-1833-4705-afe1-8d5aa34fa5b0\">Determinar qui\u00e9n es responsable de la exposici\u00f3n al moho t\u00f3xico depende de si usted posee o alquila el hogar o edificio o si ocurri\u00f3 en un lugar de trabajo o escuela.<\/p>\n\n\n\n<h3 class=\"wp-block-heading\" id=\"block-d6fc7179-56c5-4459-84c1-d76456b41d67\">Moho T\u00f3xico en un Edificio que Usted Posee<\/h3>\n\n\n\n<p id=\"block-43851bae-a2a7-4bbf-9789-9e4bf1c7f9a0\">Si la infestaci\u00f3n de moho est\u00e1 en su hogar, apartamento, condominio u otro edificio que usted posee, varias partes pueden ser responsables. Sin embargo, el primer paso es revisar su p\u00f3liza de seguro de propietario para determinar si cubre su tipo de infestaci\u00f3n de moho:<\/p>\n\n\n\n<ul id=\"block-9f3e7269-5530-4edc-8bea-012c169ffaed\" class=\"wp-block-list\">\n<li><strong>Peligros cubiertos <\/strong>\u2013 Ciertos peligros, como incendio o una filtraci\u00f3n en el techo, t\u00edpicamente est\u00e1n cubiertos. Si la causa de su infestaci\u00f3n de moho es un peligro cubierto (p. ej. una filtraci\u00f3n en el techo), entonces la compa\u00f1\u00eda de seguros estar\u00e1 obligada a cubrir el costo de la remediaci\u00f3n de moho.<\/li>\n\n\n\n<li><strong>Exclusiones <\/strong>\u2013 Las p\u00f3lizas de propietarios tambi\u00e9n tienen una lista de exclusiones, como infestaciones de moho que se desarrollan con el tiempo.<\/li>\n<\/ul>\n\n\n\n<p id=\"block-219f4e62-c24c-453e-9176-c9248b625d8d\">Las compa\u00f1\u00edas de seguros deben actuar de buena fe y honrar los t\u00e9rminos de su p\u00f3liza de propietario. Si el asegurador no cubre los costos de remediaci\u00f3n, nuestros abogados de moho t\u00f3xico est\u00e1n bien preparados para presentar una demanda para ayudarle a recuperar da\u00f1os.<\/p>\n\n\n\n<h3 class=\"wp-block-heading\" id=\"block-a5c85dfe-afd7-41ed-ae1c-6e75683a7f32\">Infestaci\u00f3n de Moho No Causada por un Peligro Cubierto<\/h3>\n\n\n\n<p id=\"block-f1fa8ef7-00d5-4281-80ea-d24fcbfd5e66\">Nuestro abogado de moho t\u00f3xico trabajar\u00e1 para identificar y responsabilizar a otras partes, tales como:<\/p>\n\n\n\n<ul id=\"block-31b6b97d-476e-41e6-a5c5-6c200b9faa34\" class=\"wp-block-list\">\n<li><strong>Constructor o contratista <\/strong>\u2013 Puede tener una reclamaci\u00f3n por incumplimiento de garant\u00eda contra el constructor, contratista general o subcontratistas si la infestaci\u00f3n de moho result\u00f3 de construcci\u00f3n o materiales de mala calidad o una falla en instalar ventilaci\u00f3n apropiada.<\/li>\n\n\n\n<li><strong>Arquitecto o Ingeniero <\/strong>\u2013 El arquitecto o ingeniero puede ser negligente si la infestaci\u00f3n de moho se debi\u00f3 a arquitectura o ingenier\u00eda deficiente, como una falla en incluir ventilaci\u00f3n apropiada en el dise\u00f1o del hogar.<\/li>\n\n\n\n<li><strong>Proveedor de construcci\u00f3n <\/strong>\u2013 Si podemos probar que la infestaci\u00f3n de moho se origin\u00f3 en materiales de construcci\u00f3n mohosos como revestimiento o paneles de yeso, podemos ayudarle a presentar una reclamaci\u00f3n contra el proveedor comercial del material.<\/li>\n\n\n\n<li><strong>Propietario anterior <\/strong>\u2013 El vendedor de una casa en California debe divulgar cualquier defecto conocido, como la presencia de una infestaci\u00f3n de moho. Un propietario que sab\u00eda que el moho estaba presente pero no le dijo cuando compr\u00f3 su hogar puede ser responsabilizado.<\/li>\n\n\n\n<li><strong>Asociaci\u00f3n de condominios <\/strong>\u2013 La asociaci\u00f3n de condominios puede ser responsabilizada por la infestaci\u00f3n de moho causada por tuber\u00edas de agua con filtraciones entre las paredes o si ocurre en un \u00e1rea com\u00fan.<\/li>\n<\/ul>\n\n\n\n<h3 class=\"wp-block-heading\" id=\"block-7ae5c6b8-fd3e-43c3-a364-8438558fbc06\">Alquilando un Apartamento o Casa Infestado de Moho en San Diego<\/h3>\n\n\n\n<p id=\"block-8e4c45db-80eb-406c-ac24-fd9e7dab2f32\">Los caseros est\u00e1n sujetos a la doctrina legal de &#8220;garant\u00eda impl\u00edcita de habitabilidad&#8221;, que los hace responsables de mantener la propiedad de alquiler libre de peligros de salud como infestaci\u00f3n de moho. Nuestro abogado de moho t\u00f3xico de California tiene las habilidades y experiencia para responsabilizar a su casero si ha sufrido una enfermedad o da\u00f1o a la propiedad por moho.<\/p>\n\n\n\n<h3 class=\"wp-block-heading\" id=\"block-80c576bd-87e7-44a5-860f-a453f2188b1c\">Moho en Su Lugar de Trabajo<\/h3>\n\n\n\n<p id=\"block-1afc2be4-411e-4f7b-b93a-43e35ca3f6d7\">Si la infestaci\u00f3n de moho en el trabajo ha causado problemas de salud, puede ser capaz de presentar una reclamaci\u00f3n de compensaci\u00f3n laboral para obtener beneficios como reemplazo parcial de salario y gastos m\u00e9dicos. Sin embargo, su empleador o el casero del edificio pueden ser responsables de da\u00f1os si no mantuvieron las instalaciones en una condici\u00f3n segura y habitable.<\/p>\n\n\n\n<h3 class=\"wp-block-heading\" id=\"block-28927645-8753-4f6b-bec0-344acfd64126\">Moho en la Escuela de Su Hijo<\/h3>\n\n\n\n<p id=\"block-401d3ebe-f832-4830-aa7e-13288120100e\">Podemos ayudarle a presentar una reclamaci\u00f3n legal contra el propietario, operador o una agencia gubernamental (si es una escuela p\u00fablica) si la infestaci\u00f3n de moho en una escuela o guarder\u00eda ha causado que su hijo desarrolle problemas de salud (p. ej. asma, erupciones cut\u00e1neas o irritaci\u00f3n).<\/p>\n\n\n\n<h2 class=\"wp-block-heading\" id=\"block-52348d33-a69c-41a2-bafe-8641d080a146\">Contacte a Nuestro Abogado Litigante Ambiental Experimentado en Moho T\u00f3xico de San Diego<\/h2>\n\n\n\n<p id=\"block-15ccb2d3-bcea-4ccf-ae10-677af9066a88\">Si usted o un ser querido sufri\u00f3 una enfermedad por exposici\u00f3n al moho t\u00f3xico, conf\u00ede en nosotros para identificar a la parte responsable, responsabilizarlos y ayudarle a recuperar da\u00f1os tales como:<\/p>\n\n\n\n<ul id=\"block-ac495e24-5013-4f00-8f11-2b1cc8011a01\" class=\"wp-block-list\">\n<li>Ingresos perdidos \u2013 presentes y futuros<\/li>\n\n\n\n<li>Alteraciones a su hogar para hacerlo accesible<\/li>\n\n\n\n<li>Dolor y sufrimiento<\/li>\n\n\n\n<li>Angustia emocional<\/li>\n\n\n\n<li>Discapacidad permanente<\/li>\n\n\n\n<li>P\u00e9rdida del disfrute de la vida<\/li>\n\n\n\n<li>P\u00e9rdida del consorcio<\/li>\n<\/ul>\n\n\n\n<p id=\"block-ddea5d94-97f6-4072-b3d9-6546bb2fe65a\">Tenemos un historial impresionante de resultados exitosos en reclamaciones de moho t\u00f3xico y trabajaremos para proteger su salud y seguridad. <a href=\"https:\/\/www.thompsoninjurylaw.com\/contact\/\">Contacte nuestra oficina hoy<\/a> para una consulta gratuita.<\/p>\n\n\n\n<p id=\"block-486a814a-a1a9-46d1-ada6-a7339820b08b\">Thompson Injury Law maneja casos de moho t\u00f3xico en toda el \u00e1rea metropolitana de San Diego; esto incluye \u00e1reas como Carlsbad, Chula Vista, El Cajon, Encinitas, Escondido, La Mesa, National City, Oceanside, San Marcos, Santee y Vista.<\/p>\n","protected":false},"excerpt":{"rendered":"<p>Si ha sufrido una enfermedad, da\u00f1o a la propiedad u otras p\u00e9rdidas debido a una infestaci\u00f3n de moho t\u00f3xico, tiene derecho a tomar acci\u00f3n legal para obtener da\u00f1os monetarios. Ah\u00ed es donde entra Thompson Injury Law. Regularmente representamos a v\u00edctimas de exposici\u00f3n al moho t\u00f3xico y otros peligros ambientales en San Diego y en toda&#8230;<\/p>\n","protected":false},"author":2,"featured_media":0,"parent":0,"menu_order":0,"comment_status":"closed","ping_status":"closed","template":"","meta":{"_acf_changed":false,"footnotes":""},"class_list":["post-3493","page","type-page","status-publish","hentry"],"acf":[],"yoast_head":"<!-- This site is optimized with the Yoast SEO plugin v27.4 - https:\/\/yoast.com\/product\/yoast-seo-wordpress\/ -->\n<title>Abogado de Moho T\u00f3xico de San Diego - Thompson Injury Law - Thompson Injury Law \u2022 Espa\u00f1ol<\/title>\n<meta name=\"robots\" content=\"index, follow, max-snippet:-1, max-image-preview:large, max-video-preview:-1\" \/>\n<link rel=\"canonical\" href=\"https:\/\/www.thompsoninjurylaw.com\/es\/abogado-de-moho-toxico-de-san-diego\/\" \/>\n<meta property=\"og:locale\" content=\"es_MX\" \/>\n<meta property=\"og:type\" content=\"article\" \/>\n<meta property=\"og:title\" content=\"Abogado de Moho T\u00f3xico de San Diego - Thompson Injury Law - Thompson Injury Law \u2022 Espa\u00f1ol\" \/>\n<meta property=\"og:description\" content=\"Si ha sufrido una enfermedad, da\u00f1o a la propiedad u otras p\u00e9rdidas debido a una infestaci\u00f3n de moho t\u00f3xico, tiene derecho a tomar acci\u00f3n legal para obtener da\u00f1os monetarios. Ah\u00ed es donde entra Thompson Injury Law. Regularmente representamos a v\u00edctimas de exposici\u00f3n al moho t\u00f3xico y otros peligros ambientales en San Diego y en toda...\" \/>\n<meta property=\"og:url\" content=\"https:\/\/www.thompsoninjurylaw.com\/es\/abogado-de-moho-toxico-de-san-diego\/\" \/>\n<meta property=\"og:site_name\" content=\"Thompson Injury Law \u2022 Espa\u00f1ol\" \/>\n<meta property=\"article:modified_time\" content=\"2025-08-27T15:09:45+00:00\" \/>\n<meta name=\"twitter:card\" content=\"summary_large_image\" \/>\n<meta name=\"twitter:label1\" content=\"Est. reading time\" \/>\n\t<meta name=\"twitter:data1\" content=\"6 minutos\" \/>\n<script type=\"application\/ld+json\" class=\"yoast-schema-graph\">{\"@context\":\"https:\\\/\\\/schema.org\",\"@graph\":[{\"@type\":\"WebPage\",\"@id\":\"https:\\\/\\\/www.thompsoninjurylaw.com\\\/es\\\/abogado-de-moho-toxico-de-san-diego\\\/\",\"url\":\"https:\\\/\\\/www.thompsoninjurylaw.com\\\/es\\\/abogado-de-moho-toxico-de-san-diego\\\/\",\"name\":\"Abogado de Moho T\u00f3xico de San Diego - Thompson Injury Law - Thompson Injury Law \u2022 Espa\u00f1ol\",\"isPartOf\":{\"@id\":\"https:\\\/\\\/www.thompsoninjurylaw.com\\\/es\\\/#website\"},\"datePublished\":\"2025-08-27T15:09:43+00:00\",\"dateModified\":\"2025-08-27T15:09:45+00:00\",\"breadcrumb\":{\"@id\":\"https:\\\/\\\/www.thompsoninjurylaw.com\\\/es\\\/abogado-de-moho-toxico-de-san-diego\\\/#breadcrumb\"},\"inLanguage\":\"es\",\"potentialAction\":[{\"@type\":\"ReadAction\",\"target\":[\"https:\\\/\\\/www.thompsoninjurylaw.com\\\/es\\\/abogado-de-moho-toxico-de-san-diego\\\/\"]}]},{\"@type\":\"BreadcrumbList\",\"@id\":\"https:\\\/\\\/www.thompsoninjurylaw.com\\\/es\\\/abogado-de-moho-toxico-de-san-diego\\\/#breadcrumb\",\"itemListElement\":[{\"@type\":\"ListItem\",\"position\":1,\"name\":\"Home\",\"item\":\"https:\\\/\\\/www.thompsoninjurylaw.com\\\/es\\\/\"},{\"@type\":\"ListItem\",\"position\":2,\"name\":\"Abogado de Moho T\u00f3xico de San Diego &#8211; Thompson Injury Law\"}]},{\"@type\":\"WebSite\",\"@id\":\"https:\\\/\\\/www.thompsoninjurylaw.com\\\/es\\\/#website\",\"url\":\"https:\\\/\\\/www.thompsoninjurylaw.com\\\/es\\\/\",\"name\":\"Thompson Injury Law \u2022 Espa\u00f1ol\",\"description\":\"\",\"potentialAction\":[{\"@type\":\"SearchAction\",\"target\":{\"@type\":\"EntryPoint\",\"urlTemplate\":\"https:\\\/\\\/www.thompsoninjurylaw.com\\\/es\\\/?s={search_term_string}\"},\"query-input\":{\"@type\":\"PropertyValueSpecification\",\"valueRequired\":true,\"valueName\":\"search_term_string\"}}],\"inLanguage\":\"es\"}]}<\/script>\n<!-- \/ Yoast SEO plugin. -->","yoast_head_json":{"title":"Abogado de Moho T\u00f3xico de San Diego - Thompson Injury Law - Thompson Injury Law \u2022 Espa\u00f1ol","robots":{"index":"index","follow":"follow","max-snippet":"max-snippet:-1","max-image-preview":"max-image-preview:large","max-video-preview":"max-video-preview:-1"},"canonical":"https:\/\/www.thompsoninjurylaw.com\/es\/abogado-de-moho-toxico-de-san-diego\/","og_locale":"es_MX","og_type":"article","og_title":"Abogado de Moho T\u00f3xico de San Diego - Thompson Injury Law - Thompson Injury Law \u2022 Espa\u00f1ol","og_description":"Si ha sufrido una enfermedad, da\u00f1o a la propiedad u otras p\u00e9rdidas debido a una infestaci\u00f3n de moho t\u00f3xico, tiene derecho a tomar acci\u00f3n legal para obtener da\u00f1os monetarios. Ah\u00ed es donde entra Thompson Injury Law. Regularmente representamos a v\u00edctimas de exposici\u00f3n al moho t\u00f3xico y otros peligros ambientales en San Diego y en toda...","og_url":"https:\/\/www.thompsoninjurylaw.com\/es\/abogado-de-moho-toxico-de-san-diego\/","og_site_name":"Thompson Injury Law \u2022 Espa\u00f1ol","article_modified_time":"2025-08-27T15:09:45+00:00","twitter_card":"summary_large_image","twitter_misc":{"Est. reading time":"6 minutos"},"schema":{"@context":"https:\/\/schema.org","@graph":[{"@type":"WebPage","@id":"https:\/\/www.thompsoninjurylaw.com\/es\/abogado-de-moho-toxico-de-san-diego\/","url":"https:\/\/www.thompsoninjurylaw.com\/es\/abogado-de-moho-toxico-de-san-diego\/","name":"Abogado de Moho T\u00f3xico de San Diego - Thompson Injury Law - Thompson Injury Law \u2022 Espa\u00f1ol","isPartOf":{"@id":"https:\/\/www.thompsoninjurylaw.com\/es\/#website"},"datePublished":"2025-08-27T15:09:43+00:00","dateModified":"2025-08-27T15:09:45+00:00","breadcrumb":{"@id":"https:\/\/www.thompsoninjurylaw.com\/es\/abogado-de-moho-toxico-de-san-diego\/#breadcrumb"},"inLanguage":"es","potentialAction":[{"@type":"ReadAction","target":["https:\/\/www.thompsoninjurylaw.com\/es\/abogado-de-moho-toxico-de-san-diego\/"]}]},{"@type":"BreadcrumbList","@id":"https:\/\/www.thompsoninjurylaw.com\/es\/abogado-de-moho-toxico-de-san-diego\/#breadcrumb","itemListElement":[{"@type":"ListItem","position":1,"name":"Home","item":"https:\/\/www.thompsoninjurylaw.com\/es\/"},{"@type":"ListItem","position":2,"name":"Abogado de Moho T\u00f3xico de San Diego &#8211; Thompson Injury Law"}]},{"@type":"WebSite","@id":"https:\/\/www.thompsoninjurylaw.com\/es\/#website","url":"https:\/\/www.thompsoninjurylaw.com\/es\/","name":"Thompson Injury Law \u2022 Espa\u00f1ol","description":"","potentialAction":[{"@type":"SearchAction","target":{"@type":"EntryPoint","urlTemplate":"https:\/\/www.thompsoninjurylaw.com\/es\/?s={search_term_string}"},"query-input":{"@type":"PropertyValueSpecification","valueRequired":true,"valueName":"search_term_string"}}],"inLanguage":"es"}]}},"_links":{"self":[{"href":"https:\/\/www.thompsoninjurylaw.com\/es\/wp-json\/wp\/v2\/pages\/3493","targetHints":{"allow":["GET"]}}],"collection":[{"href":"https:\/\/www.thompsoninjurylaw.com\/es\/wp-json\/wp\/v2\/pages"}],"about":[{"href":"https:\/\/www.thompsoninjurylaw.com\/es\/wp-json\/wp\/v2\/types\/page"}],"author":[{"embeddable":true,"href":"https:\/\/www.thompsoninjurylaw.com\/es\/wp-json\/wp\/v2\/users\/2"}],"replies":[{"embeddable":true,"href":"https:\/\/www.thompsoninjurylaw.com\/es\/wp-json\/wp\/v2\/comments?post=3493"}],"version-history":[{"count":0,"href":"https:\/\/www.thompsoninjurylaw.com\/es\/wp-json\/wp\/v2\/pages\/3493\/revisions"}],"wp:attachment":[{"href":"https:\/\/www.thompsoninjurylaw.com\/es\/wp-json\/wp\/v2\/media?parent=3493"}],"curies":[{"name":"wp","href":"https:\/\/api.w.org\/{rel}","templated":true}]}}